{"id":4720,"date":"2019-05-20T15:33:18","date_gmt":"2019-05-20T19:33:18","guid":{"rendered":"https:\/\/bcntechserv.com\/home\/"},"modified":"2022-06-23T21:49:01","modified_gmt":"2022-06-23T21:49:01","slug":"home","status":"publish","type":"page","link":"https:\/\/bcntechserv.com\/es\/","title":{"rendered":"Home"},"content":{"rendered":"\n<h3>\n\t\tLAS PIEZAS DE PRENSA QUE NECESITA, CUANDO LAS NECESITA\n\t<\/h3>\n<h1>\n\t\tConf\u00ede en las Refacciones Originales de BCN, para sus Prensas de Estampado \n\t<\/h1>\n\t\t\t<a href=\"https:\/\/bcntechserv.com\/es\/contact\/\" target=\"_self\" role=\"button\" rel=\"noopener\">\n\t\t\t\t\t\t\tCont\u00e1ctenos\n\t\t\t\t\t<\/a>\n\t\t\t\t\t\t<a href=\"https:\/\/bcntechserv.com\/es\/about-us\/\" target=\"_self\" rel=\"noopener\">\n\t\t\t\t\t\t\t<img decoding=\"async\" src=\"https:\/\/bcntechserv.com\/wp-content\/uploads\/2022\/04\/all-icon.svg\" alt=\"all-icon\" \/>\n\t\t\t\t\t\t<\/a>\n\t\t\t<h4>Todas las piezas fabricadas en base a los planos originales OEM<\/h4>\n\t\t\t<p>Somos el \u00fanico proveedor que fabrica piezas a partir de los dibujos originales para garantizar que sus piezas sean las adecuadas y funcionen correctamente.<\/p>\t\t\n\t\t\t\t\n\t\t\t\t\t<a href=\"https:\/\/bcntechserv.com\/es\/about-us\/\" role=\"button\" target=\"_self\" rel=\"noopener\">\n\t\t\t\t\t\tExplorar \u203a\t\t\t\t\t<\/a>\n\t\t\t\t\n\t\t\t\t\t\t\t<img decoding=\"async\" src=\"https:\/\/bcntechserv.com\/wp-content\/uploads\/2022\/04\/thousands-icon.svg\" alt=\"thousands-icon\" \/>\n\t\t\t<h4>Miles de piezas en stock y listas para ser enviadas<\/h4>\n\t\t\t<p>Con 700.000 piezas de prensa almacenadas en nuestras instalaciones en Hastings, Michigan, lo mantendremos en funcionamiento.Encuentre refacciones para prensas Bliss, Clearing, Niagara y m\u00e1s.<\/p>\t\t\n\t\t\t\t\t\t<a href=\"\/es\/como-solicitar-una-cotizacion-en-linea\/\" target=\"_self\" rel=\"noopener\">\n\t\t\t\t\t\t\t<img decoding=\"async\" src=\"https:\/\/bcntechserv.com\/wp-content\/uploads\/2022\/04\/easy-icon.svg\" alt=\"easy-icon\" \/>\n\t\t\t\t\t\t<\/a>\n\t\t\t<h4>\u00a1Nuevo! Solicite Refacciones para prensas 1831 en l\u00ednea<\/h4>\n\t\t\t<p>Con solo unos pocos clics, env\u00ede una solicitud de cotizaci\u00f3n para piezas Bliss 1831 y compre f\u00e1cilmente, iniciando sesi\u00f3n en su cuenta.<\/p>\t\t\n\t\t\t\t\n\t\t\t\t\t<a href=\"\/es\/como-solicitar-una-cotizacion-en-linea\/\" role=\"button\" target=\"_self\" rel=\"noopener\">\n\t\t\t\t\t\tExplorar \u203a\t\t\t\t\t<\/a>\n\t\t\t\t\n\t\t\t\t<img loading=\"lazy\" decoding=\"async\" src=\"https:\/\/bcntechserv.com\/wp-content\/uploads\/2022\/05\/sai-global-high-res-logo-300x66-1.png\" alt=\"sai-global-high-res-logo-300x66\" itemprop=\"image\" height=\"66\" width=\"300\" title=\"sai-global-high-res-logo-300x66\" onerror=\"this.style.display='none'\"  \/>\n\t\t\n\t\t<p>Certificaci\u00f3n ISO 9001 para un Sistema de Gesti\u00f3n de Calidad<\/p>\n\t\t\t<a href=\"\/wp-content\/uploads\/2022\/05\/ISO9001-thru2022.pdf\" target=\"_self\" role=\"button\" rel=\"noopener\">\n\t\t\t\t\t\t\tDescargar certificado \u203a\n\t\t\t\t\t<\/a>\n\t\t\t<img decoding=\"async\" loading='false' src=\"https:\/\/bcntechserv.com\/wp-content\/uploads\/2022\/05\/TP1_ClearingPage-1024x768.jpg\" alt=\"\" \/>\t\t\t\n\t\t\t\t<h4>LA MAYOR\u00cdA DE LOS MODELOS EN STOCK<\/h4><h2>Elimine el tiempo de inactividad con el programa Torc Pac Exchange<\/h2>\n<p>Conozca la soluci\u00f3n rentable para minimizar el tiempo de inactividad de los usuarios de Torc Pac.<\/p>\n<p><a href=\"https:\/\/bcntechserv.com\/es\/contact-us-for-an-exchange-quote-on-your-torc-pac-model-to-view-manuals-and-parts-for-all-models-click-here\/\">Explorar \u203a<\/a><\/p>\n<img decoding=\"async\" loading='false' src=\"https:\/\/bcntechserv.com\/wp-content\/uploads\/2022\/05\/TP1_ClearingPage-1024x768.jpg\" alt=\"\" \/>\t\t\t\n\t\t\t<img decoding=\"async\" loading='false' src=\"https:\/\/bcntechserv.com\/wp-content\/uploads\/2022\/05\/1831-1024x635.jpg\" alt=\"\" \/>\t\t\t\n\t\t\t\t<h4>F\u00c1CIL PEDIDO DE PIEZAS<\/h4><h2>Pedir piezas de prensa Bliss 1831<\/h2>\n<p>Solicite un presupuesto para piezas de prensa Bliss 1831, con solo unos pocos clics, y compre f\u00e1cilmente, iniciando sesi\u00f3n en su cuenta.<\/p>\n<p><a href=\"\/es\/collection\/bliss-model-1831-plates-1-12\/\">Explorar \u203a<\/a><\/p>\n<img decoding=\"async\" loading='false' src=\"https:\/\/bcntechserv.com\/wp-content\/uploads\/2022\/05\/1831-1024x635.jpg\" alt=\"\" \/>\t\t\t\n\t\t\t<img decoding=\"async\" loading='false' src=\"https:\/\/bcntechserv.com\/wp-content\/uploads\/2022\/05\/Before_After.jpg\" alt=\"\" \/>\t\t\t\n\t\t\t\t<h4>SERVICIO DE PRENSAS Y REPARACI\u00d3N<\/h4><h2>Aumente la productividad con una modernizaci\u00f3n de su prensa<\/h2>\n<p>Realizamos modernizaciones completas de equipos de prensa de todo tipo y marca.<\/p>\n<p><a href=\"https:\/\/bcntechserv.com\/es\/rebuilds-modernizations-upgrades\">Explorar \u203a<\/a><\/p>\n<img decoding=\"async\" loading='false' src=\"https:\/\/bcntechserv.com\/wp-content\/uploads\/2022\/05\/Before_After.jpg\" alt=\"\" \/>\t\t\t\n\t\t\t\t<a href=\"#\" aria-label=\"previous\" role=\"button\">\n<\/a>\n\t\t\t\t<a href=\"#\" aria-label=\"next\" role=\"button\">\n<\/a>\n<h2>\n\t\tPiezas OEM para Bliss, Clearing y Niagara\n\t<\/h2>\n\t\t\t\t<img decoding=\"async\" src=\"https:\/\/bcntechserv.com\/wp-content\/uploads\/2022\/04\/Bliss.svg\" alt=\"Bliss\" itemprop=\"image\" height=\"84px\" width=\"198px\" title=\"Bliss\" onerror=\"this.style.display='none'\"  \/>\n\t<p>Pionera en equipos de formado de metales y producci\u00f3n en masa de piezas met\u00e1licas, Bliss posee millones de dibujos de prensa originales, que respaldan las m\u00e1quinas que operan en muchas de las f\u00e1bricas de municiones y talleres de prensa de la actualidad. Tenemos refacciones, manuales originales, servicio y reparaci\u00f3n de prensas Bliss.<\/p>\n<a href=\"https:\/\/bcntechserv.com\/es\/about-bliss\/\">Leer m\u00e1s \u203a<\/a>\n\t\t\t\t<img decoding=\"async\" src=\"https:\/\/bcntechserv.com\/wp-content\/uploads\/2022\/04\/Clearing.svg\" alt=\"Clearing\" itemprop=\"image\" height=\"26px\" width=\"242px\" title=\"Clearing\" onerror=\"this.style.display='none'\"  \/>\n\t<p>Como uno de los principales fabricantes mundiales de prensas de formado de metal, Clearing tiene una larga historia de innovaci\u00f3n, una reputaci\u00f3n de calidad en el dise\u00f1o y la fabricaci\u00f3n de prensas mec\u00e1nicas e hidr\u00e1ulicas. Solicite un presupuesto de refacciones para prensas Clearing, y encuentre manuales de prensas Clearing originales, a trav\u00e9s de Servicios T\u00e9cnicos BCN.<\/p>\n<p><a href=\"https:\/\/bcntechserv.com\/es\/about-clearing\/\">Leer m\u00e1s \u203a<\/a><\/p>\n\t\t\t\t<img decoding=\"async\" src=\"https:\/\/bcntechserv.com\/wp-content\/uploads\/2022\/04\/Niagara.svg\" alt=\"Niagara\" itemprop=\"image\" height=\"46px\" width=\"215px\" title=\"Niagara\" onerror=\"this.style.display='none'\"  \/>\n\t<p>Uno de los fabricantes estadounidenses de mayor trayectoria, el nombre Niagara es sin\u00f3nimo de dise\u00f1o y la producci\u00f3n de prensas mec\u00e1nicas e hidr\u00e1ulicas, frenos y refacciones de alta calidad. Podemos ayudarlo a encontrar refacciones para las prensas Niagara, acceder a los manuales originales de las prensas Niagara, y programar el servicio y reparaci\u00f3n de las prensas Niagara.<\/p>\n<p><a href=\"https:\/\/bcntechserv.com\/es\/about-niagara\/\">Leer m\u00e1s \u203a<\/a><\/p>\n<h2>\n\t\tRecursos para encontrar las piezas que necesita\n\t<\/h2>\n\t<p>Agregamos continuamente refacciones a nuestro sitio web, pero con miles de partes, no todas est\u00e1n en l\u00ednea. Puede ver las p\u00e1ginas de un manual en l\u00ednea utilizando la navegaci\u00f3n por fabricante y luego contactarnos, para solicitar una cotizaci\u00f3n. Para las piezas de desgaste (prensa 1831), puede solicitar directamente una cotizaci\u00f3n en l\u00ednea. Si no encuentra lo que est\u00e1 buscando, pruebe estos \u00fatiles recursos.<\/p>\n<p><a href=\"\/es\/contact\/\">Conectar con un especialista en soporte<\/a><\/p>\n<p><a href=\"\/es\/purchase-oem-manuals\/\">Compra un manual completo<\/a><\/p>\n<p><a href=\"\/es\/engineering\/\">Cont\u00e1ctenos sobre ingenier\u00eda personalizada<\/a><\/p>\n<p><a href=\"\/es\/como-solicitar-una-cotizacion-en-linea\/\">Aprenda como solicitar una cotizaci\u00f3n en l\u00ednea (Bliss 1831)<\/a><\/p>\n\t\t\t\t<img loading=\"lazy\" decoding=\"async\" src=\"https:\/\/bcntechserv.com\/wp-content\/uploads\/2022\/05\/ipad_220516.png\" alt=\"ipad_220516\" itemprop=\"image\" height=\"2516\" width=\"2000\" title=\"ipad_220516\" onerror=\"this.style.display='none'\"  \/>\n\t\t\t\t<img loading=\"lazy\" decoding=\"async\" src=\"https:\/\/bcntechserv.com\/wp-content\/uploads\/2022\/05\/1831BeforeAfter.jpg\" alt=\"1831BeforeAfter\" itemprop=\"image\" height=\"1013\" width=\"1800\" title=\"1831BeforeAfter\" onerror=\"this.style.display='none'\"  \/>\n<h2>\n\t\tModernizaciones, Servicio y Reparaci\u00f3n de Prensas\n\t<\/h2>\n\t<p>Ofrecemos una amplia gama de servicios de prensa, para evitar el tiempo de inactividad y volver a ponerlo en funcionamiento, cuando necesite reparaciones, incluido el soporte de emergencia las 24 horas, los 7 d\u00edas de la semana:<\/p>\n<p><a href=\"https:\/\/bcntechserv.com\/es\/field-service-inspections-maintenance\/\">Servicio de Campo, Inspecciones y Mantenimiento\u00a0<\/a><\/p>\n<p><a href=\"es\/rebuilds-modernizations-upgrades\/\">Reconstrucciones, Actualizaciones y Modernizaciones<\/a><\/p>\n<p><a href=\"https:\/\/bcntechserv.com\/es\/engineering\/\">Ingenier\u00eda\u00a0<\/a><\/p>\n<p>&nbsp;<\/p>\n\t\t\t<a href=\"\/es\/contact\/\" target=\"_self\" role=\"button\" rel=\"noopener\">\n\t\t\t\t\t\t\tCont\u00e1ctenos\n\t\t\t\t\t<\/a>\n<h2>\n\t\tReg\u00edstrese para recibir actualizaciones e informaci\u00f3n importante de ANDRITZ BCN, Inc..\n\t<\/h2>\n\t\t\t<a href=\"\/es\/email-newsletter-opt-in\/\" target=\"_self\" role=\"button\" rel=\"noopener\">\n\t\t\t\t\t\t\tSuscr\u00edbase ahora\n\t\t\t\t\t<\/a>\n<h2>\n\t\tANDRITZ BCN, Inc. es su proveedor de repuestos para muchos tipos diferentes de prensas\n\t<\/h2>\n\t\t\t<h4>Prensa punzonar<\/h4>\n\t\t\t<p>Una prensa utilizada para perforar agujeros y hacer cortes en lamina. Puede ser peque\u00f1o y manual con un solo juego de troqueles.<\/p>\t\t\n\t\t\t<h4>Prensa de estampado<\/h4>\n\t\t\t<p>Una m\u00e1quina para trabajar metales para cortar, troquelar o dar forma al metal con un troquel.<\/p>\t\t\n\t\t\t<h4>Prensa mec\u00e1nica<\/h4>\n\t\t\t<p>Una prensa utilizada para modificar la forma de una pieza de trabajo mediante presi\u00f3n. Estas prensas generan tonelaje ya sea por cig\u00fce\u00f1al o por engranajes exc\u00e9ntricos.<\/p>\t\t\n\t\t\t<h4>Prensa hidr\u00e1ulica<\/h4>\n\t\t\t<p>Prensa mec\u00e1nica que utiliza cilindros hidr\u00e1ulicos para comprimir y formar piezas en lamina.<\/p>\t\t\n\t\t\t<h4>Prensa de forja<\/h4>\n\t\t\t<p>Prensa mec\u00e1nica que utiliza presi\u00f3n mec\u00e1nica o hidr\u00e1ulica para dar forma al metal entre dos troqueles.<\/p>\t\t\n\t\t\t<h4>Prensa exc\u00e9ntrica<\/h4>\n\t\t\t<p>Una herramienta para presionar una pieza de trabajo en una forma deseada a trav\u00e9s de una variedad de impactos.<\/p>\t\t\n\t\t\t<h4>Prensa de brecha<\/h4>\n\t\t\t<p>Tambi\u00e9n llamada prensa de marco en C, esta m\u00e1quina puede ser una prensa inclinable de respaldo abierto o una prensa recta de respaldo abierto.<\/p>\t\t\n\t\t\t<h4>Prensa OBI<\/h4>\n\t\t\t<p>Una prensa inclinable de respaldo abierto (OBI) es una prensa de una sola manivela, ya sea con volante o con un solo engranaje. Algunos suelen utilizar Torc Pacs para sus embragues.<\/p>\t\t\n\t\t\t<h4>Prensa KJ (Knuckle Joint Press)<\/h4>\n\t\t\t<p>Junta mec\u00e1nica utilizada para conectar dos varillas cuando se aplica tensi\u00f3n y se requiere cierto grado de flexibilidad.<\/p>\t\t\n\t\t\t<h4>Prensa de enlatado<\/h4>\n\t\t\t<p>Prensas mec\u00e1nicas de alta velocidad utilizadas para la producci\u00f3n de latas de metal en la industria alimentaria. Vienen con alimentador, transportador, rizador y cajas de engranajes.<\/p>\t\t\n\t\t\t<h4>Cortadoras<\/h4>\n\t\t\t<p>M\u00e1quinas mec\u00e1nicas de corte utilizadas para cortar varios calibres de placas.<\/p>\t\t\n\n","protected":false},"excerpt":{"rendered":"<p>LAS PIEZAS DE PRENSA QUE NECESITA, CUANDO LAS NECESITA Conf\u00ede en las Refacciones Originales de BCN, para sus Prensas de Estampado Cont\u00e1ctenos Todas las piezas fabricadas en base a los planos originales OEM Somos el \u00fanico proveedor que fabrica piezas a partir de los dibujos originales para garantizar que sus piezas sean las adecuadas y&hellip;<\/p>\n","protected":false},"author":1,"featured_media":0,"parent":0,"menu_order":0,"comment_status":"closed","ping_status":"closed","template":"","meta":{"_acf_changed":false,"footnotes":""},"class_list":["post-4720","page","type-page","status-publish","hentry"],"acf":[],"yoast_head":"<!-- This site is optimized with the Yoast SEO plugin v27.4 - https:\/\/yoast.com\/product\/yoast-seo-wordpress\/ -->\n<title>Servicios T\u00e9cnicos de BCN<\/title>\n<meta name=\"description\" content=\"Somos el \u00fanico proveedor que fabrica piezas a partir de los dibujos originales para garantizar que sus piezas funcionen correctamente.\" \/>\n<meta name=\"robots\" content=\"index, follow, max-snippet:-1, max-image-preview:large, max-video-preview:-1\" \/>\n<link rel=\"canonical\" href=\"https:\/\/bcntechserv.com\/es\/\" \/>\n<meta property=\"og:locale\" content=\"es_ES\" \/>\n<meta property=\"og:type\" content=\"article\" \/>\n<meta property=\"og:title\" content=\"Servicios T\u00e9cnicos de BCN\" \/>\n<meta property=\"og:description\" content=\"Somos el \u00fanico proveedor que fabrica piezas a partir de los dibujos originales para garantizar que sus piezas funcionen correctamente.\" \/>\n<meta property=\"og:url\" content=\"https:\/\/bcntechserv.com\/es\/\" \/>\n<meta property=\"og:site_name\" content=\"ANDRITZ BCN, Inc.\" \/>\n<meta property=\"article:modified_time\" content=\"2022-06-23T21:49:01+00:00\" \/>\n<meta property=\"og:image\" content=\"https:\/\/bcntechserv.com\/wp-content\/uploads\/2022\/04\/all-icon.svg\" \/>\n<meta name=\"twitter:card\" content=\"summary_large_image\" \/>\n<meta name=\"twitter:label1\" content=\"Tiempo de lectura\" \/>\n\t<meta name=\"twitter:data1\" content=\"5 minutos\" \/>\n<script type=\"application\/ld+json\" class=\"yoast-schema-graph\">{\"@context\":\"https:\\\/\\\/schema.org\",\"@graph\":[{\"@type\":\"WebPage\",\"@id\":\"https:\\\/\\\/bcntechserv.com\\\/es\\\/\",\"url\":\"https:\\\/\\\/bcntechserv.com\\\/es\\\/\",\"name\":\"Servicios T\u00e9cnicos de BCN\",\"isPartOf\":{\"@id\":\"https:\\\/\\\/bcntechserv.com\\\/#website\"},\"primaryImageOfPage\":{\"@id\":\"https:\\\/\\\/bcntechserv.com\\\/es\\\/#primaryimage\"},\"image\":{\"@id\":\"https:\\\/\\\/bcntechserv.com\\\/es\\\/#primaryimage\"},\"thumbnailUrl\":\"https:\\\/\\\/bcntechserv.com\\\/wp-content\\\/uploads\\\/2022\\\/04\\\/all-icon.svg\",\"datePublished\":\"2019-05-20T19:33:18+00:00\",\"dateModified\":\"2022-06-23T21:49:01+00:00\",\"description\":\"Somos el \u00fanico proveedor que fabrica piezas a partir de los dibujos originales para garantizar que sus piezas funcionen correctamente.\",\"breadcrumb\":{\"@id\":\"https:\\\/\\\/bcntechserv.com\\\/es\\\/#breadcrumb\"},\"inLanguage\":\"es\",\"potentialAction\":[{\"@type\":\"ReadAction\",\"target\":[\"https:\\\/\\\/bcntechserv.com\\\/es\\\/\"]}]},{\"@type\":\"ImageObject\",\"inLanguage\":\"es\",\"@id\":\"https:\\\/\\\/bcntechserv.com\\\/es\\\/#primaryimage\",\"url\":\"https:\\\/\\\/bcntechserv.com\\\/wp-content\\\/uploads\\\/2022\\\/04\\\/all-icon.svg\",\"contentUrl\":\"https:\\\/\\\/bcntechserv.com\\\/wp-content\\\/uploads\\\/2022\\\/04\\\/all-icon.svg\"},{\"@type\":\"BreadcrumbList\",\"@id\":\"https:\\\/\\\/bcntechserv.com\\\/es\\\/#breadcrumb\",\"itemListElement\":[{\"@type\":\"ListItem\",\"position\":1,\"name\":\"Home\",\"item\":\"https:\\\/\\\/bcntechserv.com\\\/es\\\/\"},{\"@type\":\"ListItem\",\"position\":2,\"name\":\"Home\"}]},{\"@type\":\"WebSite\",\"@id\":\"https:\\\/\\\/bcntechserv.com\\\/#website\",\"url\":\"https:\\\/\\\/bcntechserv.com\\\/\",\"name\":\"ANDRITZ BCN, Inc.\",\"description\":\"\",\"publisher\":{\"@id\":\"https:\\\/\\\/bcntechserv.com\\\/#organization\"},\"potentialAction\":[{\"@type\":\"SearchAction\",\"target\":{\"@type\":\"EntryPoint\",\"urlTemplate\":\"https:\\\/\\\/bcntechserv.com\\\/?s={search_term_string}\"},\"query-input\":{\"@type\":\"PropertyValueSpecification\",\"valueRequired\":true,\"valueName\":\"search_term_string\"}}],\"inLanguage\":\"es\"},{\"@type\":\"Organization\",\"@id\":\"https:\\\/\\\/bcntechserv.com\\\/#organization\",\"name\":\"ANDRITZ BCN, Inc.\",\"url\":\"https:\\\/\\\/bcntechserv.com\\\/\",\"logo\":{\"@type\":\"ImageObject\",\"inLanguage\":\"es\",\"@id\":\"https:\\\/\\\/bcntechserv.com\\\/#\\\/schema\\\/logo\\\/image\\\/\",\"url\":\"https:\\\/\\\/bcntechserv.com\\\/wp-content\\\/uploads\\\/2025\\\/07\\\/andritz-1.svg\",\"contentUrl\":\"https:\\\/\\\/bcntechserv.com\\\/wp-content\\\/uploads\\\/2025\\\/07\\\/andritz-1.svg\",\"width\":1,\"height\":1,\"caption\":\"ANDRITZ BCN, Inc.\"},\"image\":{\"@id\":\"https:\\\/\\\/bcntechserv.com\\\/#\\\/schema\\\/logo\\\/image\\\/\"},\"sameAs\":[\"https:\\\/\\\/www.linkedin.com\\\/company\\\/bcntechnicalservices\"]}]}<\/script>\n<!-- \/ Yoast SEO plugin. -->","yoast_head_json":{"title":"Servicios T\u00e9cnicos de BCN","description":"Somos el \u00fanico proveedor que fabrica piezas a partir de los dibujos originales para garantizar que sus piezas funcionen correctamente.","robots":{"index":"index","follow":"follow","max-snippet":"max-snippet:-1","max-image-preview":"max-image-preview:large","max-video-preview":"max-video-preview:-1"},"canonical":"https:\/\/bcntechserv.com\/es\/","og_locale":"es_ES","og_type":"article","og_title":"Servicios T\u00e9cnicos de BCN","og_description":"Somos el \u00fanico proveedor que fabrica piezas a partir de los dibujos originales para garantizar que sus piezas funcionen correctamente.","og_url":"https:\/\/bcntechserv.com\/es\/","og_site_name":"ANDRITZ BCN, Inc.","article_modified_time":"2022-06-23T21:49:01+00:00","og_image":[{"url":"https:\/\/bcntechserv.com\/wp-content\/uploads\/2022\/04\/all-icon.svg","type":"","width":"","height":""}],"twitter_card":"summary_large_image","twitter_misc":{"Tiempo de lectura":"5 minutos"},"schema":{"@context":"https:\/\/schema.org","@graph":[{"@type":"WebPage","@id":"https:\/\/bcntechserv.com\/es\/","url":"https:\/\/bcntechserv.com\/es\/","name":"Servicios T\u00e9cnicos de BCN","isPartOf":{"@id":"https:\/\/bcntechserv.com\/#website"},"primaryImageOfPage":{"@id":"https:\/\/bcntechserv.com\/es\/#primaryimage"},"image":{"@id":"https:\/\/bcntechserv.com\/es\/#primaryimage"},"thumbnailUrl":"https:\/\/bcntechserv.com\/wp-content\/uploads\/2022\/04\/all-icon.svg","datePublished":"2019-05-20T19:33:18+00:00","dateModified":"2022-06-23T21:49:01+00:00","description":"Somos el \u00fanico proveedor que fabrica piezas a partir de los dibujos originales para garantizar que sus piezas funcionen correctamente.","breadcrumb":{"@id":"https:\/\/bcntechserv.com\/es\/#breadcrumb"},"inLanguage":"es","potentialAction":[{"@type":"ReadAction","target":["https:\/\/bcntechserv.com\/es\/"]}]},{"@type":"ImageObject","inLanguage":"es","@id":"https:\/\/bcntechserv.com\/es\/#primaryimage","url":"https:\/\/bcntechserv.com\/wp-content\/uploads\/2022\/04\/all-icon.svg","contentUrl":"https:\/\/bcntechserv.com\/wp-content\/uploads\/2022\/04\/all-icon.svg"},{"@type":"BreadcrumbList","@id":"https:\/\/bcntechserv.com\/es\/#breadcrumb","itemListElement":[{"@type":"ListItem","position":1,"name":"Home","item":"https:\/\/bcntechserv.com\/es\/"},{"@type":"ListItem","position":2,"name":"Home"}]},{"@type":"WebSite","@id":"https:\/\/bcntechserv.com\/#website","url":"https:\/\/bcntechserv.com\/","name":"ANDRITZ BCN, Inc.","description":"","publisher":{"@id":"https:\/\/bcntechserv.com\/#organization"},"potentialAction":[{"@type":"SearchAction","target":{"@type":"EntryPoint","urlTemplate":"https:\/\/bcntechserv.com\/?s={search_term_string}"},"query-input":{"@type":"PropertyValueSpecification","valueRequired":true,"valueName":"search_term_string"}}],"inLanguage":"es"},{"@type":"Organization","@id":"https:\/\/bcntechserv.com\/#organization","name":"ANDRITZ BCN, Inc.","url":"https:\/\/bcntechserv.com\/","logo":{"@type":"ImageObject","inLanguage":"es","@id":"https:\/\/bcntechserv.com\/#\/schema\/logo\/image\/","url":"https:\/\/bcntechserv.com\/wp-content\/uploads\/2025\/07\/andritz-1.svg","contentUrl":"https:\/\/bcntechserv.com\/wp-content\/uploads\/2025\/07\/andritz-1.svg","width":1,"height":1,"caption":"ANDRITZ BCN, Inc."},"image":{"@id":"https:\/\/bcntechserv.com\/#\/schema\/logo\/image\/"},"sameAs":["https:\/\/www.linkedin.com\/company\/bcntechnicalservices"]}]}},"_links":{"self":[{"href":"https:\/\/bcntechserv.com\/es\/wp-json\/wp\/v2\/pages\/4720","targetHints":{"allow":["GET"]}}],"collection":[{"href":"https:\/\/bcntechserv.com\/es\/wp-json\/wp\/v2\/pages"}],"about":[{"href":"https:\/\/bcntechserv.com\/es\/wp-json\/wp\/v2\/types\/page"}],"author":[{"embeddable":true,"href":"https:\/\/bcntechserv.com\/es\/wp-json\/wp\/v2\/users\/1"}],"replies":[{"embeddable":true,"href":"https:\/\/bcntechserv.com\/es\/wp-json\/wp\/v2\/comments?post=4720"}],"version-history":[{"count":0,"href":"https:\/\/bcntechserv.com\/es\/wp-json\/wp\/v2\/pages\/4720\/revisions"}],"wp:attachment":[{"href":"https:\/\/bcntechserv.com\/es\/wp-json\/wp\/v2\/media?parent=4720"}],"curies":[{"name":"wp","href":"https:\/\/api.w.org\/{rel}","templated":true}]}}