{"id":4727,"date":"2022-04-08T19:50:19","date_gmt":"2022-04-08T23:50:19","guid":{"rendered":"https:\/\/bcntechserv.com\/about-bliss\/"},"modified":"2022-06-24T14:37:44","modified_gmt":"2022-06-24T14:37:44","slug":"about-bliss","status":"publish","type":"page","link":"https:\/\/bcntechserv.com\/es\/about-bliss\/","title":{"rendered":"Sobre Bliss"},"content":{"rendered":"\n<h3>\n\t\tFABRICANTES DE PRENSAS\n\t<\/h3>\n<h1>\n\t\tPiezas de Prensa Bliss\n\t<\/h1>\n\t\t\t<a href=\"https:\/\/bcntechserv.com\/es\/contact\/\" target=\"_self\" role=\"button\" rel=\"noopener\">\n\t\t\t\t\t\t\tCont\u00e1ctenos\n\t\t\t\t\t<\/a>\n<h2>\n\t\tRefacciones Originales Bliss Su Recurso de Confianza\n\t<\/h2>\n\t<p>Bliss se convirti\u00f3 en el l\u00edder fabricante de equipos de en formado de metales, y producci\u00f3n en masa de piezas de metal durante el <sup>siglo <\/sup>XX. Hoy en d\u00eda, Bliss tiene millones de dibujos de prensa originales que respaldan las m\u00e1quinas que operan en muchos de los talleres de prensa y f\u00e1bricas de municiones de la actualidad.<\/p>\n<p>Necesita refacciones Bliss para una reparaci\u00f3n de emergencia o repuestos para tener a la mano, lo tenemos cubierto. Nuestras piezas se fabrican utilizando especificaciones de dibujo originales. Las piezas entregadas por ANDRITZ BCN, Inc. tambi\u00e9n est\u00e1n cubiertas por una <a href=\"https:\/\/bcntechserv.com\/es\/warranties\/\">Garant\u00eda de bienes y servicios de un a\u00f1o.<\/a><\/p>\n<p>&nbsp;<\/p>\n\t<ul>\n<li>Bliss es propietario de los derechos de fabricaci\u00f3n de piezas originales<\/li>\n<li>Todas las piezas son de origen estadounidense y las mejores de su clase<\/li>\n<li>Somos tambi\u00e9n especialistas en servicios de reparaci\u00f3n y modernizaci\u00f3n de prensas y componentes<\/li>\n<\/ul>\n<h2>\n\t\t\u00bfPor qu\u00e9 usar refacciones originales de Bliss?\n\t<\/h2>\n<h3>\n\t\tGarant\u00eda de bienes y servicios\n\t<\/h3>\n\t<p>Compre refacciones para prensas Bliss con confianza en ANDRITZ BCN, Inc.. Garantizamos en el momento de la entrega que los productos estar\u00e1n libres de defectos en materiales y mano de obra. Realizaremos los servicios de manera r\u00e1pida, profesional y eficiente. Consulte nuestra <a href=\"https:\/\/bcntechserv.com\/es\/warranties\/\">Garant\u00eda de bienes y servicios<\/a> para obtener m\u00e1s informaci\u00f3n.<\/p>\n<h3>\n\t\tEspecificaciones originales OEM\n\t<\/h3>\n\t<p>Las piezas de repuesto para las prensas Bliss, se fabrican seg\u00fan las especificaciones originales del fabricante, a partir de registros mantenidos por n\u00famero de serie. Contamos con dibujos originales, experiencia en fabricaci\u00f3n y la experiencia de un equipo de ingenier\u00eda que conoce su prensa Bliss por dentro y por fuera.<\/p>\n<h3>\n\t\tEntrega\n\t<\/h3>\n\t<p>ANDRITZ BCN, Inc. tiene un inventario extenso de refacciones originales m\u00e1s solicitadas en nuestras instalaciones en Hastings, Michigan, donde tiene a la mano un cat\u00e1logo de m\u00e1s de varios miles de piezas y repuestos cr\u00edticos listos para enviar para prensas. Nuestro personal experimentado se dedica a proporcionar piezas cr\u00edticas r\u00e1pidamente para que pueda evitar reparaciones retrasadas, productividad debilitada y p\u00e9rdida de ingresos.<\/p>\n<h5>\n\t\tNUEVO\n\t<\/h5>\n<h2>\n\t\tEnv\u00ede su solicitud de cotizaci\u00f3n de piezas Bliss 1831 en l\u00ednea\n\t<\/h2>\n\t<p>Solicite una cotizaci\u00f3n de piezas Bliss 1831 con solo unos pocos clics y compre f\u00e1cilmente iniciando sesi\u00f3n en su cuenta.<\/p>\n<a href=\"\/es\/collection\/bliss-model-1831-plates-1-12\/\">M\u00e1s informaci\u00f3n  \u203a<\/a>\n\t\t\t\t<img loading=\"lazy\" decoding=\"async\" src=\"https:\/\/bcntechserv.com\/wp-content\/uploads\/2022\/05\/ipad_220516.png\" alt=\"ipad_220516\" itemprop=\"image\" height=\"2516\" width=\"2000\" title=\"ipad_220516\" onerror=\"this.style.display='none'\"  \/>\n\t\t\t\t<img loading=\"lazy\" decoding=\"async\" src=\"https:\/\/bcntechserv.com\/wp-content\/uploads\/2022\/04\/1831.jpg\" alt=\"1831\" itemprop=\"image\" height=\"1241\" width=\"2000\" title=\"1831\" onerror=\"this.style.display='none'\"  \/>\n<h2>\n\t\tMinimice el tiempo de inactividad de su prensa Bliss 1831\n\t<\/h2>\n\t<p>Nuestro programa de intercambio de prensa Bliss 1831 es una soluci\u00f3n rentable para minimizar el tiempo de inactividad para los usuarios de prensas 1831. BCN enviar\u00e1 una prensa remanufacturada a sus instalaciones; todo lo que tiene que hacer es enviarnos su marco desnudo una vez que se haya instalado la prensa de intercambio.<\/p>\n<a href=\"#1\">M\u00e1s informaci\u00f3n  \u203a <\/a>\n<h2>\n\t\tReg\u00edstrese para recibir actualizaciones e informaci\u00f3n importante de ANDRITZ BCN, Inc.\n\t<\/h2>\n\t\t\t<a href=\"\/es\/email-newsletter-opt-in\/\" target=\"_self\" role=\"button\" rel=\"noopener\">\n\t\t\t\t\t\t\tSuscr\u00edbase ahora\n\t\t\t\t\t<\/a>\n\n","protected":false},"excerpt":{"rendered":"<p>FABRICANTES DE PRENSAS Piezas de Prensa Bliss Cont\u00e1ctenos Refacciones Originales Bliss Su Recurso de Confianza Bliss se convirti\u00f3 en el l\u00edder fabricante de equipos de en formado de metales, y producci\u00f3n en masa de piezas de metal durante el siglo XX. Hoy en d\u00eda, Bliss tiene millones de dibujos de prensa originales que respaldan las&hellip;<\/p>\n","protected":false},"author":1,"featured_media":0,"parent":0,"menu_order":0,"comment_status":"closed","ping_status":"closed","template":"","meta":{"_acf_changed":false,"footnotes":""},"class_list":["post-4727","page","type-page","status-publish","hentry"],"acf":[],"yoast_head":"<!-- This site is optimized with the Yoast SEO plugin v27.5 - https:\/\/yoast.com\/product\/yoast-seo-wordpress\/ -->\n<title>Sobre Bliss | Servicios T\u00e9cnicos de BCN<\/title>\n<meta name=\"description\" content=\"Si necesita repuestos Bliss para una reparaci\u00f3n de emergencia o repuestos para tener a mano, lo tenemos cubierto.\" \/>\n<meta name=\"robots\" content=\"index, follow, max-snippet:-1, max-image-preview:large, max-video-preview:-1\" \/>\n<link rel=\"canonical\" href=\"https:\/\/bcntechserv.com\/es\/about-bliss\/\" \/>\n<meta property=\"og:locale\" content=\"es_ES\" \/>\n<meta property=\"og:type\" content=\"article\" \/>\n<meta property=\"og:title\" content=\"Sobre Bliss | Servicios T\u00e9cnicos de BCN\" \/>\n<meta property=\"og:description\" content=\"Si necesita repuestos Bliss para una reparaci\u00f3n de emergencia o repuestos para tener a mano, lo tenemos cubierto.\" \/>\n<meta property=\"og:url\" content=\"https:\/\/bcntechserv.com\/es\/about-bliss\/\" \/>\n<meta property=\"og:site_name\" content=\"ANDRITZ BCN, Inc.\" \/>\n<meta property=\"article:modified_time\" content=\"2022-06-24T14:37:44+00:00\" \/>\n<meta property=\"og:image\" content=\"https:\/\/bcntechserv.com\/wp-content\/uploads\/2022\/05\/ipad_220516.png\" \/>\n<meta name=\"twitter:card\" content=\"summary_large_image\" \/>\n<meta name=\"twitter:label1\" content=\"Tiempo de lectura\" \/>\n\t<meta name=\"twitter:data1\" content=\"2 minutos\" \/>\n<script type=\"application\/ld+json\" class=\"yoast-schema-graph\">{\"@context\":\"https:\\\/\\\/schema.org\",\"@graph\":[{\"@type\":\"WebPage\",\"@id\":\"https:\\\/\\\/bcntechserv.com\\\/es\\\/about-bliss\\\/\",\"url\":\"https:\\\/\\\/bcntechserv.com\\\/es\\\/about-bliss\\\/\",\"name\":\"Sobre Bliss | Servicios T\u00e9cnicos de BCN\",\"isPartOf\":{\"@id\":\"https:\\\/\\\/bcntechserv.com\\\/#website\"},\"primaryImageOfPage\":{\"@id\":\"https:\\\/\\\/bcntechserv.com\\\/es\\\/about-bliss\\\/#primaryimage\"},\"image\":{\"@id\":\"https:\\\/\\\/bcntechserv.com\\\/es\\\/about-bliss\\\/#primaryimage\"},\"thumbnailUrl\":\"https:\\\/\\\/bcntechserv.com\\\/wp-content\\\/uploads\\\/2022\\\/05\\\/ipad_220516.png\",\"datePublished\":\"2022-04-08T23:50:19+00:00\",\"dateModified\":\"2022-06-24T14:37:44+00:00\",\"description\":\"Si necesita repuestos Bliss para una reparaci\u00f3n de emergencia o repuestos para tener a mano, lo tenemos cubierto.\",\"breadcrumb\":{\"@id\":\"https:\\\/\\\/bcntechserv.com\\\/es\\\/about-bliss\\\/#breadcrumb\"},\"inLanguage\":\"es\",\"potentialAction\":[{\"@type\":\"ReadAction\",\"target\":[\"https:\\\/\\\/bcntechserv.com\\\/es\\\/about-bliss\\\/\"]}]},{\"@type\":\"ImageObject\",\"inLanguage\":\"es\",\"@id\":\"https:\\\/\\\/bcntechserv.com\\\/es\\\/about-bliss\\\/#primaryimage\",\"url\":\"https:\\\/\\\/bcntechserv.com\\\/wp-content\\\/uploads\\\/2022\\\/05\\\/ipad_220516.png\",\"contentUrl\":\"https:\\\/\\\/bcntechserv.com\\\/wp-content\\\/uploads\\\/2022\\\/05\\\/ipad_220516.png\"},{\"@type\":\"BreadcrumbList\",\"@id\":\"https:\\\/\\\/bcntechserv.com\\\/es\\\/about-bliss\\\/#breadcrumb\",\"itemListElement\":[{\"@type\":\"ListItem\",\"position\":1,\"name\":\"Home\",\"item\":\"https:\\\/\\\/bcntechserv.com\\\/es\\\/\"},{\"@type\":\"ListItem\",\"position\":2,\"name\":\"Sobre Bliss\"}]},{\"@type\":\"WebSite\",\"@id\":\"https:\\\/\\\/bcntechserv.com\\\/#website\",\"url\":\"https:\\\/\\\/bcntechserv.com\\\/\",\"name\":\"ANDRITZ BCN, Inc.\",\"description\":\"\",\"publisher\":{\"@id\":\"https:\\\/\\\/bcntechserv.com\\\/#organization\"},\"potentialAction\":[{\"@type\":\"SearchAction\",\"target\":{\"@type\":\"EntryPoint\",\"urlTemplate\":\"https:\\\/\\\/bcntechserv.com\\\/?s={search_term_string}\"},\"query-input\":{\"@type\":\"PropertyValueSpecification\",\"valueRequired\":true,\"valueName\":\"search_term_string\"}}],\"inLanguage\":\"es\"},{\"@type\":\"Organization\",\"@id\":\"https:\\\/\\\/bcntechserv.com\\\/#organization\",\"name\":\"ANDRITZ BCN, Inc.\",\"url\":\"https:\\\/\\\/bcntechserv.com\\\/\",\"logo\":{\"@type\":\"ImageObject\",\"inLanguage\":\"es\",\"@id\":\"https:\\\/\\\/bcntechserv.com\\\/#\\\/schema\\\/logo\\\/image\\\/\",\"url\":\"https:\\\/\\\/bcntechserv.com\\\/wp-content\\\/uploads\\\/2025\\\/07\\\/andritz-1.svg\",\"contentUrl\":\"https:\\\/\\\/bcntechserv.com\\\/wp-content\\\/uploads\\\/2025\\\/07\\\/andritz-1.svg\",\"width\":1,\"height\":1,\"caption\":\"ANDRITZ BCN, Inc.\"},\"image\":{\"@id\":\"https:\\\/\\\/bcntechserv.com\\\/#\\\/schema\\\/logo\\\/image\\\/\"},\"sameAs\":[\"https:\\\/\\\/www.linkedin.com\\\/company\\\/bcntechnicalservices\"]}]}<\/script>\n<!-- \/ Yoast SEO plugin. -->","yoast_head_json":{"title":"Sobre Bliss | Servicios T\u00e9cnicos de BCN","description":"Si necesita repuestos Bliss para una reparaci\u00f3n de emergencia o repuestos para tener a mano, lo tenemos cubierto.","robots":{"index":"index","follow":"follow","max-snippet":"max-snippet:-1","max-image-preview":"max-image-preview:large","max-video-preview":"max-video-preview:-1"},"canonical":"https:\/\/bcntechserv.com\/es\/about-bliss\/","og_locale":"es_ES","og_type":"article","og_title":"Sobre Bliss | Servicios T\u00e9cnicos de BCN","og_description":"Si necesita repuestos Bliss para una reparaci\u00f3n de emergencia o repuestos para tener a mano, lo tenemos cubierto.","og_url":"https:\/\/bcntechserv.com\/es\/about-bliss\/","og_site_name":"ANDRITZ BCN, Inc.","article_modified_time":"2022-06-24T14:37:44+00:00","og_image":[{"url":"https:\/\/bcntechserv.com\/wp-content\/uploads\/2022\/05\/ipad_220516.png","type":"","width":"","height":""}],"twitter_card":"summary_large_image","twitter_misc":{"Tiempo de lectura":"2 minutos"},"schema":{"@context":"https:\/\/schema.org","@graph":[{"@type":"WebPage","@id":"https:\/\/bcntechserv.com\/es\/about-bliss\/","url":"https:\/\/bcntechserv.com\/es\/about-bliss\/","name":"Sobre Bliss | Servicios T\u00e9cnicos de BCN","isPartOf":{"@id":"https:\/\/bcntechserv.com\/#website"},"primaryImageOfPage":{"@id":"https:\/\/bcntechserv.com\/es\/about-bliss\/#primaryimage"},"image":{"@id":"https:\/\/bcntechserv.com\/es\/about-bliss\/#primaryimage"},"thumbnailUrl":"https:\/\/bcntechserv.com\/wp-content\/uploads\/2022\/05\/ipad_220516.png","datePublished":"2022-04-08T23:50:19+00:00","dateModified":"2022-06-24T14:37:44+00:00","description":"Si necesita repuestos Bliss para una reparaci\u00f3n de emergencia o repuestos para tener a mano, lo tenemos cubierto.","breadcrumb":{"@id":"https:\/\/bcntechserv.com\/es\/about-bliss\/#breadcrumb"},"inLanguage":"es","potentialAction":[{"@type":"ReadAction","target":["https:\/\/bcntechserv.com\/es\/about-bliss\/"]}]},{"@type":"ImageObject","inLanguage":"es","@id":"https:\/\/bcntechserv.com\/es\/about-bliss\/#primaryimage","url":"https:\/\/bcntechserv.com\/wp-content\/uploads\/2022\/05\/ipad_220516.png","contentUrl":"https:\/\/bcntechserv.com\/wp-content\/uploads\/2022\/05\/ipad_220516.png"},{"@type":"BreadcrumbList","@id":"https:\/\/bcntechserv.com\/es\/about-bliss\/#breadcrumb","itemListElement":[{"@type":"ListItem","position":1,"name":"Home","item":"https:\/\/bcntechserv.com\/es\/"},{"@type":"ListItem","position":2,"name":"Sobre Bliss"}]},{"@type":"WebSite","@id":"https:\/\/bcntechserv.com\/#website","url":"https:\/\/bcntechserv.com\/","name":"ANDRITZ BCN, Inc.","description":"","publisher":{"@id":"https:\/\/bcntechserv.com\/#organization"},"potentialAction":[{"@type":"SearchAction","target":{"@type":"EntryPoint","urlTemplate":"https:\/\/bcntechserv.com\/?s={search_term_string}"},"query-input":{"@type":"PropertyValueSpecification","valueRequired":true,"valueName":"search_term_string"}}],"inLanguage":"es"},{"@type":"Organization","@id":"https:\/\/bcntechserv.com\/#organization","name":"ANDRITZ BCN, Inc.","url":"https:\/\/bcntechserv.com\/","logo":{"@type":"ImageObject","inLanguage":"es","@id":"https:\/\/bcntechserv.com\/#\/schema\/logo\/image\/","url":"https:\/\/bcntechserv.com\/wp-content\/uploads\/2025\/07\/andritz-1.svg","contentUrl":"https:\/\/bcntechserv.com\/wp-content\/uploads\/2025\/07\/andritz-1.svg","width":1,"height":1,"caption":"ANDRITZ BCN, Inc."},"image":{"@id":"https:\/\/bcntechserv.com\/#\/schema\/logo\/image\/"},"sameAs":["https:\/\/www.linkedin.com\/company\/bcntechnicalservices"]}]}},"_links":{"self":[{"href":"https:\/\/bcntechserv.com\/es\/wp-json\/wp\/v2\/pages\/4727","targetHints":{"allow":["GET"]}}],"collection":[{"href":"https:\/\/bcntechserv.com\/es\/wp-json\/wp\/v2\/pages"}],"about":[{"href":"https:\/\/bcntechserv.com\/es\/wp-json\/wp\/v2\/types\/page"}],"author":[{"embeddable":true,"href":"https:\/\/bcntechserv.com\/es\/wp-json\/wp\/v2\/users\/1"}],"replies":[{"embeddable":true,"href":"https:\/\/bcntechserv.com\/es\/wp-json\/wp\/v2\/comments?post=4727"}],"version-history":[{"count":0,"href":"https:\/\/bcntechserv.com\/es\/wp-json\/wp\/v2\/pages\/4727\/revisions"}],"wp:attachment":[{"href":"https:\/\/bcntechserv.com\/es\/wp-json\/wp\/v2\/media?parent=4727"}],"curies":[{"name":"wp","href":"https:\/\/api.w.org\/{rel}","templated":true}]}}