{"id":4730,"date":"2022-05-04T15:30:29","date_gmt":"2022-05-04T19:30:29","guid":{"rendered":"https:\/\/bcntechserv.com\/about-niagara\/"},"modified":"2022-06-24T14:39:41","modified_gmt":"2022-06-24T14:39:41","slug":"about-niagara","status":"publish","type":"page","link":"https:\/\/bcntechserv.com\/es\/about-niagara\/","title":{"rendered":"Sobre Niagara"},"content":{"rendered":"\n<h3>\n\t\tFabricantes de prensas Niagara\n\t<\/h3>\n<h1>\n\t\tPartes de prensa Niagara \n\t<\/h1>\n\t\t\t<a href=\"https:\/\/bcntechserv.com\/contact\/es\" target=\"_self\" role=\"button\" rel=\"noopener\">\n\t\t\t\t\t\t\tCont\u00e1ctenos\n\t\t\t\t\t<\/a>\n<h2>\n\t\tSu recurso confiable de refacciones originales Niagara\n\t<\/h2>\n\t<p>Conocido en todo el mundo por fabricar prensas mec\u00e1nicas e hidr\u00e1ulicas, cizallas y dobladoras de alta calidad, Niagara es uno de los fabricantes m\u00e1s antiguos de Estados Unidos. Todas las piezas de Niagara se maquinan con precisi\u00f3n, se inspeccionan, se alinean cuidadosamente y se ajustan de acuerdo con las mejores y m\u00e1s recientes m\u00e9todos.<\/p>\n<p>Si necesita piezas para su prensa Niagara, squaring shears o tonometer Niagara, ha venido al lugar correcto. Fabricamos piezas seg\u00fan<a href=\"https:\/\/bcntechserv.com\/es\/resources\/\"> <u>las especificaciones originales del OEM<\/u><\/a>, y nuestras piezas est\u00e1n respaldadas por una <a href=\"https:\/\/bcntechserv.com\/es\/warranties\/\">Garant\u00eda de bienes y servicios de un a\u00f1o<\/a> en el momento de la entrega.<\/p>\n\t\t\t\t<p>Niagara es un fabricante original de prensas<\/p>\n<p>\u00a0<\/p>\n\t\t\t\tTodas las impresiones originales para dobladoras, cizallas y prensas\n\t\t\t\t<p>Actualizaciones y modernizaciones disponibles<\/p>\n<h2>\n\t\t\u00bfPor qu\u00e9 utilizar refacciones originales Niagara?\n\t<\/h2>\n<h3>\n\t\tGarant\u00eda de bienes y servicios\n\t<\/h3>\n\t<p>Compre piezas para prensas Niagara con confianza en ANDRITZ BCN, Inc.. Garantizamos en el momento de la entrega, que los productos estar\u00e1n libres de defectos en materiales y mano de obra. Realizaremos los servicios de manera r\u00e1pida, profesional y eficiente. Consulte nuestra <a href=\"https:\/\/bcntechserv.com\/es\/warranties\/\">Garant\u00eda de bienes y servicios<\/a> para obtener m\u00e1s informaci\u00f3n.<\/p>\n<h3>\n\t\tEspecificaciones originales OEM\n\t<\/h3>\n\t<p>Las piezas de repuesto para las prensas Niagara se fabrican seg\u00fan las especificaciones originales OEM, a partir de conjuntos de registros mantenidos por n\u00famero de serie, por lo que sabemos sin duda que la pieza encajar\u00e1. Contamos con dibujos originales, experiencia en fabricaci\u00f3n y la experiencia de un equipo de ingenier\u00eda que conoce su prensa Niagara por dentro y por fuera.<\/p>\n<h3>\n\t\tEntrega\n\t<\/h3>\n\t<p>ANDRITZ BCN, Inc. tiene un inventario extenso de las piezas de repuesto OEM m\u00e1s solicitadas en nuestras instalaciones en Hastings, Michigan, donde se cuenta con un cat\u00e1logo de miles de piezas y repuestos cr\u00edticos listos para enviar. Nuestro personal experimentado se dedica a proporcionar piezas cr\u00edticas r\u00e1pidamente para que pueda evitar reparaciones retrasos, productividad debilitada y p\u00e9rdida de ingresos.<\/p>\n<h2>\n\t\tNo hay sustituto para el original.\n\t<\/h2>\n\t<p>Como uno de los principales proveedores de piezas de prensas de estampado en la industria, BCN se enorgullece de ser la \u00fanica empresa que puede fabricar piezas OEM Bliss, Clearing y Niagara para prensas y Torc Pacs . Eso significa que las reparaciones y las piezas de su prensa se realizan con los materiales y m\u00e9todos exactos de los planos originales del equipo, lo que garantiza una funcionalidad y un ajuste perfectos.<\/p>\n<a href=\"\/es\/purchase-oem-manuals\/\">M\u00e1s informaci\u00f3n \u203a<\/a>\n\t\t\t\t<img loading=\"lazy\" decoding=\"async\" src=\"https:\/\/bcntechserv.com\/wp-content\/uploads\/2022\/05\/OEM_Niagara.jpg\" alt=\"OEM_Niagara\" itemprop=\"image\" height=\"975\" width=\"1300\" title=\"OEM_Niagara\" onerror=\"this.style.display='none'\"  \/>\n<h2>\n\t\t<a href=\"\/es\/email-newsletter-opt-in\/\" title=\"Reg\u00edstrese para recibir actualizaciones e informaci\u00f3n importante de ANDRITZ BCN, Inc.\" target=\"_self\" rel=\"noopener\">\n\t\tReg\u00edstrese para recibir actualizaciones e informaci\u00f3n importante de ANDRITZ BCN, Inc.\n\t\t<\/a>\n\t<\/h2>\n\t\t\t<a href=\"\/es\/email-newsletter-opt-in\/\" target=\"_self\" role=\"button\" rel=\"noopener\">\n\t\t\t\t\t\t\tSuscr\u00edbase ahora\n\t\t\t\t\t<\/a>\n\n","protected":false},"excerpt":{"rendered":"<p>Fabricantes de prensas Niagara Partes de prensa Niagara Cont\u00e1ctenos Su recurso confiable de refacciones originales Niagara Conocido en todo el mundo por fabricar prensas mec\u00e1nicas e hidr\u00e1ulicas, cizallas y dobladoras de alta calidad, Niagara es uno de los fabricantes m\u00e1s antiguos de Estados Unidos. Todas las piezas de Niagara se maquinan con precisi\u00f3n, se inspeccionan,&hellip;<\/p>\n","protected":false},"author":1,"featured_media":0,"parent":0,"menu_order":0,"comment_status":"closed","ping_status":"closed","template":"","meta":{"_acf_changed":false,"footnotes":""},"class_list":["post-4730","page","type-page","status-publish","hentry"],"acf":[],"yoast_head":"<!-- This site is optimized with the Yoast SEO plugin v27.4 - https:\/\/yoast.com\/product\/yoast-seo-wordpress\/ -->\n<title>Sobre Niagara | Servicios T\u00e9cnicos de BCN<\/title>\n<meta name=\"description\" content=\"Si necesita piezas para su prensa Niagara, sus tijeras de escuadrar Niagara o su ton\u00f3metro Niagara, ha venido al lugar correcto.\" \/>\n<meta name=\"robots\" content=\"index, follow, max-snippet:-1, max-image-preview:large, max-video-preview:-1\" \/>\n<link rel=\"canonical\" href=\"https:\/\/bcntechserv.com\/es\/about-niagara\/\" \/>\n<meta property=\"og:locale\" content=\"es_ES\" \/>\n<meta property=\"og:type\" content=\"article\" \/>\n<meta property=\"og:title\" content=\"Sobre Niagara | Servicios T\u00e9cnicos de BCN\" \/>\n<meta property=\"og:description\" content=\"Si necesita piezas para su prensa Niagara, sus tijeras de escuadrar Niagara o su ton\u00f3metro Niagara, ha venido al lugar correcto.\" \/>\n<meta property=\"og:url\" content=\"https:\/\/bcntechserv.com\/es\/about-niagara\/\" \/>\n<meta property=\"og:site_name\" content=\"ANDRITZ BCN, Inc.\" \/>\n<meta property=\"article:modified_time\" content=\"2022-06-24T14:39:41+00:00\" \/>\n<meta property=\"og:image\" content=\"https:\/\/bcntechserv.com\/wp-content\/uploads\/2022\/05\/OEM_Niagara.jpg\" \/>\n<meta name=\"twitter:card\" content=\"summary_large_image\" \/>\n<meta name=\"twitter:label1\" content=\"Tiempo de lectura\" \/>\n\t<meta name=\"twitter:data1\" content=\"2 minutos\" \/>\n<script type=\"application\/ld+json\" class=\"yoast-schema-graph\">{\"@context\":\"https:\\\/\\\/schema.org\",\"@graph\":[{\"@type\":\"WebPage\",\"@id\":\"https:\\\/\\\/bcntechserv.com\\\/es\\\/about-niagara\\\/\",\"url\":\"https:\\\/\\\/bcntechserv.com\\\/es\\\/about-niagara\\\/\",\"name\":\"Sobre Niagara | Servicios T\u00e9cnicos de BCN\",\"isPartOf\":{\"@id\":\"https:\\\/\\\/bcntechserv.com\\\/#website\"},\"primaryImageOfPage\":{\"@id\":\"https:\\\/\\\/bcntechserv.com\\\/es\\\/about-niagara\\\/#primaryimage\"},\"image\":{\"@id\":\"https:\\\/\\\/bcntechserv.com\\\/es\\\/about-niagara\\\/#primaryimage\"},\"thumbnailUrl\":\"https:\\\/\\\/bcntechserv.com\\\/wp-content\\\/uploads\\\/2022\\\/05\\\/OEM_Niagara.jpg\",\"datePublished\":\"2022-05-04T19:30:29+00:00\",\"dateModified\":\"2022-06-24T14:39:41+00:00\",\"description\":\"Si necesita piezas para su prensa Niagara, sus tijeras de escuadrar Niagara o su ton\u00f3metro Niagara, ha venido al lugar correcto.\",\"breadcrumb\":{\"@id\":\"https:\\\/\\\/bcntechserv.com\\\/es\\\/about-niagara\\\/#breadcrumb\"},\"inLanguage\":\"es\",\"potentialAction\":[{\"@type\":\"ReadAction\",\"target\":[\"https:\\\/\\\/bcntechserv.com\\\/es\\\/about-niagara\\\/\"]}]},{\"@type\":\"ImageObject\",\"inLanguage\":\"es\",\"@id\":\"https:\\\/\\\/bcntechserv.com\\\/es\\\/about-niagara\\\/#primaryimage\",\"url\":\"https:\\\/\\\/bcntechserv.com\\\/wp-content\\\/uploads\\\/2022\\\/05\\\/OEM_Niagara.jpg\",\"contentUrl\":\"https:\\\/\\\/bcntechserv.com\\\/wp-content\\\/uploads\\\/2022\\\/05\\\/OEM_Niagara.jpg\"},{\"@type\":\"BreadcrumbList\",\"@id\":\"https:\\\/\\\/bcntechserv.com\\\/es\\\/about-niagara\\\/#breadcrumb\",\"itemListElement\":[{\"@type\":\"ListItem\",\"position\":1,\"name\":\"Home\",\"item\":\"https:\\\/\\\/bcntechserv.com\\\/es\\\/\"},{\"@type\":\"ListItem\",\"position\":2,\"name\":\"Sobre Niagara\"}]},{\"@type\":\"WebSite\",\"@id\":\"https:\\\/\\\/bcntechserv.com\\\/#website\",\"url\":\"https:\\\/\\\/bcntechserv.com\\\/\",\"name\":\"ANDRITZ BCN, Inc.\",\"description\":\"\",\"publisher\":{\"@id\":\"https:\\\/\\\/bcntechserv.com\\\/#organization\"},\"potentialAction\":[{\"@type\":\"SearchAction\",\"target\":{\"@type\":\"EntryPoint\",\"urlTemplate\":\"https:\\\/\\\/bcntechserv.com\\\/?s={search_term_string}\"},\"query-input\":{\"@type\":\"PropertyValueSpecification\",\"valueRequired\":true,\"valueName\":\"search_term_string\"}}],\"inLanguage\":\"es\"},{\"@type\":\"Organization\",\"@id\":\"https:\\\/\\\/bcntechserv.com\\\/#organization\",\"name\":\"ANDRITZ BCN, Inc.\",\"url\":\"https:\\\/\\\/bcntechserv.com\\\/\",\"logo\":{\"@type\":\"ImageObject\",\"inLanguage\":\"es\",\"@id\":\"https:\\\/\\\/bcntechserv.com\\\/#\\\/schema\\\/logo\\\/image\\\/\",\"url\":\"https:\\\/\\\/bcntechserv.com\\\/wp-content\\\/uploads\\\/2025\\\/07\\\/andritz-1.svg\",\"contentUrl\":\"https:\\\/\\\/bcntechserv.com\\\/wp-content\\\/uploads\\\/2025\\\/07\\\/andritz-1.svg\",\"width\":1,\"height\":1,\"caption\":\"ANDRITZ BCN, Inc.\"},\"image\":{\"@id\":\"https:\\\/\\\/bcntechserv.com\\\/#\\\/schema\\\/logo\\\/image\\\/\"},\"sameAs\":[\"https:\\\/\\\/www.linkedin.com\\\/company\\\/bcntechnicalservices\"]}]}<\/script>\n<!-- \/ Yoast SEO plugin. -->","yoast_head_json":{"title":"Sobre Niagara | Servicios T\u00e9cnicos de BCN","description":"Si necesita piezas para su prensa Niagara, sus tijeras de escuadrar Niagara o su ton\u00f3metro Niagara, ha venido al lugar correcto.","robots":{"index":"index","follow":"follow","max-snippet":"max-snippet:-1","max-image-preview":"max-image-preview:large","max-video-preview":"max-video-preview:-1"},"canonical":"https:\/\/bcntechserv.com\/es\/about-niagara\/","og_locale":"es_ES","og_type":"article","og_title":"Sobre Niagara | Servicios T\u00e9cnicos de BCN","og_description":"Si necesita piezas para su prensa Niagara, sus tijeras de escuadrar Niagara o su ton\u00f3metro Niagara, ha venido al lugar correcto.","og_url":"https:\/\/bcntechserv.com\/es\/about-niagara\/","og_site_name":"ANDRITZ BCN, Inc.","article_modified_time":"2022-06-24T14:39:41+00:00","og_image":[{"url":"https:\/\/bcntechserv.com\/wp-content\/uploads\/2022\/05\/OEM_Niagara.jpg","type":"","width":"","height":""}],"twitter_card":"summary_large_image","twitter_misc":{"Tiempo de lectura":"2 minutos"},"schema":{"@context":"https:\/\/schema.org","@graph":[{"@type":"WebPage","@id":"https:\/\/bcntechserv.com\/es\/about-niagara\/","url":"https:\/\/bcntechserv.com\/es\/about-niagara\/","name":"Sobre Niagara | Servicios T\u00e9cnicos de BCN","isPartOf":{"@id":"https:\/\/bcntechserv.com\/#website"},"primaryImageOfPage":{"@id":"https:\/\/bcntechserv.com\/es\/about-niagara\/#primaryimage"},"image":{"@id":"https:\/\/bcntechserv.com\/es\/about-niagara\/#primaryimage"},"thumbnailUrl":"https:\/\/bcntechserv.com\/wp-content\/uploads\/2022\/05\/OEM_Niagara.jpg","datePublished":"2022-05-04T19:30:29+00:00","dateModified":"2022-06-24T14:39:41+00:00","description":"Si necesita piezas para su prensa Niagara, sus tijeras de escuadrar Niagara o su ton\u00f3metro Niagara, ha venido al lugar correcto.","breadcrumb":{"@id":"https:\/\/bcntechserv.com\/es\/about-niagara\/#breadcrumb"},"inLanguage":"es","potentialAction":[{"@type":"ReadAction","target":["https:\/\/bcntechserv.com\/es\/about-niagara\/"]}]},{"@type":"ImageObject","inLanguage":"es","@id":"https:\/\/bcntechserv.com\/es\/about-niagara\/#primaryimage","url":"https:\/\/bcntechserv.com\/wp-content\/uploads\/2022\/05\/OEM_Niagara.jpg","contentUrl":"https:\/\/bcntechserv.com\/wp-content\/uploads\/2022\/05\/OEM_Niagara.jpg"},{"@type":"BreadcrumbList","@id":"https:\/\/bcntechserv.com\/es\/about-niagara\/#breadcrumb","itemListElement":[{"@type":"ListItem","position":1,"name":"Home","item":"https:\/\/bcntechserv.com\/es\/"},{"@type":"ListItem","position":2,"name":"Sobre Niagara"}]},{"@type":"WebSite","@id":"https:\/\/bcntechserv.com\/#website","url":"https:\/\/bcntechserv.com\/","name":"ANDRITZ BCN, Inc.","description":"","publisher":{"@id":"https:\/\/bcntechserv.com\/#organization"},"potentialAction":[{"@type":"SearchAction","target":{"@type":"EntryPoint","urlTemplate":"https:\/\/bcntechserv.com\/?s={search_term_string}"},"query-input":{"@type":"PropertyValueSpecification","valueRequired":true,"valueName":"search_term_string"}}],"inLanguage":"es"},{"@type":"Organization","@id":"https:\/\/bcntechserv.com\/#organization","name":"ANDRITZ BCN, Inc.","url":"https:\/\/bcntechserv.com\/","logo":{"@type":"ImageObject","inLanguage":"es","@id":"https:\/\/bcntechserv.com\/#\/schema\/logo\/image\/","url":"https:\/\/bcntechserv.com\/wp-content\/uploads\/2025\/07\/andritz-1.svg","contentUrl":"https:\/\/bcntechserv.com\/wp-content\/uploads\/2025\/07\/andritz-1.svg","width":1,"height":1,"caption":"ANDRITZ BCN, Inc."},"image":{"@id":"https:\/\/bcntechserv.com\/#\/schema\/logo\/image\/"},"sameAs":["https:\/\/www.linkedin.com\/company\/bcntechnicalservices"]}]}},"_links":{"self":[{"href":"https:\/\/bcntechserv.com\/es\/wp-json\/wp\/v2\/pages\/4730","targetHints":{"allow":["GET"]}}],"collection":[{"href":"https:\/\/bcntechserv.com\/es\/wp-json\/wp\/v2\/pages"}],"about":[{"href":"https:\/\/bcntechserv.com\/es\/wp-json\/wp\/v2\/types\/page"}],"author":[{"embeddable":true,"href":"https:\/\/bcntechserv.com\/es\/wp-json\/wp\/v2\/users\/1"}],"replies":[{"embeddable":true,"href":"https:\/\/bcntechserv.com\/es\/wp-json\/wp\/v2\/comments?post=4730"}],"version-history":[{"count":0,"href":"https:\/\/bcntechserv.com\/es\/wp-json\/wp\/v2\/pages\/4730\/revisions"}],"wp:attachment":[{"href":"https:\/\/bcntechserv.com\/es\/wp-json\/wp\/v2\/media?parent=4730"}],"curies":[{"name":"wp","href":"https:\/\/api.w.org\/{rel}","templated":true}]}}