{"id":4743,"date":"2022-04-29T14:36:36","date_gmt":"2022-04-29T18:36:36","guid":{"rendered":"https:\/\/bcntechserv.com\/engineering\/"},"modified":"2022-06-24T14:23:55","modified_gmt":"2022-06-24T14:23:55","slug":"engineering","status":"publish","type":"page","link":"https:\/\/bcntechserv.com\/es\/engineering\/","title":{"rendered":"Ingenieria"},"content":{"rendered":"\n<h3>\n\t\tSERVICIO DE PRENSA Y REPARACI\u00d3N\n\t<\/h3>\n<h1>\n\t\tIngenier\u00eda de Prensa\n\t<\/h1>\n\t\t\t<a href=\"https:\/\/bcntechserv.com\/es\/contact\/\" target=\"_self\" role=\"button\" rel=\"noopener\">\n\t\t\t\t\t\t\tCont\u00e1ctenos\n\t\t\t\t\t<\/a>\n\t\t\t\t\t\t\t<img decoding=\"async\" src=\"https:\/\/bcntechserv.com\/wp-content\/uploads\/2022\/05\/increased-production.svg\" alt=\"increased-production\" \/>\n\t\t\t<h4>Inspecciones y mantenimiento de prensas<\/h4>\n\t\t\t\t\t\t\t<img decoding=\"async\" src=\"https:\/\/bcntechserv.com\/wp-content\/uploads\/2022\/05\/longer-tool-life.svg\" alt=\"longer-tool-life\" \/>\n\t\t\t<h4>Reconstrucci\u00f3n de prensas<\/h4>\n\t\t\t\t\t\t\t<img decoding=\"async\" src=\"https:\/\/bcntechserv.com\/wp-content\/uploads\/2022\/05\/higher-efficiency-parts.svg\" alt=\"higher-efficiency-parts\" \/>\n\t\t\t<h4>Modernizaci\u00f3n y actualizaci\u00f3n de prensas<\/h4>\n<h2>\n\t\tLas herramientas que necesita para mejorar sus pr\u00e1cticas de fabricaci\u00f3n\n\t<\/h2>\n<p>Acertadamente llamado as\u00ed por los dibujos Bliss, Clearing y Niagara propiedad de la empresa, ANDRITZ BCN, Inc. puede fabricar piezas a partir de\u00a0los dibujos originales y brindar servicios de ingenier\u00eda de prensas para dise\u00f1ar nuevas soluciones que mejoren la producci\u00f3n de su maquinaria.<\/p>\n<p>Si necesita realizar cambios en una m\u00e1quina que no se ajusta del todo a las necesidades de su empresa, podemos ayudarlo. Maximizaremos cualquier prensa a su m\u00e1ximo potencial reconfigurando o ajustando su proceso para adaptarse mejor a sus necesidades. Danos tus ideas de dise\u00f1o y podemos implementarlas, tanto para m\u00e1quinas nuevas como existentes.<\/p>\n<h2>\n\t\tAhorre costos reconstruyendo su prensa hoy\n\t<\/h2>\n\t<p>ANDRITZ BCN, Inc. se esfuerza por brindarle las herramientas que necesita para mejorar sus pr\u00e1cticas de fabricaci\u00f3n y avanzar en su industria. Podemos ayudarlo a lograr objetivos para una variedad de proyectos actualizando o reconstruyendo sus prensas actuales.<\/p>\n\t<p>Reconstrucci\u00f3n de embrague y freno<\/p>\n<p>Aumento\/disminuci\u00f3n de la velocidad de la prensa<\/p>\n<p>Instalaci\u00f3n de sobrecargas hidr\u00e1ulicas<\/p>\n\t<p>Modificaci\u00f3n de la clasificaci\u00f3n de tonelaje<\/p>\n<p>Moving bolsters y cambios autom\u00e1ticos de troquel.<\/p>\n\t<p>Actualizaci\u00f3n de controles el\u00e9ctricos y motores.<\/p>\n<p>Gr\u00e1ficos de tonelaje y energ\u00eda<\/p>\n\t\t\t\t<img loading=\"lazy\" decoding=\"async\" src=\"https:\/\/bcntechserv.com\/wp-content\/uploads\/2022\/05\/1831.jpg\" alt=\"1831\" itemprop=\"image\" height=\"1241\" width=\"2000\" title=\"1831\" onerror=\"this.style.display='none'\"  \/>\n<h5>\n\t\tNUEVO\n\t<\/h5>\n<h2>\n\t\tEnv\u00ede su solicitud de cotizaci\u00f3n de piezas Bliss 1831 en l\u00ednea\n\t<\/h2>\n\t<p>Solicite una cotizaci\u00f3n de piezas Bliss 1831 con solo unos pocos clics y compre f\u00e1cilmente iniciando sesi\u00f3n en su cuenta.<\/p>\n<p><a href=\"https:\/\/bcntechserv.com\/es\/collection\/bliss-model-1831-plates-1-12\/\">Explorar \u203a<\/a><\/p>\n<h2>\n\t\t\u00bfPor qu\u00e9 elegir BCN para la inspecci\u00f3n y mantenimiento de sus prensas?\n\t<\/h2>\n\t\t\t<h4>T\u00e9cnicos experimentados<\/h4>\n\t\t\t<p>Los miembros del equipo de gesti\u00f3n de proyectos altamente calificados administran todos nuestros servicios de ingenier\u00eda de prensas. Contamos con un equipo de t\u00e9cnicos de servicio de campo expertos y los mejores t\u00e9cnicos de ingenier\u00eda de la industria.<\/p>\t\t\n\t\t\t<h4>Nuevas estrategias para viejas prensas<\/h4>\n\t\t\t<p>No importa cu\u00e1n antigua o desactualizada sea su prensa, pondremos a prueba nuestros conocimientos sobre las actualizaciones de la prensa. Podemos fabricar refacciones de prensa nuevas hechas con las especificaciones de ingenier\u00eda originales exactas para reemplazar los componentes obsoletos y dif\u00edciles de encontrar.<\/p>\t\t\n\t\t\t<h4>Proveedor de partes originales<\/h4>\n\t\t\t<p>Sabemos que no hay sustituto para el original. Es por eso que fabricamos nuevas piezas, utilizando los planos del <a href=\"\/es\/purchase-oem-manuals\/\">fabricante de equipos originales (OEM),<\/a> para que pueda volver a tener su prensa funcionando sin problemas.<\/p>\t\t\n\t\t\t<h4>Garant\u00eda de bienes y servicios<\/h4>\n\t\t\t<p>Garantizamos en el momento de la entrega que los productos estar\u00e1n libres de defectos en materiales y mano de obra. Realizaremos los servicios de manera r\u00e1pida, profesional y eficiente. Consulte nuestra <a href=\"https:\/\/bcntechserv.com\/es\/warranties\/\">Garant\u00eda de bienes y servicios<\/a> para obtener m\u00e1s informaci\u00f3n.<\/p>\t\t\n<h2>\n\t\tReg\u00edstrese para recibir actualizaciones e informaci\u00f3n importante de ANDRITZ BCN, Inc.\n\t<\/h2>\n\t\t\t<a href=\"\/es\/email-newsletter-opt-in\/\" target=\"_self\" role=\"button\" rel=\"noopener\">\n\t\t\t\t\t\t\tSuscr\u00edbase ahora\n\t\t\t\t\t<\/a>\n\n","protected":false},"excerpt":{"rendered":"<p>SERVICIO DE PRENSA Y REPARACI\u00d3N Ingenier\u00eda de Prensa Cont\u00e1ctenos Inspecciones y mantenimiento de prensas Reconstrucci\u00f3n de prensas Modernizaci\u00f3n y actualizaci\u00f3n de prensas Las herramientas que necesita para mejorar sus pr\u00e1cticas de fabricaci\u00f3n Acertadamente llamado as\u00ed por los dibujos Bliss, Clearing y Niagara propiedad de la empresa, ANDRITZ BCN, Inc. puede fabricar piezas a partir de\u00a0los&hellip;<\/p>\n","protected":false},"author":1,"featured_media":0,"parent":0,"menu_order":0,"comment_status":"closed","ping_status":"closed","template":"","meta":{"_acf_changed":false,"footnotes":""},"class_list":["post-4743","page","type-page","status-publish","hentry"],"acf":[],"yoast_head":"<!-- This site is optimized with the Yoast SEO plugin v27.4 - https:\/\/yoast.com\/product\/yoast-seo-wordpress\/ -->\n<title>Ingenier\u00eda de prensa | Servicios T\u00e9cnicos de BCN<\/title>\n<meta name=\"description\" content=\"BCN puede brindar servicios de ingenier\u00eda de prensa para dise\u00f1ar nuevas soluciones que mejoren la producci\u00f3n de su maquinaria.\" \/>\n<meta name=\"robots\" content=\"index, follow, max-snippet:-1, max-image-preview:large, max-video-preview:-1\" \/>\n<link rel=\"canonical\" href=\"https:\/\/bcntechserv.com\/es\/engineering\/\" \/>\n<meta property=\"og:locale\" content=\"es_ES\" \/>\n<meta property=\"og:type\" content=\"article\" \/>\n<meta property=\"og:title\" content=\"Ingenier\u00eda de prensa | Servicios T\u00e9cnicos de BCN\" \/>\n<meta property=\"og:description\" content=\"BCN puede brindar servicios de ingenier\u00eda de prensa para dise\u00f1ar nuevas soluciones que mejoren la producci\u00f3n de su maquinaria.\" \/>\n<meta property=\"og:url\" content=\"https:\/\/bcntechserv.com\/es\/engineering\/\" \/>\n<meta property=\"og:site_name\" content=\"ANDRITZ BCN, Inc.\" \/>\n<meta property=\"article:modified_time\" content=\"2022-06-24T14:23:55+00:00\" \/>\n<meta property=\"og:image\" content=\"https:\/\/bcntechserv.com\/wp-content\/uploads\/2022\/05\/increased-production.svg\" \/>\n<meta name=\"twitter:card\" content=\"summary_large_image\" \/>\n<meta name=\"twitter:label1\" content=\"Tiempo de lectura\" \/>\n\t<meta name=\"twitter:data1\" content=\"2 minutos\" \/>\n<script type=\"application\/ld+json\" class=\"yoast-schema-graph\">{\"@context\":\"https:\\\/\\\/schema.org\",\"@graph\":[{\"@type\":\"WebPage\",\"@id\":\"https:\\\/\\\/bcntechserv.com\\\/es\\\/engineering\\\/\",\"url\":\"https:\\\/\\\/bcntechserv.com\\\/es\\\/engineering\\\/\",\"name\":\"Ingenier\u00eda de prensa | Servicios T\u00e9cnicos de BCN\",\"isPartOf\":{\"@id\":\"https:\\\/\\\/bcntechserv.com\\\/#website\"},\"primaryImageOfPage\":{\"@id\":\"https:\\\/\\\/bcntechserv.com\\\/es\\\/engineering\\\/#primaryimage\"},\"image\":{\"@id\":\"https:\\\/\\\/bcntechserv.com\\\/es\\\/engineering\\\/#primaryimage\"},\"thumbnailUrl\":\"https:\\\/\\\/bcntechserv.com\\\/wp-content\\\/uploads\\\/2022\\\/05\\\/increased-production.svg\",\"datePublished\":\"2022-04-29T18:36:36+00:00\",\"dateModified\":\"2022-06-24T14:23:55+00:00\",\"description\":\"BCN puede brindar servicios de ingenier\u00eda de prensa para dise\u00f1ar nuevas soluciones que mejoren la producci\u00f3n de su maquinaria.\",\"breadcrumb\":{\"@id\":\"https:\\\/\\\/bcntechserv.com\\\/es\\\/engineering\\\/#breadcrumb\"},\"inLanguage\":\"es\",\"potentialAction\":[{\"@type\":\"ReadAction\",\"target\":[\"https:\\\/\\\/bcntechserv.com\\\/es\\\/engineering\\\/\"]}]},{\"@type\":\"ImageObject\",\"inLanguage\":\"es\",\"@id\":\"https:\\\/\\\/bcntechserv.com\\\/es\\\/engineering\\\/#primaryimage\",\"url\":\"https:\\\/\\\/bcntechserv.com\\\/wp-content\\\/uploads\\\/2022\\\/05\\\/increased-production.svg\",\"contentUrl\":\"https:\\\/\\\/bcntechserv.com\\\/wp-content\\\/uploads\\\/2022\\\/05\\\/increased-production.svg\"},{\"@type\":\"BreadcrumbList\",\"@id\":\"https:\\\/\\\/bcntechserv.com\\\/es\\\/engineering\\\/#breadcrumb\",\"itemListElement\":[{\"@type\":\"ListItem\",\"position\":1,\"name\":\"Home\",\"item\":\"https:\\\/\\\/bcntechserv.com\\\/es\\\/\"},{\"@type\":\"ListItem\",\"position\":2,\"name\":\"Ingenieria\"}]},{\"@type\":\"WebSite\",\"@id\":\"https:\\\/\\\/bcntechserv.com\\\/#website\",\"url\":\"https:\\\/\\\/bcntechserv.com\\\/\",\"name\":\"ANDRITZ BCN, Inc.\",\"description\":\"\",\"publisher\":{\"@id\":\"https:\\\/\\\/bcntechserv.com\\\/#organization\"},\"potentialAction\":[{\"@type\":\"SearchAction\",\"target\":{\"@type\":\"EntryPoint\",\"urlTemplate\":\"https:\\\/\\\/bcntechserv.com\\\/?s={search_term_string}\"},\"query-input\":{\"@type\":\"PropertyValueSpecification\",\"valueRequired\":true,\"valueName\":\"search_term_string\"}}],\"inLanguage\":\"es\"},{\"@type\":\"Organization\",\"@id\":\"https:\\\/\\\/bcntechserv.com\\\/#organization\",\"name\":\"ANDRITZ BCN, Inc.\",\"url\":\"https:\\\/\\\/bcntechserv.com\\\/\",\"logo\":{\"@type\":\"ImageObject\",\"inLanguage\":\"es\",\"@id\":\"https:\\\/\\\/bcntechserv.com\\\/#\\\/schema\\\/logo\\\/image\\\/\",\"url\":\"https:\\\/\\\/bcntechserv.com\\\/wp-content\\\/uploads\\\/2025\\\/07\\\/andritz-1.svg\",\"contentUrl\":\"https:\\\/\\\/bcntechserv.com\\\/wp-content\\\/uploads\\\/2025\\\/07\\\/andritz-1.svg\",\"width\":1,\"height\":1,\"caption\":\"ANDRITZ BCN, Inc.\"},\"image\":{\"@id\":\"https:\\\/\\\/bcntechserv.com\\\/#\\\/schema\\\/logo\\\/image\\\/\"},\"sameAs\":[\"https:\\\/\\\/www.linkedin.com\\\/company\\\/bcntechnicalservices\"]}]}<\/script>\n<!-- \/ Yoast SEO plugin. -->","yoast_head_json":{"title":"Ingenier\u00eda de prensa | Servicios T\u00e9cnicos de BCN","description":"BCN puede brindar servicios de ingenier\u00eda de prensa para dise\u00f1ar nuevas soluciones que mejoren la producci\u00f3n de su maquinaria.","robots":{"index":"index","follow":"follow","max-snippet":"max-snippet:-1","max-image-preview":"max-image-preview:large","max-video-preview":"max-video-preview:-1"},"canonical":"https:\/\/bcntechserv.com\/es\/engineering\/","og_locale":"es_ES","og_type":"article","og_title":"Ingenier\u00eda de prensa | Servicios T\u00e9cnicos de BCN","og_description":"BCN puede brindar servicios de ingenier\u00eda de prensa para dise\u00f1ar nuevas soluciones que mejoren la producci\u00f3n de su maquinaria.","og_url":"https:\/\/bcntechserv.com\/es\/engineering\/","og_site_name":"ANDRITZ BCN, Inc.","article_modified_time":"2022-06-24T14:23:55+00:00","og_image":[{"url":"https:\/\/bcntechserv.com\/wp-content\/uploads\/2022\/05\/increased-production.svg","type":"","width":"","height":""}],"twitter_card":"summary_large_image","twitter_misc":{"Tiempo de lectura":"2 minutos"},"schema":{"@context":"https:\/\/schema.org","@graph":[{"@type":"WebPage","@id":"https:\/\/bcntechserv.com\/es\/engineering\/","url":"https:\/\/bcntechserv.com\/es\/engineering\/","name":"Ingenier\u00eda de prensa | Servicios T\u00e9cnicos de BCN","isPartOf":{"@id":"https:\/\/bcntechserv.com\/#website"},"primaryImageOfPage":{"@id":"https:\/\/bcntechserv.com\/es\/engineering\/#primaryimage"},"image":{"@id":"https:\/\/bcntechserv.com\/es\/engineering\/#primaryimage"},"thumbnailUrl":"https:\/\/bcntechserv.com\/wp-content\/uploads\/2022\/05\/increased-production.svg","datePublished":"2022-04-29T18:36:36+00:00","dateModified":"2022-06-24T14:23:55+00:00","description":"BCN puede brindar servicios de ingenier\u00eda de prensa para dise\u00f1ar nuevas soluciones que mejoren la producci\u00f3n de su maquinaria.","breadcrumb":{"@id":"https:\/\/bcntechserv.com\/es\/engineering\/#breadcrumb"},"inLanguage":"es","potentialAction":[{"@type":"ReadAction","target":["https:\/\/bcntechserv.com\/es\/engineering\/"]}]},{"@type":"ImageObject","inLanguage":"es","@id":"https:\/\/bcntechserv.com\/es\/engineering\/#primaryimage","url":"https:\/\/bcntechserv.com\/wp-content\/uploads\/2022\/05\/increased-production.svg","contentUrl":"https:\/\/bcntechserv.com\/wp-content\/uploads\/2022\/05\/increased-production.svg"},{"@type":"BreadcrumbList","@id":"https:\/\/bcntechserv.com\/es\/engineering\/#breadcrumb","itemListElement":[{"@type":"ListItem","position":1,"name":"Home","item":"https:\/\/bcntechserv.com\/es\/"},{"@type":"ListItem","position":2,"name":"Ingenieria"}]},{"@type":"WebSite","@id":"https:\/\/bcntechserv.com\/#website","url":"https:\/\/bcntechserv.com\/","name":"ANDRITZ BCN, Inc.","description":"","publisher":{"@id":"https:\/\/bcntechserv.com\/#organization"},"potentialAction":[{"@type":"SearchAction","target":{"@type":"EntryPoint","urlTemplate":"https:\/\/bcntechserv.com\/?s={search_term_string}"},"query-input":{"@type":"PropertyValueSpecification","valueRequired":true,"valueName":"search_term_string"}}],"inLanguage":"es"},{"@type":"Organization","@id":"https:\/\/bcntechserv.com\/#organization","name":"ANDRITZ BCN, Inc.","url":"https:\/\/bcntechserv.com\/","logo":{"@type":"ImageObject","inLanguage":"es","@id":"https:\/\/bcntechserv.com\/#\/schema\/logo\/image\/","url":"https:\/\/bcntechserv.com\/wp-content\/uploads\/2025\/07\/andritz-1.svg","contentUrl":"https:\/\/bcntechserv.com\/wp-content\/uploads\/2025\/07\/andritz-1.svg","width":1,"height":1,"caption":"ANDRITZ BCN, Inc."},"image":{"@id":"https:\/\/bcntechserv.com\/#\/schema\/logo\/image\/"},"sameAs":["https:\/\/www.linkedin.com\/company\/bcntechnicalservices"]}]}},"_links":{"self":[{"href":"https:\/\/bcntechserv.com\/es\/wp-json\/wp\/v2\/pages\/4743","targetHints":{"allow":["GET"]}}],"collection":[{"href":"https:\/\/bcntechserv.com\/es\/wp-json\/wp\/v2\/pages"}],"about":[{"href":"https:\/\/bcntechserv.com\/es\/wp-json\/wp\/v2\/types\/page"}],"author":[{"embeddable":true,"href":"https:\/\/bcntechserv.com\/es\/wp-json\/wp\/v2\/users\/1"}],"replies":[{"embeddable":true,"href":"https:\/\/bcntechserv.com\/es\/wp-json\/wp\/v2\/comments?post=4743"}],"version-history":[{"count":0,"href":"https:\/\/bcntechserv.com\/es\/wp-json\/wp\/v2\/pages\/4743\/revisions"}],"wp:attachment":[{"href":"https:\/\/bcntechserv.com\/es\/wp-json\/wp\/v2\/media?parent=4743"}],"curies":[{"name":"wp","href":"https:\/\/api.w.org\/{rel}","templated":true}]}}