{"id":4744,"date":"2022-04-29T14:34:59","date_gmt":"2022-04-29T18:34:59","guid":{"rendered":"https:\/\/bcntechserv.com\/field-service-inspections-maintenance\/"},"modified":"2022-06-24T14:21:16","modified_gmt":"2022-06-24T14:21:16","slug":"field-service-inspections-maintenance","status":"publish","type":"page","link":"https:\/\/bcntechserv.com\/es\/field-service-inspections-maintenance\/","title":{"rendered":"Servicio de campo, inspecciones y mantenimiento"},"content":{"rendered":"\n<h3>\n\t\tSERVICIO DE PRENSA Y REPARACI\u00d3N\n\t<\/h3>\n<h1>\n\t\tServicio de Campo, Inspecciones y Mantenimiento \n\t<\/h1>\n\t\t\t<a href=\"https:\/\/bcntechserv.com\/es\/contact\/\" target=\"_self\" role=\"button\" rel=\"noopener\">\n\t\t\t\t\t\t\tCont\u00e1ctenos\n\t\t\t\t\t<\/a>\n\t\t\t\t\t\t\t<img decoding=\"async\" src=\"https:\/\/bcntechserv.com\/wp-content\/uploads\/2022\/05\/increased-production.svg\" alt=\"increased-production\" \/>\n\t\t\t<h4>Prevenci\u00f3n de problemas<\/h4>\n\t\t\t\t\t\t\t<img decoding=\"async\" src=\"https:\/\/bcntechserv.com\/wp-content\/uploads\/2022\/05\/longer-tool-life.svg\" alt=\"longer-tool-life\" \/>\n\t\t\t<h4>Reduzca el tiempo de inactividad<\/h4>\n\t\t\t\t\t\t\t<img decoding=\"async\" src=\"https:\/\/bcntechserv.com\/wp-content\/uploads\/2022\/05\/CER-2.svg\" alt=\"CER-2\" \/>\n\t\t\t<h4>Reparaciones rentables<\/h4>\n\t\t\t\t\t\t\t<img decoding=\"async\" src=\"https:\/\/bcntechserv.com\/wp-content\/uploads\/2022\/05\/higher-efficiency-parts.svg\" alt=\"higher-efficiency-parts\" \/>\n\t\t\t<h4>Diagn\u00f3stico de problemas <\/h4>\n<h2>\n\t\tAhorre costos en el mantenimiento de sus prensas, con una inspecci\u00f3n de prensa por parte de BCN\n\t<\/h2>\n<p>Tener su prensa inspeccionada antes de la aver\u00eda le evitar\u00e1 p\u00e9rdidas inesperadas de producci\u00f3n y costos de reparaci\u00f3n adicionales. Durante una inspecci\u00f3n, un t\u00e9cnico de campo llegar\u00e1 al sitio y evaluar\u00e1 la condici\u00f3n de su equipo. A continuaci\u00f3n, recibir\u00e1 un informe escrito que destaca las \u00e1reas con potencial de aver\u00eda en el futuro.<\/p>\n\t<p>Programar servicio de campo: <strong>(269) 948-5867<\/strong><\/p>\n<h2>\n\t\tNiveles de Inspecciones\n\t<\/h2>\n\t\t\t<h4>B\u00e1sico<\/h4>\n\t\t\t<p>Una inspecci\u00f3n b\u00e1sica consiste en comprobaciones visibles de todos los componentes, principales junto con el estado general de la prensa. Nuestros t\u00e9cnicos de servicio le informar\u00e1n sobre cualquier problem\u00e1tica observada durante la inspecci\u00f3n, que pueda afectar el correcto funcionamiento en el futuro.\u00a0Marco de tiempo: 1 d\u00eda, 3-5 horas (depende del tama\u00f1o).<\/p>\t\t\n\t\t\t<h4>Est\u00e1ndar<\/h4>\n\t\t\t<p>Una inspecci\u00f3n est\u00e1ndar consta de todos los puntos b\u00e1sicos de inspecci\u00f3n, incluye checar los sistemas hidr\u00e1ulicos, de lubricaci\u00f3n y otros sistemas principales. Tambi\u00e9n completamos una inspecci\u00f3n geom\u00e9trica, comprobando el paralelismo de la prensa y la nivelaci\u00f3n junto con las holguras de las gu\u00edas del embolo y columnas. Se le informar\u00e1 de cualquier \u00e1rea problem\u00e1tica observada por nuestro t\u00e9cnico de servicio, incluidas las visuales y geom\u00e9tricas.\u00a0Marco de tiempo: 1 d\u00eda, 8-12 horas (depende del tama\u00f1o).<\/p>\t\t\n\t\t\t<h4>M\u00e1s<\/h4>\n\t\t\t<p>Junto con la inspecci\u00f3n b\u00e1sica y est\u00e1ndar, el nivel plus cubre aspectos el\u00e9ctricos (gabinetes de control, conexiones, operaciones), as\u00ed como funciones esenciales de seguridad y contragolpe. Nuestros t\u00e9cnicos de servicio, toman muestras de aceite de la prensa, donde estos resultados se presentar\u00e1n en un informe generado por Ingenier\u00eda de Servicio.\u00a0Marco de tiempo: 1 d\u00eda, 10 a 12 horas (seg\u00fan el tama\u00f1o) utilizando dos t\u00e9cnicos de servicio.<\/p>\t\t\n<h2>\n\t\tComun\u00edquese con el departamento de servicio de BCN para programar los servicios que necesita.\n\t<\/h2>\n\t\t\t<a href=\"tel:1-800-642-5477\" target=\"_self\" role=\"button\" rel=\"noopener\">\n\t\t\t\t\t\t\t1-800-642-5477\n\t\t\t\t\t<\/a>\n\t\t\t\t<img loading=\"lazy\" decoding=\"async\" src=\"https:\/\/bcntechserv.com\/wp-content\/uploads\/2022\/05\/1831.jpg\" alt=\"1831\" itemprop=\"image\" height=\"1241\" width=\"2000\" title=\"1831\" onerror=\"this.style.display='none'\"  \/>\n<h5>\n\t\tNUEVO\n\t<\/h5>\n<h2>\n\t\tEnv\u00ede su solicitud de cotizaci\u00f3n de piezas Bliss 1831 en l\u00ednea\n\t<\/h2>\n\t<p>Solicite una cotizaci\u00f3n de refacciones Bliss 1831 con solo unos pocos clics y compre f\u00e1cilmente iniciando sesi\u00f3n en su cuenta.<\/p>\n<p><a href=\"https:\/\/bcntechserv.com\/es\/collection\/bliss-model-1831-plates-1-12\/\">Explorar \u203a<\/a><\/p>\n<h2>\n\t\t\u00bfPor qu\u00e9 elegir BCN para la inspecci\u00f3n y mantenimiento de sus prensas?\n\t<\/h2>\n\t\t\t<h4>T\u00e9cnicos experimentados<\/h4>\n\t\t\t<p>Los miembros del equipo de gesti\u00f3n de proyectos altamente calificados, administran todos nuestros servicios de mantenimiento e inspecci\u00f3n de prensas. Contamos con un equipo de t\u00e9cnicos de servicio de campo expertos y los mejores t\u00e9cnicos de ingenier\u00eda de la industria.<\/p>\t\t\n\t\t\t<h4>Flexible a sus necesidades<\/h4>\n\t\t\t<p>Las inspecciones peri\u00f3dicas de mantenimiento preventivo, casi siempre dan como resultado, un tiempo de menor inactividad y lo ayudan a evitar costos de reparaci\u00f3n considerables en el futuro. A trav\u00e9s de BCN, puede elegir un nivel de inspecci\u00f3n que se ajuste a las necesidades de su prensa.<\/p>\t\t\n\t\t\t<h4>Proveedor original OEM<\/h4>\n\t\t\t<p>Sabemos que no hay sustituto para el original. Es por eso que fabricamos nuevas piezas de prensa utilizando los planos del fabricante de equipos originales (OEM), para que pueda volver a tener su prensa funcionando sin problemas.<\/p>\t\t\n\t\t\t<h4>Garant\u00eda de bienes y servicios<\/h4>\n\t\t\t<p>Garantizamos en el momento de la entrega que los productos estar\u00e1n libres de defectos en materiales y mano de obra. Realizaremos los servicios de manera r\u00e1pida, profesional y eficiente. Consulte nuestra <a href=\"https:\/\/bcntechserv.com\/es\/warranties\/\">Garant\u00eda de bienes y servicios<\/a> para obtener m\u00e1s informaci\u00f3n.<\/p>\t\t\n<h2>\n\t\tReg\u00edstrese para recibir actualizaciones e informaci\u00f3n importante de ANDRITZ BCN, Inc.\n\t<\/h2>\n\t\t\t<a href=\"\/es\/email-newsletter-opt-in\/\" target=\"_self\" role=\"button\" rel=\"noopener\">\n\t\t\t\t\t\t\tSuscr\u00edbase ahora\n\t\t\t\t\t<\/a>\n\n","protected":false},"excerpt":{"rendered":"<p>SERVICIO DE PRENSA Y REPARACI\u00d3N Servicio de Campo, Inspecciones y Mantenimiento Cont\u00e1ctenos Prevenci\u00f3n de problemas Reduzca el tiempo de inactividad Reparaciones rentables Diagn\u00f3stico de problemas Ahorre costos en el mantenimiento de sus prensas, con una inspecci\u00f3n de prensa por parte de BCN Tener su prensa inspeccionada antes de la aver\u00eda le evitar\u00e1 p\u00e9rdidas inesperadas de&hellip;<\/p>\n","protected":false},"author":1,"featured_media":0,"parent":0,"menu_order":0,"comment_status":"closed","ping_status":"closed","template":"","meta":{"_acf_changed":false,"footnotes":""},"class_list":["post-4744","page","type-page","status-publish","hentry"],"acf":[],"yoast_head":"<!-- This site is optimized with the Yoast SEO plugin v27.5 - https:\/\/yoast.com\/product\/yoast-seo-wordpress\/ -->\n<title>Inspecciones y mantenimiento | Servicios T\u00e9cnicos de BCN<\/title>\n<meta name=\"description\" content=\"Ahorrar costes en el mantenimiento de la prensa con las inspecciones, mantenimiento y servicio de campo de prensa.\" \/>\n<meta name=\"robots\" content=\"index, follow, max-snippet:-1, max-image-preview:large, max-video-preview:-1\" \/>\n<link rel=\"canonical\" href=\"https:\/\/bcntechserv.com\/es\/field-service-inspections-maintenance\/\" \/>\n<meta property=\"og:locale\" content=\"es_ES\" \/>\n<meta property=\"og:type\" content=\"article\" \/>\n<meta property=\"og:title\" content=\"Inspecciones y mantenimiento | Servicios T\u00e9cnicos de BCN\" \/>\n<meta property=\"og:description\" content=\"Ahorrar costes en el mantenimiento de la prensa con las inspecciones, mantenimiento y servicio de campo de prensa.\" \/>\n<meta property=\"og:url\" content=\"https:\/\/bcntechserv.com\/es\/field-service-inspections-maintenance\/\" \/>\n<meta property=\"og:site_name\" content=\"ANDRITZ BCN, Inc.\" \/>\n<meta property=\"article:modified_time\" content=\"2022-06-24T14:21:16+00:00\" \/>\n<meta property=\"og:image\" content=\"https:\/\/bcntechserv.com\/wp-content\/uploads\/2022\/05\/increased-production.svg\" \/>\n<meta name=\"twitter:card\" content=\"summary_large_image\" \/>\n<meta name=\"twitter:label1\" content=\"Tiempo de lectura\" \/>\n\t<meta name=\"twitter:data1\" content=\"3 minutos\" \/>\n<script type=\"application\/ld+json\" class=\"yoast-schema-graph\">{\"@context\":\"https:\\\/\\\/schema.org\",\"@graph\":[{\"@type\":\"WebPage\",\"@id\":\"https:\\\/\\\/bcntechserv.com\\\/es\\\/field-service-inspections-maintenance\\\/\",\"url\":\"https:\\\/\\\/bcntechserv.com\\\/es\\\/field-service-inspections-maintenance\\\/\",\"name\":\"Inspecciones y mantenimiento | Servicios T\u00e9cnicos de BCN\",\"isPartOf\":{\"@id\":\"https:\\\/\\\/bcntechserv.com\\\/#website\"},\"primaryImageOfPage\":{\"@id\":\"https:\\\/\\\/bcntechserv.com\\\/es\\\/field-service-inspections-maintenance\\\/#primaryimage\"},\"image\":{\"@id\":\"https:\\\/\\\/bcntechserv.com\\\/es\\\/field-service-inspections-maintenance\\\/#primaryimage\"},\"thumbnailUrl\":\"https:\\\/\\\/bcntechserv.com\\\/wp-content\\\/uploads\\\/2022\\\/05\\\/increased-production.svg\",\"datePublished\":\"2022-04-29T18:34:59+00:00\",\"dateModified\":\"2022-06-24T14:21:16+00:00\",\"description\":\"Ahorrar costes en el mantenimiento de la prensa con las inspecciones, mantenimiento y servicio de campo de prensa.\",\"breadcrumb\":{\"@id\":\"https:\\\/\\\/bcntechserv.com\\\/es\\\/field-service-inspections-maintenance\\\/#breadcrumb\"},\"inLanguage\":\"es\",\"potentialAction\":[{\"@type\":\"ReadAction\",\"target\":[\"https:\\\/\\\/bcntechserv.com\\\/es\\\/field-service-inspections-maintenance\\\/\"]}]},{\"@type\":\"ImageObject\",\"inLanguage\":\"es\",\"@id\":\"https:\\\/\\\/bcntechserv.com\\\/es\\\/field-service-inspections-maintenance\\\/#primaryimage\",\"url\":\"https:\\\/\\\/bcntechserv.com\\\/wp-content\\\/uploads\\\/2022\\\/05\\\/increased-production.svg\",\"contentUrl\":\"https:\\\/\\\/bcntechserv.com\\\/wp-content\\\/uploads\\\/2022\\\/05\\\/increased-production.svg\"},{\"@type\":\"BreadcrumbList\",\"@id\":\"https:\\\/\\\/bcntechserv.com\\\/es\\\/field-service-inspections-maintenance\\\/#breadcrumb\",\"itemListElement\":[{\"@type\":\"ListItem\",\"position\":1,\"name\":\"Home\",\"item\":\"https:\\\/\\\/bcntechserv.com\\\/es\\\/\"},{\"@type\":\"ListItem\",\"position\":2,\"name\":\"Servicio de campo, inspecciones y mantenimiento\"}]},{\"@type\":\"WebSite\",\"@id\":\"https:\\\/\\\/bcntechserv.com\\\/#website\",\"url\":\"https:\\\/\\\/bcntechserv.com\\\/\",\"name\":\"ANDRITZ BCN, Inc.\",\"description\":\"\",\"publisher\":{\"@id\":\"https:\\\/\\\/bcntechserv.com\\\/#organization\"},\"potentialAction\":[{\"@type\":\"SearchAction\",\"target\":{\"@type\":\"EntryPoint\",\"urlTemplate\":\"https:\\\/\\\/bcntechserv.com\\\/?s={search_term_string}\"},\"query-input\":{\"@type\":\"PropertyValueSpecification\",\"valueRequired\":true,\"valueName\":\"search_term_string\"}}],\"inLanguage\":\"es\"},{\"@type\":\"Organization\",\"@id\":\"https:\\\/\\\/bcntechserv.com\\\/#organization\",\"name\":\"ANDRITZ BCN, Inc.\",\"url\":\"https:\\\/\\\/bcntechserv.com\\\/\",\"logo\":{\"@type\":\"ImageObject\",\"inLanguage\":\"es\",\"@id\":\"https:\\\/\\\/bcntechserv.com\\\/#\\\/schema\\\/logo\\\/image\\\/\",\"url\":\"https:\\\/\\\/bcntechserv.com\\\/wp-content\\\/uploads\\\/2025\\\/07\\\/andritz-1.svg\",\"contentUrl\":\"https:\\\/\\\/bcntechserv.com\\\/wp-content\\\/uploads\\\/2025\\\/07\\\/andritz-1.svg\",\"width\":1,\"height\":1,\"caption\":\"ANDRITZ BCN, Inc.\"},\"image\":{\"@id\":\"https:\\\/\\\/bcntechserv.com\\\/#\\\/schema\\\/logo\\\/image\\\/\"},\"sameAs\":[\"https:\\\/\\\/www.linkedin.com\\\/company\\\/bcntechnicalservices\"]}]}<\/script>\n<!-- \/ Yoast SEO plugin. -->","yoast_head_json":{"title":"Inspecciones y mantenimiento | Servicios T\u00e9cnicos de BCN","description":"Ahorrar costes en el mantenimiento de la prensa con las inspecciones, mantenimiento y servicio de campo de prensa.","robots":{"index":"index","follow":"follow","max-snippet":"max-snippet:-1","max-image-preview":"max-image-preview:large","max-video-preview":"max-video-preview:-1"},"canonical":"https:\/\/bcntechserv.com\/es\/field-service-inspections-maintenance\/","og_locale":"es_ES","og_type":"article","og_title":"Inspecciones y mantenimiento | Servicios T\u00e9cnicos de BCN","og_description":"Ahorrar costes en el mantenimiento de la prensa con las inspecciones, mantenimiento y servicio de campo de prensa.","og_url":"https:\/\/bcntechserv.com\/es\/field-service-inspections-maintenance\/","og_site_name":"ANDRITZ BCN, Inc.","article_modified_time":"2022-06-24T14:21:16+00:00","og_image":[{"url":"https:\/\/bcntechserv.com\/wp-content\/uploads\/2022\/05\/increased-production.svg","type":"","width":"","height":""}],"twitter_card":"summary_large_image","twitter_misc":{"Tiempo de lectura":"3 minutos"},"schema":{"@context":"https:\/\/schema.org","@graph":[{"@type":"WebPage","@id":"https:\/\/bcntechserv.com\/es\/field-service-inspections-maintenance\/","url":"https:\/\/bcntechserv.com\/es\/field-service-inspections-maintenance\/","name":"Inspecciones y mantenimiento | Servicios T\u00e9cnicos de BCN","isPartOf":{"@id":"https:\/\/bcntechserv.com\/#website"},"primaryImageOfPage":{"@id":"https:\/\/bcntechserv.com\/es\/field-service-inspections-maintenance\/#primaryimage"},"image":{"@id":"https:\/\/bcntechserv.com\/es\/field-service-inspections-maintenance\/#primaryimage"},"thumbnailUrl":"https:\/\/bcntechserv.com\/wp-content\/uploads\/2022\/05\/increased-production.svg","datePublished":"2022-04-29T18:34:59+00:00","dateModified":"2022-06-24T14:21:16+00:00","description":"Ahorrar costes en el mantenimiento de la prensa con las inspecciones, mantenimiento y servicio de campo de prensa.","breadcrumb":{"@id":"https:\/\/bcntechserv.com\/es\/field-service-inspections-maintenance\/#breadcrumb"},"inLanguage":"es","potentialAction":[{"@type":"ReadAction","target":["https:\/\/bcntechserv.com\/es\/field-service-inspections-maintenance\/"]}]},{"@type":"ImageObject","inLanguage":"es","@id":"https:\/\/bcntechserv.com\/es\/field-service-inspections-maintenance\/#primaryimage","url":"https:\/\/bcntechserv.com\/wp-content\/uploads\/2022\/05\/increased-production.svg","contentUrl":"https:\/\/bcntechserv.com\/wp-content\/uploads\/2022\/05\/increased-production.svg"},{"@type":"BreadcrumbList","@id":"https:\/\/bcntechserv.com\/es\/field-service-inspections-maintenance\/#breadcrumb","itemListElement":[{"@type":"ListItem","position":1,"name":"Home","item":"https:\/\/bcntechserv.com\/es\/"},{"@type":"ListItem","position":2,"name":"Servicio de campo, inspecciones y mantenimiento"}]},{"@type":"WebSite","@id":"https:\/\/bcntechserv.com\/#website","url":"https:\/\/bcntechserv.com\/","name":"ANDRITZ BCN, Inc.","description":"","publisher":{"@id":"https:\/\/bcntechserv.com\/#organization"},"potentialAction":[{"@type":"SearchAction","target":{"@type":"EntryPoint","urlTemplate":"https:\/\/bcntechserv.com\/?s={search_term_string}"},"query-input":{"@type":"PropertyValueSpecification","valueRequired":true,"valueName":"search_term_string"}}],"inLanguage":"es"},{"@type":"Organization","@id":"https:\/\/bcntechserv.com\/#organization","name":"ANDRITZ BCN, Inc.","url":"https:\/\/bcntechserv.com\/","logo":{"@type":"ImageObject","inLanguage":"es","@id":"https:\/\/bcntechserv.com\/#\/schema\/logo\/image\/","url":"https:\/\/bcntechserv.com\/wp-content\/uploads\/2025\/07\/andritz-1.svg","contentUrl":"https:\/\/bcntechserv.com\/wp-content\/uploads\/2025\/07\/andritz-1.svg","width":1,"height":1,"caption":"ANDRITZ BCN, Inc."},"image":{"@id":"https:\/\/bcntechserv.com\/#\/schema\/logo\/image\/"},"sameAs":["https:\/\/www.linkedin.com\/company\/bcntechnicalservices"]}]}},"_links":{"self":[{"href":"https:\/\/bcntechserv.com\/es\/wp-json\/wp\/v2\/pages\/4744","targetHints":{"allow":["GET"]}}],"collection":[{"href":"https:\/\/bcntechserv.com\/es\/wp-json\/wp\/v2\/pages"}],"about":[{"href":"https:\/\/bcntechserv.com\/es\/wp-json\/wp\/v2\/types\/page"}],"author":[{"embeddable":true,"href":"https:\/\/bcntechserv.com\/es\/wp-json\/wp\/v2\/users\/1"}],"replies":[{"embeddable":true,"href":"https:\/\/bcntechserv.com\/es\/wp-json\/wp\/v2\/comments?post=4744"}],"version-history":[{"count":0,"href":"https:\/\/bcntechserv.com\/es\/wp-json\/wp\/v2\/pages\/4744\/revisions"}],"wp:attachment":[{"href":"https:\/\/bcntechserv.com\/es\/wp-json\/wp\/v2\/media?parent=4744"}],"curies":[{"name":"wp","href":"https:\/\/api.w.org\/{rel}","templated":true}]}}