{"id":4745,"date":"2022-04-08T19:50:00","date_gmt":"2022-04-08T23:50:00","guid":{"rendered":"https:\/\/bcntechserv.com\/find-press-serial-number\/"},"modified":"2022-06-23T21:21:06","modified_gmt":"2022-06-23T21:21:06","slug":"find-press-serial-number","status":"publish","type":"page","link":"https:\/\/bcntechserv.com\/es\/find-press-serial-number\/","title":{"rendered":"Buscar el n\u00famero de serie de la prensa"},"content":{"rendered":"\n<h3>\n\t\tRECURSOS\n\t<\/h3>\n<h1>\n\t\tBuscar modelo de prensa y n\u00famero de serie\n\t<\/h1>\n\t\t\t<a href=\"https:\/\/bcntechserv.com\/es\/contact\/\" target=\"_self\" role=\"button\" rel=\"noopener\">\n\t\t\t\t\t\t\tCont\u00e1ctenos\n\t\t\t\t\t<\/a>\n<h2>\n\t\tC\u00f3mo encontrar su modelo de prensa\n\t<\/h2>\n\t<p>El n\u00famero de modelo se indica de forma destacada en su prensa. Para algunos modelos tambi\u00e9n podemos necesitar el n\u00famero de placa o del manual. Si tiene preguntas, <a href=\"#chatea\">inicie una\u00a0chatea<\/a> con nosotros<\/p>\n<h2>\n\t\tC\u00f3mo encontrar su n\u00famero de serie\n\t<\/h2>\n\tEl n\u00famero de serie se puede encontrar en varios lugares de su prensa. Si necesitas ayuda, <a href=\"\/wp-content\/uploads\/2022\/05\/How_to_find_a_press_serial_number.pdf\" target=\"_blank\" rel=\"noopener\">haga referencia a este gr\u00e1fico<\/a>.\n\n","protected":false},"excerpt":{"rendered":"<p>RECURSOS Buscar modelo de prensa y n\u00famero de serie Cont\u00e1ctenos C\u00f3mo encontrar su modelo de prensa El n\u00famero de modelo se indica de forma destacada en su prensa. Para algunos modelos tambi\u00e9n podemos necesitar el n\u00famero de placa o del manual. Si tiene preguntas, inicie una\u00a0chatea con nosotros C\u00f3mo encontrar su n\u00famero de serie El&hellip;<\/p>\n","protected":false},"author":1,"featured_media":0,"parent":0,"menu_order":0,"comment_status":"closed","ping_status":"closed","template":"","meta":{"_acf_changed":false,"footnotes":""},"class_list":["post-4745","page","type-page","status-publish","hentry"],"acf":[],"yoast_head":"<!-- This site is optimized with the Yoast SEO plugin v27.5 - https:\/\/yoast.com\/product\/yoast-seo-wordpress\/ -->\n<title>Buscar modelo de prensa | Servicios T\u00e9cnicos de BCN<\/title>\n<meta name=\"description\" content=\"Utilice los recursos de los Servicios T\u00e9cnicos de BCN para saber c\u00f3mo encontrar su modelo de prensa y n\u00famero de serie.\" \/>\n<meta name=\"robots\" content=\"index, follow, max-snippet:-1, max-image-preview:large, max-video-preview:-1\" \/>\n<link rel=\"canonical\" href=\"https:\/\/bcntechserv.com\/es\/find-press-serial-number\/\" \/>\n<meta property=\"og:locale\" content=\"es_ES\" \/>\n<meta property=\"og:type\" content=\"article\" \/>\n<meta property=\"og:title\" content=\"Buscar modelo de prensa | Servicios T\u00e9cnicos de BCN\" \/>\n<meta property=\"og:description\" content=\"Utilice los recursos de los Servicios T\u00e9cnicos de BCN para saber c\u00f3mo encontrar su modelo de prensa y n\u00famero de serie.\" \/>\n<meta property=\"og:url\" content=\"https:\/\/bcntechserv.com\/es\/find-press-serial-number\/\" \/>\n<meta property=\"og:site_name\" content=\"ANDRITZ BCN, Inc.\" \/>\n<meta property=\"article:modified_time\" content=\"2022-06-23T21:21:06+00:00\" \/>\n<meta name=\"twitter:card\" content=\"summary_large_image\" \/>\n<script type=\"application\/ld+json\" class=\"yoast-schema-graph\">{\"@context\":\"https:\\\/\\\/schema.org\",\"@graph\":[{\"@type\":\"WebPage\",\"@id\":\"https:\\\/\\\/bcntechserv.com\\\/es\\\/find-press-serial-number\\\/\",\"url\":\"https:\\\/\\\/bcntechserv.com\\\/es\\\/find-press-serial-number\\\/\",\"name\":\"Buscar modelo de prensa | Servicios T\u00e9cnicos de BCN\",\"isPartOf\":{\"@id\":\"https:\\\/\\\/bcntechserv.com\\\/#website\"},\"datePublished\":\"2022-04-08T23:50:00+00:00\",\"dateModified\":\"2022-06-23T21:21:06+00:00\",\"description\":\"Utilice los recursos de los Servicios T\u00e9cnicos de BCN para saber c\u00f3mo encontrar su modelo de prensa y n\u00famero de serie.\",\"breadcrumb\":{\"@id\":\"https:\\\/\\\/bcntechserv.com\\\/es\\\/find-press-serial-number\\\/#breadcrumb\"},\"inLanguage\":\"es\",\"potentialAction\":[{\"@type\":\"ReadAction\",\"target\":[\"https:\\\/\\\/bcntechserv.com\\\/es\\\/find-press-serial-number\\\/\"]}]},{\"@type\":\"BreadcrumbList\",\"@id\":\"https:\\\/\\\/bcntechserv.com\\\/es\\\/find-press-serial-number\\\/#breadcrumb\",\"itemListElement\":[{\"@type\":\"ListItem\",\"position\":1,\"name\":\"Home\",\"item\":\"https:\\\/\\\/bcntechserv.com\\\/es\\\/\"},{\"@type\":\"ListItem\",\"position\":2,\"name\":\"Buscar el n\u00famero de serie de la prensa\"}]},{\"@type\":\"WebSite\",\"@id\":\"https:\\\/\\\/bcntechserv.com\\\/#website\",\"url\":\"https:\\\/\\\/bcntechserv.com\\\/\",\"name\":\"ANDRITZ BCN, Inc.\",\"description\":\"\",\"publisher\":{\"@id\":\"https:\\\/\\\/bcntechserv.com\\\/#organization\"},\"potentialAction\":[{\"@type\":\"SearchAction\",\"target\":{\"@type\":\"EntryPoint\",\"urlTemplate\":\"https:\\\/\\\/bcntechserv.com\\\/?s={search_term_string}\"},\"query-input\":{\"@type\":\"PropertyValueSpecification\",\"valueRequired\":true,\"valueName\":\"search_term_string\"}}],\"inLanguage\":\"es\"},{\"@type\":\"Organization\",\"@id\":\"https:\\\/\\\/bcntechserv.com\\\/#organization\",\"name\":\"ANDRITZ BCN, Inc.\",\"url\":\"https:\\\/\\\/bcntechserv.com\\\/\",\"logo\":{\"@type\":\"ImageObject\",\"inLanguage\":\"es\",\"@id\":\"https:\\\/\\\/bcntechserv.com\\\/#\\\/schema\\\/logo\\\/image\\\/\",\"url\":\"https:\\\/\\\/bcntechserv.com\\\/wp-content\\\/uploads\\\/2025\\\/07\\\/andritz-1.svg\",\"contentUrl\":\"https:\\\/\\\/bcntechserv.com\\\/wp-content\\\/uploads\\\/2025\\\/07\\\/andritz-1.svg\",\"width\":1,\"height\":1,\"caption\":\"ANDRITZ BCN, Inc.\"},\"image\":{\"@id\":\"https:\\\/\\\/bcntechserv.com\\\/#\\\/schema\\\/logo\\\/image\\\/\"},\"sameAs\":[\"https:\\\/\\\/www.linkedin.com\\\/company\\\/bcntechnicalservices\"]}]}<\/script>\n<!-- \/ Yoast SEO plugin. -->","yoast_head_json":{"title":"Buscar modelo de prensa | Servicios T\u00e9cnicos de BCN","description":"Utilice los recursos de los Servicios T\u00e9cnicos de BCN para saber c\u00f3mo encontrar su modelo de prensa y n\u00famero de serie.","robots":{"index":"index","follow":"follow","max-snippet":"max-snippet:-1","max-image-preview":"max-image-preview:large","max-video-preview":"max-video-preview:-1"},"canonical":"https:\/\/bcntechserv.com\/es\/find-press-serial-number\/","og_locale":"es_ES","og_type":"article","og_title":"Buscar modelo de prensa | Servicios T\u00e9cnicos de BCN","og_description":"Utilice los recursos de los Servicios T\u00e9cnicos de BCN para saber c\u00f3mo encontrar su modelo de prensa y n\u00famero de serie.","og_url":"https:\/\/bcntechserv.com\/es\/find-press-serial-number\/","og_site_name":"ANDRITZ BCN, Inc.","article_modified_time":"2022-06-23T21:21:06+00:00","twitter_card":"summary_large_image","schema":{"@context":"https:\/\/schema.org","@graph":[{"@type":"WebPage","@id":"https:\/\/bcntechserv.com\/es\/find-press-serial-number\/","url":"https:\/\/bcntechserv.com\/es\/find-press-serial-number\/","name":"Buscar modelo de prensa | Servicios T\u00e9cnicos de BCN","isPartOf":{"@id":"https:\/\/bcntechserv.com\/#website"},"datePublished":"2022-04-08T23:50:00+00:00","dateModified":"2022-06-23T21:21:06+00:00","description":"Utilice los recursos de los Servicios T\u00e9cnicos de BCN para saber c\u00f3mo encontrar su modelo de prensa y n\u00famero de serie.","breadcrumb":{"@id":"https:\/\/bcntechserv.com\/es\/find-press-serial-number\/#breadcrumb"},"inLanguage":"es","potentialAction":[{"@type":"ReadAction","target":["https:\/\/bcntechserv.com\/es\/find-press-serial-number\/"]}]},{"@type":"BreadcrumbList","@id":"https:\/\/bcntechserv.com\/es\/find-press-serial-number\/#breadcrumb","itemListElement":[{"@type":"ListItem","position":1,"name":"Home","item":"https:\/\/bcntechserv.com\/es\/"},{"@type":"ListItem","position":2,"name":"Buscar el n\u00famero de serie de la prensa"}]},{"@type":"WebSite","@id":"https:\/\/bcntechserv.com\/#website","url":"https:\/\/bcntechserv.com\/","name":"ANDRITZ BCN, Inc.","description":"","publisher":{"@id":"https:\/\/bcntechserv.com\/#organization"},"potentialAction":[{"@type":"SearchAction","target":{"@type":"EntryPoint","urlTemplate":"https:\/\/bcntechserv.com\/?s={search_term_string}"},"query-input":{"@type":"PropertyValueSpecification","valueRequired":true,"valueName":"search_term_string"}}],"inLanguage":"es"},{"@type":"Organization","@id":"https:\/\/bcntechserv.com\/#organization","name":"ANDRITZ BCN, Inc.","url":"https:\/\/bcntechserv.com\/","logo":{"@type":"ImageObject","inLanguage":"es","@id":"https:\/\/bcntechserv.com\/#\/schema\/logo\/image\/","url":"https:\/\/bcntechserv.com\/wp-content\/uploads\/2025\/07\/andritz-1.svg","contentUrl":"https:\/\/bcntechserv.com\/wp-content\/uploads\/2025\/07\/andritz-1.svg","width":1,"height":1,"caption":"ANDRITZ BCN, Inc."},"image":{"@id":"https:\/\/bcntechserv.com\/#\/schema\/logo\/image\/"},"sameAs":["https:\/\/www.linkedin.com\/company\/bcntechnicalservices"]}]}},"_links":{"self":[{"href":"https:\/\/bcntechserv.com\/es\/wp-json\/wp\/v2\/pages\/4745","targetHints":{"allow":["GET"]}}],"collection":[{"href":"https:\/\/bcntechserv.com\/es\/wp-json\/wp\/v2\/pages"}],"about":[{"href":"https:\/\/bcntechserv.com\/es\/wp-json\/wp\/v2\/types\/page"}],"author":[{"embeddable":true,"href":"https:\/\/bcntechserv.com\/es\/wp-json\/wp\/v2\/users\/1"}],"replies":[{"embeddable":true,"href":"https:\/\/bcntechserv.com\/es\/wp-json\/wp\/v2\/comments?post=4745"}],"version-history":[{"count":0,"href":"https:\/\/bcntechserv.com\/es\/wp-json\/wp\/v2\/pages\/4745\/revisions"}],"wp:attachment":[{"href":"https:\/\/bcntechserv.com\/es\/wp-json\/wp\/v2\/media?parent=4745"}],"curies":[{"name":"wp","href":"https:\/\/api.w.org\/{rel}","templated":true}]}}