{"id":4748,"date":"2022-05-11T14:30:56","date_gmt":"2022-05-11T18:30:56","guid":{"rendered":"https:\/\/bcntechserv.com\/other-manufacturers\/"},"modified":"2022-06-15T15:59:23","modified_gmt":"2022-06-15T15:59:23","slug":"other-manufacturers","status":"publish","type":"page","link":"https:\/\/bcntechserv.com\/es\/other-manufacturers\/","title":{"rendered":"Otros fabricantes"},"content":{"rendered":"\r\n<h1>Otras piezas de prensa del fabricante<\/h1>\r\n<p><a role=\"button\" href=\"https:\/\/bcntechserv.com\/es\/contact\/\" target=\"_self\" rel=\"noopener\"> Cont\u00e1ctenos <\/a><\/p>\r\n<h2>Encuentre las piezas que necesita<\/h2>\r\n<p>Queremos que le resulte lo m\u00e1s f\u00e1cil posible encontrar las piezas para las prensas USI, Toledo, Consolidated &amp; Wilkins. Hemos ampliado nuestro suministro de piezas y ofrecemos muchas opciones diferentes para ayudar a todo tipo de clientes. Si no encuentra la marca que busca, <a href=\"https:\/\/bcntechserv.com\/es\/contact\/\">cont\u00e1ctenos<\/a>.<\/p>\r\n","protected":false},"excerpt":{"rendered":"<p>Otras piezas de prensa del fabricante Cont\u00e1ctenos Encuentre las piezas que necesita Queremos que le resulte lo m\u00e1s f\u00e1cil posible encontrar las piezas para las prensas USI, Toledo, Consolidated &amp; Wilkins. Hemos ampliado nuestro suministro de piezas y ofrecemos muchas opciones diferentes para ayudar a todo tipo de clientes. Si no encuentra la marca que&hellip;<\/p>\n","protected":false},"author":1,"featured_media":0,"parent":0,"menu_order":0,"comment_status":"closed","ping_status":"closed","template":"","meta":{"_acf_changed":false,"footnotes":""},"class_list":["post-4748","page","type-page","status-publish","hentry"],"acf":[],"yoast_head":"<!-- This site is optimized with the Yoast SEO plugin v27.5 - https:\/\/yoast.com\/product\/yoast-seo-wordpress\/ -->\n<title>Otros fabricantes | Servicios T\u00e9cnicos de BCN<\/title>\n<meta name=\"description\" content=\"Encontrar las piezas para las prensas USI, Toledo, Consolidated &amp; Wilkins. Si no encuentra la marca que busca, cont\u00e1ctenos.\" \/>\n<meta name=\"robots\" content=\"index, follow, max-snippet:-1, max-image-preview:large, max-video-preview:-1\" \/>\n<link rel=\"canonical\" href=\"https:\/\/bcntechserv.com\/es\/other-manufacturers\/\" \/>\n<meta property=\"og:locale\" content=\"es_ES\" \/>\n<meta property=\"og:type\" content=\"article\" \/>\n<meta property=\"og:title\" content=\"Otros fabricantes | Servicios T\u00e9cnicos de BCN\" \/>\n<meta property=\"og:description\" content=\"Encontrar las piezas para las prensas USI, Toledo, Consolidated &amp; Wilkins. Si no encuentra la marca que busca, cont\u00e1ctenos.\" \/>\n<meta property=\"og:url\" content=\"https:\/\/bcntechserv.com\/es\/other-manufacturers\/\" \/>\n<meta property=\"og:site_name\" content=\"ANDRITZ BCN, Inc.\" \/>\n<meta property=\"article:modified_time\" content=\"2022-06-15T15:59:23+00:00\" \/>\n<meta name=\"twitter:card\" content=\"summary_large_image\" \/>\n<script type=\"application\/ld+json\" class=\"yoast-schema-graph\">{\"@context\":\"https:\\\/\\\/schema.org\",\"@graph\":[{\"@type\":\"WebPage\",\"@id\":\"https:\\\/\\\/bcntechserv.com\\\/es\\\/other-manufacturers\\\/\",\"url\":\"https:\\\/\\\/bcntechserv.com\\\/es\\\/other-manufacturers\\\/\",\"name\":\"Otros fabricantes | Servicios T\u00e9cnicos de BCN\",\"isPartOf\":{\"@id\":\"https:\\\/\\\/bcntechserv.com\\\/#website\"},\"datePublished\":\"2022-05-11T18:30:56+00:00\",\"dateModified\":\"2022-06-15T15:59:23+00:00\",\"description\":\"Encontrar las piezas para las prensas USI, Toledo, Consolidated & Wilkins. Si no encuentra la marca que busca, cont\u00e1ctenos.\",\"breadcrumb\":{\"@id\":\"https:\\\/\\\/bcntechserv.com\\\/es\\\/other-manufacturers\\\/#breadcrumb\"},\"inLanguage\":\"es\",\"potentialAction\":[{\"@type\":\"ReadAction\",\"target\":[\"https:\\\/\\\/bcntechserv.com\\\/es\\\/other-manufacturers\\\/\"]}]},{\"@type\":\"BreadcrumbList\",\"@id\":\"https:\\\/\\\/bcntechserv.com\\\/es\\\/other-manufacturers\\\/#breadcrumb\",\"itemListElement\":[{\"@type\":\"ListItem\",\"position\":1,\"name\":\"Home\",\"item\":\"https:\\\/\\\/bcntechserv.com\\\/es\\\/\"},{\"@type\":\"ListItem\",\"position\":2,\"name\":\"Otros fabricantes\"}]},{\"@type\":\"WebSite\",\"@id\":\"https:\\\/\\\/bcntechserv.com\\\/#website\",\"url\":\"https:\\\/\\\/bcntechserv.com\\\/\",\"name\":\"ANDRITZ BCN, Inc.\",\"description\":\"\",\"publisher\":{\"@id\":\"https:\\\/\\\/bcntechserv.com\\\/#organization\"},\"potentialAction\":[{\"@type\":\"SearchAction\",\"target\":{\"@type\":\"EntryPoint\",\"urlTemplate\":\"https:\\\/\\\/bcntechserv.com\\\/?s={search_term_string}\"},\"query-input\":{\"@type\":\"PropertyValueSpecification\",\"valueRequired\":true,\"valueName\":\"search_term_string\"}}],\"inLanguage\":\"es\"},{\"@type\":\"Organization\",\"@id\":\"https:\\\/\\\/bcntechserv.com\\\/#organization\",\"name\":\"ANDRITZ BCN, Inc.\",\"url\":\"https:\\\/\\\/bcntechserv.com\\\/\",\"logo\":{\"@type\":\"ImageObject\",\"inLanguage\":\"es\",\"@id\":\"https:\\\/\\\/bcntechserv.com\\\/#\\\/schema\\\/logo\\\/image\\\/\",\"url\":\"https:\\\/\\\/bcntechserv.com\\\/wp-content\\\/uploads\\\/2025\\\/07\\\/andritz-1.svg\",\"contentUrl\":\"https:\\\/\\\/bcntechserv.com\\\/wp-content\\\/uploads\\\/2025\\\/07\\\/andritz-1.svg\",\"width\":1,\"height\":1,\"caption\":\"ANDRITZ BCN, Inc.\"},\"image\":{\"@id\":\"https:\\\/\\\/bcntechserv.com\\\/#\\\/schema\\\/logo\\\/image\\\/\"},\"sameAs\":[\"https:\\\/\\\/www.linkedin.com\\\/company\\\/bcntechnicalservices\"]}]}<\/script>\n<!-- \/ Yoast SEO plugin. -->","yoast_head_json":{"title":"Otros fabricantes | Servicios T\u00e9cnicos de BCN","description":"Encontrar las piezas para las prensas USI, Toledo, Consolidated & Wilkins. Si no encuentra la marca que busca, cont\u00e1ctenos.","robots":{"index":"index","follow":"follow","max-snippet":"max-snippet:-1","max-image-preview":"max-image-preview:large","max-video-preview":"max-video-preview:-1"},"canonical":"https:\/\/bcntechserv.com\/es\/other-manufacturers\/","og_locale":"es_ES","og_type":"article","og_title":"Otros fabricantes | Servicios T\u00e9cnicos de BCN","og_description":"Encontrar las piezas para las prensas USI, Toledo, Consolidated & Wilkins. Si no encuentra la marca que busca, cont\u00e1ctenos.","og_url":"https:\/\/bcntechserv.com\/es\/other-manufacturers\/","og_site_name":"ANDRITZ BCN, Inc.","article_modified_time":"2022-06-15T15:59:23+00:00","twitter_card":"summary_large_image","schema":{"@context":"https:\/\/schema.org","@graph":[{"@type":"WebPage","@id":"https:\/\/bcntechserv.com\/es\/other-manufacturers\/","url":"https:\/\/bcntechserv.com\/es\/other-manufacturers\/","name":"Otros fabricantes | Servicios T\u00e9cnicos de BCN","isPartOf":{"@id":"https:\/\/bcntechserv.com\/#website"},"datePublished":"2022-05-11T18:30:56+00:00","dateModified":"2022-06-15T15:59:23+00:00","description":"Encontrar las piezas para las prensas USI, Toledo, Consolidated & Wilkins. Si no encuentra la marca que busca, cont\u00e1ctenos.","breadcrumb":{"@id":"https:\/\/bcntechserv.com\/es\/other-manufacturers\/#breadcrumb"},"inLanguage":"es","potentialAction":[{"@type":"ReadAction","target":["https:\/\/bcntechserv.com\/es\/other-manufacturers\/"]}]},{"@type":"BreadcrumbList","@id":"https:\/\/bcntechserv.com\/es\/other-manufacturers\/#breadcrumb","itemListElement":[{"@type":"ListItem","position":1,"name":"Home","item":"https:\/\/bcntechserv.com\/es\/"},{"@type":"ListItem","position":2,"name":"Otros fabricantes"}]},{"@type":"WebSite","@id":"https:\/\/bcntechserv.com\/#website","url":"https:\/\/bcntechserv.com\/","name":"ANDRITZ BCN, Inc.","description":"","publisher":{"@id":"https:\/\/bcntechserv.com\/#organization"},"potentialAction":[{"@type":"SearchAction","target":{"@type":"EntryPoint","urlTemplate":"https:\/\/bcntechserv.com\/?s={search_term_string}"},"query-input":{"@type":"PropertyValueSpecification","valueRequired":true,"valueName":"search_term_string"}}],"inLanguage":"es"},{"@type":"Organization","@id":"https:\/\/bcntechserv.com\/#organization","name":"ANDRITZ BCN, Inc.","url":"https:\/\/bcntechserv.com\/","logo":{"@type":"ImageObject","inLanguage":"es","@id":"https:\/\/bcntechserv.com\/#\/schema\/logo\/image\/","url":"https:\/\/bcntechserv.com\/wp-content\/uploads\/2025\/07\/andritz-1.svg","contentUrl":"https:\/\/bcntechserv.com\/wp-content\/uploads\/2025\/07\/andritz-1.svg","width":1,"height":1,"caption":"ANDRITZ BCN, Inc."},"image":{"@id":"https:\/\/bcntechserv.com\/#\/schema\/logo\/image\/"},"sameAs":["https:\/\/www.linkedin.com\/company\/bcntechnicalservices"]}]}},"_links":{"self":[{"href":"https:\/\/bcntechserv.com\/es\/wp-json\/wp\/v2\/pages\/4748","targetHints":{"allow":["GET"]}}],"collection":[{"href":"https:\/\/bcntechserv.com\/es\/wp-json\/wp\/v2\/pages"}],"about":[{"href":"https:\/\/bcntechserv.com\/es\/wp-json\/wp\/v2\/types\/page"}],"author":[{"embeddable":true,"href":"https:\/\/bcntechserv.com\/es\/wp-json\/wp\/v2\/users\/1"}],"replies":[{"embeddable":true,"href":"https:\/\/bcntechserv.com\/es\/wp-json\/wp\/v2\/comments?post=4748"}],"version-history":[{"count":0,"href":"https:\/\/bcntechserv.com\/es\/wp-json\/wp\/v2\/pages\/4748\/revisions"}],"wp:attachment":[{"href":"https:\/\/bcntechserv.com\/es\/wp-json\/wp\/v2\/media?parent=4748"}],"curies":[{"name":"wp","href":"https:\/\/api.w.org\/{rel}","templated":true}]}}