{"id":4752,"date":"2022-05-12T15:05:55","date_gmt":"2022-05-12T19:05:55","guid":{"rendered":"https:\/\/bcntechserv.com\/resources\/"},"modified":"2022-06-23T21:32:14","modified_gmt":"2022-06-23T21:32:14","slug":"resources","status":"publish","type":"page","link":"https:\/\/bcntechserv.com\/es\/resources\/","title":{"rendered":"Recursos"},"content":{"rendered":"\n\n\t\t\t<a href=\"https:\/\/bcntechserv.com\/es\/contact\/\" target=\"_self\" role=\"button\" rel=\"noopener\">\n\t\t\t\t\t\t\tCont\u00e1ctenos\n\t\t\t\t\t<\/a>\n<h2>\n\t\tManuales\n\t<\/h2>\n\t<p>Ciertas p\u00e1ginas de manuales est\u00e1n incluidas en p\u00e1ginas de partes individuales. Para comprar un manual completo, <a href=\"\/es\/contact\">cont\u00e1ctenos <\/a>.<\/p>\n<h2>\n\t\tInformaci\u00f3n y especificaciones\n\t<\/h2>\n\t<a href=\"\/wp-content\/uploads\/2022\/05\/W-22.3B-Lubricant-Matrix-4-8-22.pdf\">Especificaciones del aceite<\/a><br \/>\n<a href=\"\/wp-content\/uploads\/2022\/05\/BCN-Press-Weights.pdf\" target=\"_blank\" rel=\"noopener\">Pesos de la prensa<\/a><br \/>\n<a href=\"\/wp-content\/uploads\/2022\/05\/W-19.1-Field-Service-Labor-Rates-1-3-22.pdf\" target=\"_blank\" rel=\"noopener\">Mano de obra de servicio de campo y tasas de desplazamiento<\/a><br \/>\n<a href=\"\/wp-content\/uploads\/2022\/05\/INS-Shrinking-Tie-Rods.pdf\" target=\"_blank\" rel=\"noopener\">Varillas Tie Rods\u00a0<\/a><br \/>\n<a href=\"\/wp-content\/uploads\/2022\/05\/Recommended-Torque-For-Cap-Bolts-or-Studs.pdf\" target=\"_blank\" rel=\"noopener\">Torque recomendado para pernos o esp\u00e1rragos<\/a><br \/>\n<a href=\"\/wp-content\/uploads\/2022\/05\/TORC-PAC-NEW-TP-1-FLUID-CARE-MAINT-210325.pdf\" target=\"_blank\" rel=\"noopener\">Torc Pac Nuevo TP-1 Cuidado y mantenimiento de los fluidos\u00a0<\/a><br \/>\n<a href=\"\/wp-content\/uploads\/2022\/05\/Torc-Pac-OBI-Exchange-Installation.pdf\" target=\"_blank\" rel=\"noopener\">Torc Pac OBI Instalaci\u00f3n de intercambio<\/a><br \/>\n<a href=\"\/wp-content\/uploads\/2022\/05\/SPTR_Inside20061514050.pdf\" target=\"_blank\" rel=\"noopener\">Registro de inspecci\u00f3n y mantenimiento sugerido<\/a><br \/>\n<a href=\"\/wp-content\/uploads\/2022\/05\/W-26.1-Adjusting-Air-Counter-Balances-4-1-19.pdf\" target=\"_blank\" rel=\"noopener\">Ajuste de contrapesos de aire<\/a>\n\n","protected":false},"excerpt":{"rendered":"<p>Cont\u00e1ctenos Manuales Ciertas p\u00e1ginas de manuales est\u00e1n incluidas en p\u00e1ginas de partes individuales. Para comprar un manual completo, cont\u00e1ctenos . Informaci\u00f3n y especificaciones Especificaciones del aceite Pesos de la prensa Mano de obra de servicio de campo y tasas de desplazamiento Varillas Tie Rods\u00a0 Torque recomendado para pernos o esp\u00e1rragos Torc Pac Nuevo TP-1 Cuidado&hellip;<\/p>\n","protected":false},"author":1,"featured_media":0,"parent":0,"menu_order":0,"comment_status":"closed","ping_status":"closed","template":"","meta":{"_acf_changed":false,"footnotes":""},"class_list":["post-4752","page","type-page","status-publish","hentry"],"acf":[],"yoast_head":"<!-- This site is optimized with the Yoast SEO plugin v27.4 - https:\/\/yoast.com\/product\/yoast-seo-wordpress\/ -->\n<title>Recursos | Servicios T\u00e9cnicos de BCN<\/title>\n<meta name=\"description\" content=\"Encuentre ciertas p\u00e1ginas de manual incluidas en p\u00e1ginas de partes individuales. Para comprar un manual completo, cont\u00e1ctenos.\" \/>\n<meta name=\"robots\" content=\"index, follow, max-snippet:-1, max-image-preview:large, max-video-preview:-1\" \/>\n<link rel=\"canonical\" href=\"https:\/\/bcntechserv.com\/es\/resources\/\" \/>\n<meta property=\"og:locale\" content=\"es_ES\" \/>\n<meta property=\"og:type\" content=\"article\" \/>\n<meta property=\"og:title\" content=\"Recursos | Servicios T\u00e9cnicos de BCN\" \/>\n<meta property=\"og:description\" content=\"Encuentre ciertas p\u00e1ginas de manual incluidas en p\u00e1ginas de partes individuales. Para comprar un manual completo, cont\u00e1ctenos.\" \/>\n<meta property=\"og:url\" content=\"https:\/\/bcntechserv.com\/es\/resources\/\" \/>\n<meta property=\"og:site_name\" content=\"ANDRITZ BCN, Inc.\" \/>\n<meta property=\"article:modified_time\" content=\"2022-06-23T21:32:14+00:00\" \/>\n<meta name=\"twitter:card\" content=\"summary_large_image\" \/>\n<script type=\"application\/ld+json\" class=\"yoast-schema-graph\">{\"@context\":\"https:\\\/\\\/schema.org\",\"@graph\":[{\"@type\":\"WebPage\",\"@id\":\"https:\\\/\\\/bcntechserv.com\\\/es\\\/resources\\\/\",\"url\":\"https:\\\/\\\/bcntechserv.com\\\/es\\\/resources\\\/\",\"name\":\"Recursos | Servicios T\u00e9cnicos de BCN\",\"isPartOf\":{\"@id\":\"https:\\\/\\\/bcntechserv.com\\\/#website\"},\"datePublished\":\"2022-05-12T19:05:55+00:00\",\"dateModified\":\"2022-06-23T21:32:14+00:00\",\"description\":\"Encuentre ciertas p\u00e1ginas de manual incluidas en p\u00e1ginas de partes individuales. Para comprar un manual completo, cont\u00e1ctenos.\",\"breadcrumb\":{\"@id\":\"https:\\\/\\\/bcntechserv.com\\\/es\\\/resources\\\/#breadcrumb\"},\"inLanguage\":\"es\",\"potentialAction\":[{\"@type\":\"ReadAction\",\"target\":[\"https:\\\/\\\/bcntechserv.com\\\/es\\\/resources\\\/\"]}]},{\"@type\":\"BreadcrumbList\",\"@id\":\"https:\\\/\\\/bcntechserv.com\\\/es\\\/resources\\\/#breadcrumb\",\"itemListElement\":[{\"@type\":\"ListItem\",\"position\":1,\"name\":\"Home\",\"item\":\"https:\\\/\\\/bcntechserv.com\\\/es\\\/\"},{\"@type\":\"ListItem\",\"position\":2,\"name\":\"Recursos\"}]},{\"@type\":\"WebSite\",\"@id\":\"https:\\\/\\\/bcntechserv.com\\\/#website\",\"url\":\"https:\\\/\\\/bcntechserv.com\\\/\",\"name\":\"ANDRITZ BCN, Inc.\",\"description\":\"\",\"publisher\":{\"@id\":\"https:\\\/\\\/bcntechserv.com\\\/#organization\"},\"potentialAction\":[{\"@type\":\"SearchAction\",\"target\":{\"@type\":\"EntryPoint\",\"urlTemplate\":\"https:\\\/\\\/bcntechserv.com\\\/?s={search_term_string}\"},\"query-input\":{\"@type\":\"PropertyValueSpecification\",\"valueRequired\":true,\"valueName\":\"search_term_string\"}}],\"inLanguage\":\"es\"},{\"@type\":\"Organization\",\"@id\":\"https:\\\/\\\/bcntechserv.com\\\/#organization\",\"name\":\"ANDRITZ BCN, Inc.\",\"url\":\"https:\\\/\\\/bcntechserv.com\\\/\",\"logo\":{\"@type\":\"ImageObject\",\"inLanguage\":\"es\",\"@id\":\"https:\\\/\\\/bcntechserv.com\\\/#\\\/schema\\\/logo\\\/image\\\/\",\"url\":\"https:\\\/\\\/bcntechserv.com\\\/wp-content\\\/uploads\\\/2025\\\/07\\\/andritz-1.svg\",\"contentUrl\":\"https:\\\/\\\/bcntechserv.com\\\/wp-content\\\/uploads\\\/2025\\\/07\\\/andritz-1.svg\",\"width\":1,\"height\":1,\"caption\":\"ANDRITZ BCN, Inc.\"},\"image\":{\"@id\":\"https:\\\/\\\/bcntechserv.com\\\/#\\\/schema\\\/logo\\\/image\\\/\"},\"sameAs\":[\"https:\\\/\\\/www.linkedin.com\\\/company\\\/bcntechnicalservices\"]}]}<\/script>\n<!-- \/ Yoast SEO plugin. -->","yoast_head_json":{"title":"Recursos | Servicios T\u00e9cnicos de BCN","description":"Encuentre ciertas p\u00e1ginas de manual incluidas en p\u00e1ginas de partes individuales. Para comprar un manual completo, cont\u00e1ctenos.","robots":{"index":"index","follow":"follow","max-snippet":"max-snippet:-1","max-image-preview":"max-image-preview:large","max-video-preview":"max-video-preview:-1"},"canonical":"https:\/\/bcntechserv.com\/es\/resources\/","og_locale":"es_ES","og_type":"article","og_title":"Recursos | Servicios T\u00e9cnicos de BCN","og_description":"Encuentre ciertas p\u00e1ginas de manual incluidas en p\u00e1ginas de partes individuales. Para comprar un manual completo, cont\u00e1ctenos.","og_url":"https:\/\/bcntechserv.com\/es\/resources\/","og_site_name":"ANDRITZ BCN, Inc.","article_modified_time":"2022-06-23T21:32:14+00:00","twitter_card":"summary_large_image","schema":{"@context":"https:\/\/schema.org","@graph":[{"@type":"WebPage","@id":"https:\/\/bcntechserv.com\/es\/resources\/","url":"https:\/\/bcntechserv.com\/es\/resources\/","name":"Recursos | Servicios T\u00e9cnicos de BCN","isPartOf":{"@id":"https:\/\/bcntechserv.com\/#website"},"datePublished":"2022-05-12T19:05:55+00:00","dateModified":"2022-06-23T21:32:14+00:00","description":"Encuentre ciertas p\u00e1ginas de manual incluidas en p\u00e1ginas de partes individuales. Para comprar un manual completo, cont\u00e1ctenos.","breadcrumb":{"@id":"https:\/\/bcntechserv.com\/es\/resources\/#breadcrumb"},"inLanguage":"es","potentialAction":[{"@type":"ReadAction","target":["https:\/\/bcntechserv.com\/es\/resources\/"]}]},{"@type":"BreadcrumbList","@id":"https:\/\/bcntechserv.com\/es\/resources\/#breadcrumb","itemListElement":[{"@type":"ListItem","position":1,"name":"Home","item":"https:\/\/bcntechserv.com\/es\/"},{"@type":"ListItem","position":2,"name":"Recursos"}]},{"@type":"WebSite","@id":"https:\/\/bcntechserv.com\/#website","url":"https:\/\/bcntechserv.com\/","name":"ANDRITZ BCN, Inc.","description":"","publisher":{"@id":"https:\/\/bcntechserv.com\/#organization"},"potentialAction":[{"@type":"SearchAction","target":{"@type":"EntryPoint","urlTemplate":"https:\/\/bcntechserv.com\/?s={search_term_string}"},"query-input":{"@type":"PropertyValueSpecification","valueRequired":true,"valueName":"search_term_string"}}],"inLanguage":"es"},{"@type":"Organization","@id":"https:\/\/bcntechserv.com\/#organization","name":"ANDRITZ BCN, Inc.","url":"https:\/\/bcntechserv.com\/","logo":{"@type":"ImageObject","inLanguage":"es","@id":"https:\/\/bcntechserv.com\/#\/schema\/logo\/image\/","url":"https:\/\/bcntechserv.com\/wp-content\/uploads\/2025\/07\/andritz-1.svg","contentUrl":"https:\/\/bcntechserv.com\/wp-content\/uploads\/2025\/07\/andritz-1.svg","width":1,"height":1,"caption":"ANDRITZ BCN, Inc."},"image":{"@id":"https:\/\/bcntechserv.com\/#\/schema\/logo\/image\/"},"sameAs":["https:\/\/www.linkedin.com\/company\/bcntechnicalservices"]}]}},"_links":{"self":[{"href":"https:\/\/bcntechserv.com\/es\/wp-json\/wp\/v2\/pages\/4752","targetHints":{"allow":["GET"]}}],"collection":[{"href":"https:\/\/bcntechserv.com\/es\/wp-json\/wp\/v2\/pages"}],"about":[{"href":"https:\/\/bcntechserv.com\/es\/wp-json\/wp\/v2\/types\/page"}],"author":[{"embeddable":true,"href":"https:\/\/bcntechserv.com\/es\/wp-json\/wp\/v2\/users\/1"}],"replies":[{"embeddable":true,"href":"https:\/\/bcntechserv.com\/es\/wp-json\/wp\/v2\/comments?post=4752"}],"version-history":[{"count":0,"href":"https:\/\/bcntechserv.com\/es\/wp-json\/wp\/v2\/pages\/4752\/revisions"}],"wp:attachment":[{"href":"https:\/\/bcntechserv.com\/es\/wp-json\/wp\/v2\/media?parent=4752"}],"curies":[{"name":"wp","href":"https:\/\/api.w.org\/{rel}","templated":true}]}}