{"id":4762,"date":"2022-04-29T14:35:31","date_gmt":"2022-04-29T18:35:31","guid":{"rendered":"https:\/\/bcntechserv.com\/upgrades-modernizations-rebuilds\/"},"modified":"2022-06-24T14:22:39","modified_gmt":"2022-06-24T14:22:39","slug":"upgrades-modernizations-rebuilds","status":"publish","type":"page","link":"https:\/\/bcntechserv.com\/es\/upgrades-modernizations-rebuilds\/","title":{"rendered":"Reconstrucciones, actualizaciones y modernizaciones"},"content":{"rendered":"\n<h3>\n\t\tSERVICIO DE PRENSA Y REPARACI\u00d3N\n\t<\/h3>\n<h1>\n\t\tReconstrucciones, actualizaciones y modernizaciones\n\t<\/h1>\n\t\t\t<a href=\"https:\/\/bcntechserv.com\/es\/contact\/\" target=\"_self\" role=\"button\" rel=\"noopener\">\n\t\t\t\t\t\t\tCont\u00e1ctenos\n\t\t\t\t\t<\/a>\n\t\t\t\t\t\t\t<img decoding=\"async\" src=\"https:\/\/bcntechserv.com\/wp-content\/uploads\/2022\/05\/increased-production.svg\" alt=\"increased-production\" \/>\n\t\t\t<h4>Producci\u00f3n incrementada<\/h4>\n\t\t\t\t\t\t\t<img decoding=\"async\" src=\"https:\/\/bcntechserv.com\/wp-content\/uploads\/2022\/05\/longer-tool-life.svg\" alt=\"longer-tool-life\" \/>\n\t\t\t<h4>Mayor vida \u00fatil de la herramienta<\/h4>\n\t\t\t\t\t\t\t<img decoding=\"async\" src=\"https:\/\/bcntechserv.com\/wp-content\/uploads\/2022\/05\/higher-efficiency-parts.svg\" alt=\"higher-efficiency-parts\" \/>\n\t\t\t<h4>Partes de mayor eficiencia<\/h4>\n<h2>\n\t\tD\u00e9 nueva vida a sus prensas con actualizaciones y modernizaciones\n\t<\/h2>\n\t<p>\u00bfNo obtiene los resultados que desea de su prensa? ANDRITZ BCN, Inc. est\u00e1 a la altura del desaf\u00edo de modernizar las prensas antiguas que a menudo funcionan mal y provocan tiempos de inactividad prolongados que afectan los resultados de su empresa.<\/p>\n<p>Como su fuente de confianza para actualizar prensas antiguas, fabricamos piezas de prensa nuevas hechas con las especificaciones de ingenier\u00eda originales exactas, para reemplazar los componentes obsoletos y dif\u00edciles de encontrar.<\/p>\n<h2>\n\t\tAumente la eficiencia de las prensa con una actualizaci\u00f3n\n\t<\/h2>\n\t<p>Los equipos m\u00e1s antiguos pierden su eficiencia con el tiempo, e incluso los equipos rudimentarios, como las prensas, se ven constantemente comprometidos con el uso prolongado. Una actualizaci\u00f3n de prensa con ANDRITZ BCN, Inc. puede mejorar la eficiencia de su prensa.<\/p>\n\t<p>Reconstrucci\u00f3n del embrague o eje de transmisi\u00f3n<\/p>\n\t<p>Reconstrucci\u00f3n de la corona<\/p>\n\t<p>Reconstrucci\u00f3n del sistema de sobre carga<\/p>\n<h2>\n\t\tLogre una vida m\u00e1s larga con una prensa modernizada\n\t<\/h2>\n\t<p>BCN realiza modernizaciones completas de prensa, que incluyen m\u00e1xima disponibilidad de las piezas que necesita, mayor productividad con equipos modernizados y mayor vida \u00fatil para prensas mec\u00e1nicas m\u00e1s antiguas de todo tipo y marca.<\/p>\n\t<p>Actualizaciones de controles PLC<\/p>\n<p>Automatizaci\u00f3n<\/p>\n\t<p>Unidades de prensa modernas<\/p>\n<p>Conversiones de embrague<\/p>\n\t<p>Unidades de embrague y freno<\/p>\n<p>Modificaciones de cojines<\/p>\n<h2>\n\t\t\u00bfPor qu\u00e9 elegir BCN para actualizaciones y modernizaciones? \n\t<\/h2>\n\t\t\t<h4>T\u00e9cnicos experimentados<\/h4>\n\t\t\t<p>Los miembros del equipo de proyectos altamente calificados administran todos nuestros proyectos de actualizaci\u00f3n y modernizaci\u00f3n de la prensa. Contamos con un equipo de t\u00e9cnicos de servicio de campo bien informados y los mejores t\u00e9cnicos de ingenier\u00eda de la industria.<\/p>\t\t\n\t\t\t<h4>Nuevas estrategias para prensas antiguas<\/h4>\n\t\t\t<p>No importa cu\u00e1n antigua o desactualizada sea su prensa, ponemos a prueba nuestros conocimientos sobre las actualizaciones de la prensa. Podemos fabricar piezas de prensa nuevas hechas con las especificaciones de ingenier\u00eda originales exactas para reemplazar los componentes obsoletos y dif\u00edciles de encontrar.<\/p>\t\t\n\t\t\t<h4>Proveedor original OEM<\/h4>\n\t\t\t<p>Sabemos que no hay sustituto para el original. Es por eso que fabricamos nuevas piezas de prensa utilizando los planos originales (OEM) para que pueda volver a tener su prensa funcionando sin problemas.<\/p>\t\t\n\t\t\t<h4>Garant\u00eda de bienes y servicios<\/h4>\n\t\t\t<p>Garantizamos en el momento de la entrega que los productos estar\u00e1n libres de defectos en materiales y mano de obra. Realizaremos los servicios de manera r\u00e1pida, profesional y eficiente. Consulte nuestra <a href=\"https:\/\/bcntechserv.com\/es\/warranties\/\">Garant\u00eda de bienes y servicios<\/a> para obtener m\u00e1s informaci\u00f3n.<\/p>\t\t\n<h2>\n\t\tReg\u00edstrese para recibir actualizaciones e informaci\u00f3n importante de ANDRITZ BCN, Inc.\n\t<\/h2>\n\t\t\t<a href=\"\/es\/email-newsletter-opt-in\/\" target=\"_self\" role=\"button\" rel=\"noopener\">\n\t\t\t\t\t\t\tSuscr\u00edbase ahora\n\t\t\t\t\t<\/a>\n\n","protected":false},"excerpt":{"rendered":"<p>SERVICIO DE PRENSA Y REPARACI\u00d3N Reconstrucciones, actualizaciones y modernizaciones Cont\u00e1ctenos Producci\u00f3n incrementada Mayor vida \u00fatil de la herramienta Partes de mayor eficiencia D\u00e9 nueva vida a sus prensas con actualizaciones y modernizaciones \u00bfNo obtiene los resultados que desea de su prensa? ANDRITZ BCN, Inc. est\u00e1 a la altura del desaf\u00edo de modernizar las prensas antiguas&hellip;<\/p>\n","protected":false},"author":1,"featured_media":0,"parent":0,"menu_order":0,"comment_status":"closed","ping_status":"closed","template":"","meta":{"_acf_changed":false,"footnotes":""},"class_list":["post-4762","page","type-page","status-publish","hentry"],"acf":[],"yoast_head":"<!-- This site is optimized with the Yoast SEO plugin v27.4 - https:\/\/yoast.com\/product\/yoast-seo-wordpress\/ -->\n<title>Reconstrucciones y modernizaciones | Servicios T\u00e9cnicos de BCN<\/title>\n<meta name=\"description\" content=\"Aumenta la eficiencia con una actualizaci\u00f3n de prensa y logre una vida m\u00e1s larga con una prensa modernizada.\" \/>\n<meta name=\"robots\" content=\"index, follow, max-snippet:-1, max-image-preview:large, max-video-preview:-1\" \/>\n<link rel=\"canonical\" href=\"https:\/\/bcntechserv.com\/es\/upgrades-modernizations-rebuilds\/\" \/>\n<meta property=\"og:locale\" content=\"es_ES\" \/>\n<meta property=\"og:type\" content=\"article\" \/>\n<meta property=\"og:title\" content=\"Reconstrucciones y modernizaciones | Servicios T\u00e9cnicos de BCN\" \/>\n<meta property=\"og:description\" content=\"Aumenta la eficiencia con una actualizaci\u00f3n de prensa y logre una vida m\u00e1s larga con una prensa modernizada.\" \/>\n<meta property=\"og:url\" content=\"https:\/\/bcntechserv.com\/es\/upgrades-modernizations-rebuilds\/\" \/>\n<meta property=\"og:site_name\" content=\"ANDRITZ BCN, Inc.\" \/>\n<meta property=\"article:modified_time\" content=\"2022-06-24T14:22:39+00:00\" \/>\n<meta property=\"og:image\" content=\"https:\/\/bcntechserv.com\/wp-content\/uploads\/2022\/05\/increased-production.svg\" \/>\n<meta name=\"twitter:card\" content=\"summary_large_image\" \/>\n<meta name=\"twitter:label1\" content=\"Tiempo de lectura\" \/>\n\t<meta name=\"twitter:data1\" content=\"2 minutos\" \/>\n<script type=\"application\/ld+json\" class=\"yoast-schema-graph\">{\"@context\":\"https:\\\/\\\/schema.org\",\"@graph\":[{\"@type\":\"WebPage\",\"@id\":\"https:\\\/\\\/bcntechserv.com\\\/es\\\/upgrades-modernizations-rebuilds\\\/\",\"url\":\"https:\\\/\\\/bcntechserv.com\\\/es\\\/upgrades-modernizations-rebuilds\\\/\",\"name\":\"Reconstrucciones y modernizaciones | Servicios T\u00e9cnicos de BCN\",\"isPartOf\":{\"@id\":\"https:\\\/\\\/bcntechserv.com\\\/#website\"},\"primaryImageOfPage\":{\"@id\":\"https:\\\/\\\/bcntechserv.com\\\/es\\\/upgrades-modernizations-rebuilds\\\/#primaryimage\"},\"image\":{\"@id\":\"https:\\\/\\\/bcntechserv.com\\\/es\\\/upgrades-modernizations-rebuilds\\\/#primaryimage\"},\"thumbnailUrl\":\"https:\\\/\\\/bcntechserv.com\\\/wp-content\\\/uploads\\\/2022\\\/05\\\/increased-production.svg\",\"datePublished\":\"2022-04-29T18:35:31+00:00\",\"dateModified\":\"2022-06-24T14:22:39+00:00\",\"description\":\"Aumenta la eficiencia con una actualizaci\u00f3n de prensa y logre una vida m\u00e1s larga con una prensa modernizada.\",\"breadcrumb\":{\"@id\":\"https:\\\/\\\/bcntechserv.com\\\/es\\\/upgrades-modernizations-rebuilds\\\/#breadcrumb\"},\"inLanguage\":\"es\",\"potentialAction\":[{\"@type\":\"ReadAction\",\"target\":[\"https:\\\/\\\/bcntechserv.com\\\/es\\\/upgrades-modernizations-rebuilds\\\/\"]}]},{\"@type\":\"ImageObject\",\"inLanguage\":\"es\",\"@id\":\"https:\\\/\\\/bcntechserv.com\\\/es\\\/upgrades-modernizations-rebuilds\\\/#primaryimage\",\"url\":\"https:\\\/\\\/bcntechserv.com\\\/wp-content\\\/uploads\\\/2022\\\/05\\\/increased-production.svg\",\"contentUrl\":\"https:\\\/\\\/bcntechserv.com\\\/wp-content\\\/uploads\\\/2022\\\/05\\\/increased-production.svg\"},{\"@type\":\"BreadcrumbList\",\"@id\":\"https:\\\/\\\/bcntechserv.com\\\/es\\\/upgrades-modernizations-rebuilds\\\/#breadcrumb\",\"itemListElement\":[{\"@type\":\"ListItem\",\"position\":1,\"name\":\"Home\",\"item\":\"https:\\\/\\\/bcntechserv.com\\\/es\\\/\"},{\"@type\":\"ListItem\",\"position\":2,\"name\":\"Reconstrucciones, actualizaciones y modernizaciones\"}]},{\"@type\":\"WebSite\",\"@id\":\"https:\\\/\\\/bcntechserv.com\\\/#website\",\"url\":\"https:\\\/\\\/bcntechserv.com\\\/\",\"name\":\"ANDRITZ BCN, Inc.\",\"description\":\"\",\"publisher\":{\"@id\":\"https:\\\/\\\/bcntechserv.com\\\/#organization\"},\"potentialAction\":[{\"@type\":\"SearchAction\",\"target\":{\"@type\":\"EntryPoint\",\"urlTemplate\":\"https:\\\/\\\/bcntechserv.com\\\/?s={search_term_string}\"},\"query-input\":{\"@type\":\"PropertyValueSpecification\",\"valueRequired\":true,\"valueName\":\"search_term_string\"}}],\"inLanguage\":\"es\"},{\"@type\":\"Organization\",\"@id\":\"https:\\\/\\\/bcntechserv.com\\\/#organization\",\"name\":\"ANDRITZ BCN, Inc.\",\"url\":\"https:\\\/\\\/bcntechserv.com\\\/\",\"logo\":{\"@type\":\"ImageObject\",\"inLanguage\":\"es\",\"@id\":\"https:\\\/\\\/bcntechserv.com\\\/#\\\/schema\\\/logo\\\/image\\\/\",\"url\":\"https:\\\/\\\/bcntechserv.com\\\/wp-content\\\/uploads\\\/2025\\\/07\\\/andritz-1.svg\",\"contentUrl\":\"https:\\\/\\\/bcntechserv.com\\\/wp-content\\\/uploads\\\/2025\\\/07\\\/andritz-1.svg\",\"width\":1,\"height\":1,\"caption\":\"ANDRITZ BCN, Inc.\"},\"image\":{\"@id\":\"https:\\\/\\\/bcntechserv.com\\\/#\\\/schema\\\/logo\\\/image\\\/\"},\"sameAs\":[\"https:\\\/\\\/www.linkedin.com\\\/company\\\/bcntechnicalservices\"]}]}<\/script>\n<!-- \/ Yoast SEO plugin. -->","yoast_head_json":{"title":"Reconstrucciones y modernizaciones | Servicios T\u00e9cnicos de BCN","description":"Aumenta la eficiencia con una actualizaci\u00f3n de prensa y logre una vida m\u00e1s larga con una prensa modernizada.","robots":{"index":"index","follow":"follow","max-snippet":"max-snippet:-1","max-image-preview":"max-image-preview:large","max-video-preview":"max-video-preview:-1"},"canonical":"https:\/\/bcntechserv.com\/es\/upgrades-modernizations-rebuilds\/","og_locale":"es_ES","og_type":"article","og_title":"Reconstrucciones y modernizaciones | Servicios T\u00e9cnicos de BCN","og_description":"Aumenta la eficiencia con una actualizaci\u00f3n de prensa y logre una vida m\u00e1s larga con una prensa modernizada.","og_url":"https:\/\/bcntechserv.com\/es\/upgrades-modernizations-rebuilds\/","og_site_name":"ANDRITZ BCN, Inc.","article_modified_time":"2022-06-24T14:22:39+00:00","og_image":[{"url":"https:\/\/bcntechserv.com\/wp-content\/uploads\/2022\/05\/increased-production.svg","type":"","width":"","height":""}],"twitter_card":"summary_large_image","twitter_misc":{"Tiempo de lectura":"2 minutos"},"schema":{"@context":"https:\/\/schema.org","@graph":[{"@type":"WebPage","@id":"https:\/\/bcntechserv.com\/es\/upgrades-modernizations-rebuilds\/","url":"https:\/\/bcntechserv.com\/es\/upgrades-modernizations-rebuilds\/","name":"Reconstrucciones y modernizaciones | Servicios T\u00e9cnicos de BCN","isPartOf":{"@id":"https:\/\/bcntechserv.com\/#website"},"primaryImageOfPage":{"@id":"https:\/\/bcntechserv.com\/es\/upgrades-modernizations-rebuilds\/#primaryimage"},"image":{"@id":"https:\/\/bcntechserv.com\/es\/upgrades-modernizations-rebuilds\/#primaryimage"},"thumbnailUrl":"https:\/\/bcntechserv.com\/wp-content\/uploads\/2022\/05\/increased-production.svg","datePublished":"2022-04-29T18:35:31+00:00","dateModified":"2022-06-24T14:22:39+00:00","description":"Aumenta la eficiencia con una actualizaci\u00f3n de prensa y logre una vida m\u00e1s larga con una prensa modernizada.","breadcrumb":{"@id":"https:\/\/bcntechserv.com\/es\/upgrades-modernizations-rebuilds\/#breadcrumb"},"inLanguage":"es","potentialAction":[{"@type":"ReadAction","target":["https:\/\/bcntechserv.com\/es\/upgrades-modernizations-rebuilds\/"]}]},{"@type":"ImageObject","inLanguage":"es","@id":"https:\/\/bcntechserv.com\/es\/upgrades-modernizations-rebuilds\/#primaryimage","url":"https:\/\/bcntechserv.com\/wp-content\/uploads\/2022\/05\/increased-production.svg","contentUrl":"https:\/\/bcntechserv.com\/wp-content\/uploads\/2022\/05\/increased-production.svg"},{"@type":"BreadcrumbList","@id":"https:\/\/bcntechserv.com\/es\/upgrades-modernizations-rebuilds\/#breadcrumb","itemListElement":[{"@type":"ListItem","position":1,"name":"Home","item":"https:\/\/bcntechserv.com\/es\/"},{"@type":"ListItem","position":2,"name":"Reconstrucciones, actualizaciones y modernizaciones"}]},{"@type":"WebSite","@id":"https:\/\/bcntechserv.com\/#website","url":"https:\/\/bcntechserv.com\/","name":"ANDRITZ BCN, Inc.","description":"","publisher":{"@id":"https:\/\/bcntechserv.com\/#organization"},"potentialAction":[{"@type":"SearchAction","target":{"@type":"EntryPoint","urlTemplate":"https:\/\/bcntechserv.com\/?s={search_term_string}"},"query-input":{"@type":"PropertyValueSpecification","valueRequired":true,"valueName":"search_term_string"}}],"inLanguage":"es"},{"@type":"Organization","@id":"https:\/\/bcntechserv.com\/#organization","name":"ANDRITZ BCN, Inc.","url":"https:\/\/bcntechserv.com\/","logo":{"@type":"ImageObject","inLanguage":"es","@id":"https:\/\/bcntechserv.com\/#\/schema\/logo\/image\/","url":"https:\/\/bcntechserv.com\/wp-content\/uploads\/2025\/07\/andritz-1.svg","contentUrl":"https:\/\/bcntechserv.com\/wp-content\/uploads\/2025\/07\/andritz-1.svg","width":1,"height":1,"caption":"ANDRITZ BCN, Inc."},"image":{"@id":"https:\/\/bcntechserv.com\/#\/schema\/logo\/image\/"},"sameAs":["https:\/\/www.linkedin.com\/company\/bcntechnicalservices"]}]}},"_links":{"self":[{"href":"https:\/\/bcntechserv.com\/es\/wp-json\/wp\/v2\/pages\/4762","targetHints":{"allow":["GET"]}}],"collection":[{"href":"https:\/\/bcntechserv.com\/es\/wp-json\/wp\/v2\/pages"}],"about":[{"href":"https:\/\/bcntechserv.com\/es\/wp-json\/wp\/v2\/types\/page"}],"author":[{"embeddable":true,"href":"https:\/\/bcntechserv.com\/es\/wp-json\/wp\/v2\/users\/1"}],"replies":[{"embeddable":true,"href":"https:\/\/bcntechserv.com\/es\/wp-json\/wp\/v2\/comments?post=4762"}],"version-history":[{"count":0,"href":"https:\/\/bcntechserv.com\/es\/wp-json\/wp\/v2\/pages\/4762\/revisions"}],"wp:attachment":[{"href":"https:\/\/bcntechserv.com\/es\/wp-json\/wp\/v2\/media?parent=4762"}],"curies":[{"name":"wp","href":"https:\/\/api.w.org\/{rel}","templated":true}]}}