{"id":5662,"date":"2022-05-11T14:20:59","date_gmt":"2022-05-11T18:20:59","guid":{"rendered":"https:\/\/bcntechserv.com\/contact-us-for-an-exchange-quote-on-your-torc-pac-model-to-view-manuals-and-parts-for-all-models-click-here\/"},"modified":"2022-06-23T21:46:36","modified_gmt":"2022-06-23T21:46:36","slug":"contact-us-for-an-exchange-quote-on-your-torc-pac-model-to-view-manuals-and-parts-for-all-models-click-here","status":"publish","type":"page","link":"https:\/\/bcntechserv.com\/es\/contact-us-for-an-exchange-quote-on-your-torc-pac-model-to-view-manuals-and-parts-for-all-models-click-here\/","title":{"rendered":"El programa de intercambio Torc Pac"},"content":{"rendered":"\n<h3>\n\t\tTorc Pac\n\t<\/h3>\n\n\t\t\t<a href=\"\/es\/contact\" target=\"_self\" role=\"button\" rel=\"noopener\">\n\t\t\t\t\t\t\tCont\u00e1ctenos\n\t\t\t\t\t<\/a>\n<h2>\n\t\tLa forma m\u00e1s r\u00e1pida de reemplazar su Torc Pac\n\t<\/h2>\n<h3>\n\t\tExclusivo de BCN\n\t<\/h3>\n<p><b>C\u00f3mo funciona:<\/b><\/p>\n<ul>\n<li><a href=\"https:\/\/bcntechserv.com\/es\/contact\/\">Cont\u00e1ctenos<\/a>\u00a0acerca de nuestro Programa de Intercambio Torc Pac e inf\u00f3rmenos qu\u00e9 modelo tiene.<\/li>\n<li>Le enviaremos de inmediato un modelo remanufacturado por expertos listo para usar e instalar inmediatamente.<\/li>\n<li>Se le facturar\u00e1 un cargo est\u00e1ndar para cubrir costos b\u00e1sicos de las piezas de desgaste de su unidad Torc Pac da\u00f1ada.<\/li>\n<li>Nos enviar\u00e1 su unidad da\u00f1ada. BCN no cubre los gastos de env\u00edo, pero todas las unidades Torc Pac cambiadas est\u00e1n cubiertas por una garant\u00eda de un a\u00f1o.<\/li>\n<li>Nuestros ingenieros inspeccionar\u00e1n la unidad Torc Pac da\u00f1ada y la reparar\u00e1n con piezas nuevas. Si se encuentran da\u00f1os adicionales, se le facturar\u00e1 por esas reparaciones.<\/li>\n<li>La unidad reparada se une a nuestro inventario de unidades Torc Pac reconstruidas como nuevas.<\/li>\n<\/ul>\n<p><b>Beneficios de este programa:<\/b><\/p>\n<ul>\n<li>Una forma rentable de mantener su Torc Pac<\/li>\n<li>Pr\u00e1cticamente todos los modelos de Torc Pac est\u00e1n disponibles para env\u00edo inmediato, incluidas m\u00e1s de 40 unidades de embrague Torc Pac reconstruidas en f\u00e1brica.<\/li>\n<li>M\u00e1s de 2,5 millones de piezas Torc Pac est\u00e1n listas para enviarse desde nuestro almac\u00e9n<\/li>\n<li>Los Torc Pac intercambiados est\u00e1n cubiertos por una garant\u00eda de un a\u00f1o<\/li>\n<\/ul>\n<p>Cont\u00e1ctenos hoy para una cotizaci\u00f3n de cambio en su modelo Torc Pac. Para ver los manuales y las piezas de todos los modelos, visita el men\u00fa de Torc Pac.\u00a0<\/p>\n<b>Modelos actualmente disponibles: <\/b>\nD230, D280, 2100, 90, 60, 40, 45, 32, 22T, AB50\n\n","protected":false},"excerpt":{"rendered":"<p>Torc Pac Cont\u00e1ctenos La forma m\u00e1s r\u00e1pida de reemplazar su Torc Pac Exclusivo de BCN C\u00f3mo funciona: Cont\u00e1ctenos\u00a0acerca de nuestro Programa de Intercambio Torc Pac e inf\u00f3rmenos qu\u00e9 modelo tiene. Le enviaremos de inmediato un modelo remanufacturado por expertos listo para usar e instalar inmediatamente. Se le facturar\u00e1 un cargo est\u00e1ndar para cubrir costos b\u00e1sicos&hellip;<\/p>\n","protected":false},"author":1,"featured_media":0,"parent":0,"menu_order":0,"comment_status":"closed","ping_status":"closed","template":"","meta":{"_acf_changed":false,"footnotes":""},"class_list":["post-5662","page","type-page","status-publish","hentry"],"acf":[],"yoast_head":"<!-- This site is optimized with the Yoast SEO plugin v27.4 - https:\/\/yoast.com\/product\/yoast-seo-wordpress\/ -->\n<title>El programa de intercambio Torc Pac | Servicios T\u00e9cnicos de BCN<\/title>\n<meta name=\"description\" content=\"La forma m\u00e1s r\u00e1pida de reemplazar su Torc Pac, exclusivo de BCN. Cont\u00e1ctenos hoy para una cotizaci\u00f3n de cambio en su modelo Torc Pac.\" \/>\n<meta name=\"robots\" content=\"index, follow, max-snippet:-1, max-image-preview:large, max-video-preview:-1\" \/>\n<link rel=\"canonical\" href=\"https:\/\/bcntechserv.com\/es\/contact-us-for-an-exchange-quote-on-your-torc-pac-model-to-view-manuals-and-parts-for-all-models-click-here\/\" \/>\n<meta property=\"og:locale\" content=\"es_ES\" \/>\n<meta property=\"og:type\" content=\"article\" \/>\n<meta property=\"og:title\" content=\"El programa de intercambio Torc Pac | Servicios T\u00e9cnicos de BCN\" \/>\n<meta property=\"og:description\" content=\"La forma m\u00e1s r\u00e1pida de reemplazar su Torc Pac, exclusivo de BCN. Cont\u00e1ctenos hoy para una cotizaci\u00f3n de cambio en su modelo Torc Pac.\" \/>\n<meta property=\"og:url\" content=\"https:\/\/bcntechserv.com\/es\/contact-us-for-an-exchange-quote-on-your-torc-pac-model-to-view-manuals-and-parts-for-all-models-click-here\/\" \/>\n<meta property=\"og:site_name\" content=\"ANDRITZ BCN, Inc.\" \/>\n<meta property=\"article:modified_time\" content=\"2022-06-23T21:46:36+00:00\" \/>\n<meta name=\"twitter:card\" content=\"summary_large_image\" \/>\n<meta name=\"twitter:label1\" content=\"Tiempo de lectura\" \/>\n\t<meta name=\"twitter:data1\" content=\"1 minuto\" \/>\n<script type=\"application\/ld+json\" class=\"yoast-schema-graph\">{\"@context\":\"https:\\\/\\\/schema.org\",\"@graph\":[{\"@type\":\"WebPage\",\"@id\":\"https:\\\/\\\/bcntechserv.com\\\/es\\\/contact-us-for-an-exchange-quote-on-your-torc-pac-model-to-view-manuals-and-parts-for-all-models-click-here\\\/\",\"url\":\"https:\\\/\\\/bcntechserv.com\\\/es\\\/contact-us-for-an-exchange-quote-on-your-torc-pac-model-to-view-manuals-and-parts-for-all-models-click-here\\\/\",\"name\":\"El programa de intercambio Torc Pac | Servicios T\u00e9cnicos de BCN\",\"isPartOf\":{\"@id\":\"https:\\\/\\\/bcntechserv.com\\\/#website\"},\"datePublished\":\"2022-05-11T18:20:59+00:00\",\"dateModified\":\"2022-06-23T21:46:36+00:00\",\"description\":\"La forma m\u00e1s r\u00e1pida de reemplazar su Torc Pac, exclusivo de BCN. Cont\u00e1ctenos hoy para una cotizaci\u00f3n de cambio en su modelo Torc Pac.\",\"breadcrumb\":{\"@id\":\"https:\\\/\\\/bcntechserv.com\\\/es\\\/contact-us-for-an-exchange-quote-on-your-torc-pac-model-to-view-manuals-and-parts-for-all-models-click-here\\\/#breadcrumb\"},\"inLanguage\":\"es\",\"potentialAction\":[{\"@type\":\"ReadAction\",\"target\":[\"https:\\\/\\\/bcntechserv.com\\\/es\\\/contact-us-for-an-exchange-quote-on-your-torc-pac-model-to-view-manuals-and-parts-for-all-models-click-here\\\/\"]}]},{\"@type\":\"BreadcrumbList\",\"@id\":\"https:\\\/\\\/bcntechserv.com\\\/es\\\/contact-us-for-an-exchange-quote-on-your-torc-pac-model-to-view-manuals-and-parts-for-all-models-click-here\\\/#breadcrumb\",\"itemListElement\":[{\"@type\":\"ListItem\",\"position\":1,\"name\":\"Home\",\"item\":\"https:\\\/\\\/bcntechserv.com\\\/es\\\/\"},{\"@type\":\"ListItem\",\"position\":2,\"name\":\"El programa de intercambio Torc Pac\"}]},{\"@type\":\"WebSite\",\"@id\":\"https:\\\/\\\/bcntechserv.com\\\/#website\",\"url\":\"https:\\\/\\\/bcntechserv.com\\\/\",\"name\":\"ANDRITZ BCN, Inc.\",\"description\":\"\",\"publisher\":{\"@id\":\"https:\\\/\\\/bcntechserv.com\\\/#organization\"},\"potentialAction\":[{\"@type\":\"SearchAction\",\"target\":{\"@type\":\"EntryPoint\",\"urlTemplate\":\"https:\\\/\\\/bcntechserv.com\\\/?s={search_term_string}\"},\"query-input\":{\"@type\":\"PropertyValueSpecification\",\"valueRequired\":true,\"valueName\":\"search_term_string\"}}],\"inLanguage\":\"es\"},{\"@type\":\"Organization\",\"@id\":\"https:\\\/\\\/bcntechserv.com\\\/#organization\",\"name\":\"ANDRITZ BCN, Inc.\",\"url\":\"https:\\\/\\\/bcntechserv.com\\\/\",\"logo\":{\"@type\":\"ImageObject\",\"inLanguage\":\"es\",\"@id\":\"https:\\\/\\\/bcntechserv.com\\\/#\\\/schema\\\/logo\\\/image\\\/\",\"url\":\"https:\\\/\\\/bcntechserv.com\\\/wp-content\\\/uploads\\\/2025\\\/07\\\/andritz-1.svg\",\"contentUrl\":\"https:\\\/\\\/bcntechserv.com\\\/wp-content\\\/uploads\\\/2025\\\/07\\\/andritz-1.svg\",\"width\":1,\"height\":1,\"caption\":\"ANDRITZ BCN, Inc.\"},\"image\":{\"@id\":\"https:\\\/\\\/bcntechserv.com\\\/#\\\/schema\\\/logo\\\/image\\\/\"},\"sameAs\":[\"https:\\\/\\\/www.linkedin.com\\\/company\\\/bcntechnicalservices\"]}]}<\/script>\n<!-- \/ Yoast SEO plugin. -->","yoast_head_json":{"title":"El programa de intercambio Torc Pac | Servicios T\u00e9cnicos de BCN","description":"La forma m\u00e1s r\u00e1pida de reemplazar su Torc Pac, exclusivo de BCN. Cont\u00e1ctenos hoy para una cotizaci\u00f3n de cambio en su modelo Torc Pac.","robots":{"index":"index","follow":"follow","max-snippet":"max-snippet:-1","max-image-preview":"max-image-preview:large","max-video-preview":"max-video-preview:-1"},"canonical":"https:\/\/bcntechserv.com\/es\/contact-us-for-an-exchange-quote-on-your-torc-pac-model-to-view-manuals-and-parts-for-all-models-click-here\/","og_locale":"es_ES","og_type":"article","og_title":"El programa de intercambio Torc Pac | Servicios T\u00e9cnicos de BCN","og_description":"La forma m\u00e1s r\u00e1pida de reemplazar su Torc Pac, exclusivo de BCN. Cont\u00e1ctenos hoy para una cotizaci\u00f3n de cambio en su modelo Torc Pac.","og_url":"https:\/\/bcntechserv.com\/es\/contact-us-for-an-exchange-quote-on-your-torc-pac-model-to-view-manuals-and-parts-for-all-models-click-here\/","og_site_name":"ANDRITZ BCN, Inc.","article_modified_time":"2022-06-23T21:46:36+00:00","twitter_card":"summary_large_image","twitter_misc":{"Tiempo de lectura":"1 minuto"},"schema":{"@context":"https:\/\/schema.org","@graph":[{"@type":"WebPage","@id":"https:\/\/bcntechserv.com\/es\/contact-us-for-an-exchange-quote-on-your-torc-pac-model-to-view-manuals-and-parts-for-all-models-click-here\/","url":"https:\/\/bcntechserv.com\/es\/contact-us-for-an-exchange-quote-on-your-torc-pac-model-to-view-manuals-and-parts-for-all-models-click-here\/","name":"El programa de intercambio Torc Pac | Servicios T\u00e9cnicos de BCN","isPartOf":{"@id":"https:\/\/bcntechserv.com\/#website"},"datePublished":"2022-05-11T18:20:59+00:00","dateModified":"2022-06-23T21:46:36+00:00","description":"La forma m\u00e1s r\u00e1pida de reemplazar su Torc Pac, exclusivo de BCN. Cont\u00e1ctenos hoy para una cotizaci\u00f3n de cambio en su modelo Torc Pac.","breadcrumb":{"@id":"https:\/\/bcntechserv.com\/es\/contact-us-for-an-exchange-quote-on-your-torc-pac-model-to-view-manuals-and-parts-for-all-models-click-here\/#breadcrumb"},"inLanguage":"es","potentialAction":[{"@type":"ReadAction","target":["https:\/\/bcntechserv.com\/es\/contact-us-for-an-exchange-quote-on-your-torc-pac-model-to-view-manuals-and-parts-for-all-models-click-here\/"]}]},{"@type":"BreadcrumbList","@id":"https:\/\/bcntechserv.com\/es\/contact-us-for-an-exchange-quote-on-your-torc-pac-model-to-view-manuals-and-parts-for-all-models-click-here\/#breadcrumb","itemListElement":[{"@type":"ListItem","position":1,"name":"Home","item":"https:\/\/bcntechserv.com\/es\/"},{"@type":"ListItem","position":2,"name":"El programa de intercambio Torc Pac"}]},{"@type":"WebSite","@id":"https:\/\/bcntechserv.com\/#website","url":"https:\/\/bcntechserv.com\/","name":"ANDRITZ BCN, Inc.","description":"","publisher":{"@id":"https:\/\/bcntechserv.com\/#organization"},"potentialAction":[{"@type":"SearchAction","target":{"@type":"EntryPoint","urlTemplate":"https:\/\/bcntechserv.com\/?s={search_term_string}"},"query-input":{"@type":"PropertyValueSpecification","valueRequired":true,"valueName":"search_term_string"}}],"inLanguage":"es"},{"@type":"Organization","@id":"https:\/\/bcntechserv.com\/#organization","name":"ANDRITZ BCN, Inc.","url":"https:\/\/bcntechserv.com\/","logo":{"@type":"ImageObject","inLanguage":"es","@id":"https:\/\/bcntechserv.com\/#\/schema\/logo\/image\/","url":"https:\/\/bcntechserv.com\/wp-content\/uploads\/2025\/07\/andritz-1.svg","contentUrl":"https:\/\/bcntechserv.com\/wp-content\/uploads\/2025\/07\/andritz-1.svg","width":1,"height":1,"caption":"ANDRITZ BCN, Inc."},"image":{"@id":"https:\/\/bcntechserv.com\/#\/schema\/logo\/image\/"},"sameAs":["https:\/\/www.linkedin.com\/company\/bcntechnicalservices"]}]}},"_links":{"self":[{"href":"https:\/\/bcntechserv.com\/es\/wp-json\/wp\/v2\/pages\/5662","targetHints":{"allow":["GET"]}}],"collection":[{"href":"https:\/\/bcntechserv.com\/es\/wp-json\/wp\/v2\/pages"}],"about":[{"href":"https:\/\/bcntechserv.com\/es\/wp-json\/wp\/v2\/types\/page"}],"author":[{"embeddable":true,"href":"https:\/\/bcntechserv.com\/es\/wp-json\/wp\/v2\/users\/1"}],"replies":[{"embeddable":true,"href":"https:\/\/bcntechserv.com\/es\/wp-json\/wp\/v2\/comments?post=5662"}],"version-history":[{"count":0,"href":"https:\/\/bcntechserv.com\/es\/wp-json\/wp\/v2\/pages\/5662\/revisions"}],"wp:attachment":[{"href":"https:\/\/bcntechserv.com\/es\/wp-json\/wp\/v2\/media?parent=5662"}],"curies":[{"name":"wp","href":"https:\/\/api.w.org\/{rel}","templated":true}]}}