{"id":5670,"date":"2022-05-27T16:09:44","date_gmt":"2022-05-27T20:09:44","guid":{"rendered":"https:\/\/bcntechserv.com\/como-solicitar-una-cotizacion-en-linea\/"},"modified":"2022-06-15T15:00:24","modified_gmt":"2022-06-15T15:00:24","slug":"como-solicitar-una-cotizacion-en-linea","status":"publish","type":"page","link":"https:\/\/bcntechserv.com\/es\/como-solicitar-una-cotizacion-en-linea\/","title":{"rendered":"C\u00f3mo solicitar una cotizaci\u00f3n en l\u00ednea"},"content":{"rendered":"\r\n<h3>NUEVO Y MAS FACIL QUE NUNCA<\/h3>\r\n<p><a role=\"button\" href=\"https:\/\/bcntechserv.com\/es\/contact\/\" target=\"_self\" rel=\"noopener\"> Contacta con nosotros <\/a><\/p>\r\n<h2>Sistema de cotizaci\u00f3n mejorado para pedidos y repedidos<\/h2>\r\n<p>ANDRITZ BCN, Inc. ha implantado un nuevo sistema de solicitud de presupuesto de recambios online.<strong>Este nuevo sistema est\u00e1 disponible para <a href=\"https:\/\/bcntechserv.com\/es\/collection\/bliss-model-1831-plates-1-12\/\">Bliss 1831 partes<\/a><\/strong> y se extender\u00e1 a prensas adicionales con el tiempo.<\/p>\r\n<p>&nbsp;<\/p>\r\n<p>Caracter\u00edsticas y Beneficios:<\/p>\r\n<ul>\r\n<li>Agregue piezas a su cotizaci\u00f3n con un solo clic<\/li>\r\n<li>Registro r\u00e1pido y \u00fanico para acceder a <a href=\"\/my-account\/\">Mi cuenta<\/a><\/li>\r\n<li>Inicie sesi\u00f3n para ver cotizaciones anteriores<\/li>\r\n<li>Reordenar directamente de cotizaciones anteriores<\/li>\r\n<li>Sus prensas y n\u00fameros de serie guardados en <a href=\"\/my-account\/\">Mi cuenta<\/a><\/li>\r\n<\/ul>\r\n<p>&nbsp;<\/p>\r\n<figure><img decoding=\"async\" src=\"https:\/\/bcntechserv.com\/wp-content\/uploads\/2022\/05\/my-account-1024x834.jpg\" alt=\"\" \/><\/figure>\r\n<p>&nbsp;<\/p>\r\n<figure><img decoding=\"async\" src=\"https:\/\/bcntechserv.com\/wp-content\/uploads\/2022\/05\/see-past-quotes-1024x715.gif\" alt=\"\" \/><\/figure>\r\n<p>&nbsp;<\/p>\r\n<figure><img decoding=\"async\" src=\"https:\/\/bcntechserv.com\/wp-content\/uploads\/2022\/05\/saved-info-1024x810.jpg\" alt=\"\" \/><\/figure>\r\n<p>&nbsp;<\/p>\r\n<!-- navigation arrows -->\r\n<p>&nbsp;<\/p>\r\n<!-- pagination -->\r\n<h2>Usuarios por primera vez:<\/h2>\r\n<p>Los usuarios nuevos deben registrarse para crear una cuenta y solicitar una cotizaci\u00f3n en l\u00ednea. Para crear una cuenta, haga clic en cualquier bot\u00f3n \u00abIniciar sesi\u00f3n o registrarse\u00bb cuando vea las piezas.<\/p>\r\n<p><strong>Nota: Solo las piezas Bliss 1831 est\u00e1n disponibles para el nuevo sistema de cotizaci\u00f3n en l\u00ednea.<\/strong><\/p>\r\n<p>Todas las dem\u00e1s partes usan el mismo sistema de formulario de contacto al que est\u00e1 acostumbrado. Con el tiempo, se agregar\u00e1n m\u00e1s prensas y piezas al nuevo sistema.<\/p>\r\n<p>Despu\u00e9s de registrarse, podr\u00e1 usar los botones \u00abAgregar a cotizaci\u00f3n\u00bb.<\/p>\r\n<p>&nbsp;<\/p>\r\n<hr \/>\r\n<h2>Usuarios que regresan:<\/h2>\r\n<p>Inicie sesi\u00f3n en su cuenta en <a href=\"\/my-account\/\">Mi cuenta<\/a> (utilice el enlace en el pie de p\u00e1gina o el icono del cliente en la parte superior del sitio web).<\/p>\r\n<ul>\r\n<li>Ver cotizaciones pasadas<\/li>\r\n<li>Seleccione piezas anteriores para reordenar r\u00e1pidamente<\/li>\r\n<li>Busque la informaci\u00f3n de su prensa y n\u00famero de serie<\/li>\r\n<\/ul>\r\n<p><img loading=\"lazy\" decoding=\"async\" title=\"register-before-after\" src=\"https:\/\/bcntechserv.com\/wp-content\/uploads\/2022\/05\/register-before-after.jpg\" alt=\"register-before-after\" width=\"520\" height=\"600\" \/><\/p>\r\n<h3>Su opini\u00f3n es importante. H\u00e1ganos saber si le gusta el nuevo sistema de solicitud de cotizaci\u00f3n en l\u00ednea.<\/h3>\r\n<p><a role=\"button\" href=\"https:\/\/bcntechserv.com\/es\/contact\/\" target=\"_self\" rel=\"noopener\"> Contacta con nosotros <\/a><\/p>\r\n","protected":false},"excerpt":{"rendered":"<p>NUEVO Y MAS FACIL QUE NUNCA Contacta con nosotros Sistema de cotizaci\u00f3n mejorado para pedidos y repedidos ANDRITZ BCN, Inc. ha implantado un nuevo sistema de solicitud de presupuesto de recambios online.Este nuevo sistema est\u00e1 disponible para Bliss 1831 partes y se extender\u00e1 a prensas adicionales con el tiempo. &nbsp; Caracter\u00edsticas y Beneficios: Agregue piezas&hellip;<\/p>\n","protected":false},"author":1,"featured_media":0,"parent":0,"menu_order":0,"comment_status":"closed","ping_status":"closed","template":"","meta":{"_acf_changed":false,"footnotes":""},"class_list":["post-5670","page","type-page","status-publish","hentry"],"acf":[],"yoast_head":"<!-- This site is optimized with the Yoast SEO plugin v27.4 - https:\/\/yoast.com\/product\/yoast-seo-wordpress\/ -->\n<title>C\u00f3mo solicitar una cotizaci\u00f3n en l\u00ednea | ANDRITZ BCN, Inc.<\/title>\n<meta name=\"description\" content=\"Agregar piezas a su cotizaci\u00f3n y inicie sesi\u00f3n para ver cotizaciones anteriores con el nuevo sistema de pedidos en l\u00ednea de BCN.\" \/>\n<meta name=\"robots\" content=\"index, follow, max-snippet:-1, max-image-preview:large, max-video-preview:-1\" \/>\n<link rel=\"canonical\" href=\"https:\/\/bcntechserv.com\/es\/como-solicitar-una-cotizacion-en-linea\/\" \/>\n<meta property=\"og:locale\" content=\"es_ES\" \/>\n<meta property=\"og:type\" content=\"article\" \/>\n<meta property=\"og:title\" content=\"C\u00f3mo solicitar una cotizaci\u00f3n en l\u00ednea | ANDRITZ BCN, Inc.\" \/>\n<meta property=\"og:description\" content=\"Agregar piezas a su cotizaci\u00f3n y inicie sesi\u00f3n para ver cotizaciones anteriores con el nuevo sistema de pedidos en l\u00ednea de BCN.\" \/>\n<meta property=\"og:url\" content=\"https:\/\/bcntechserv.com\/es\/como-solicitar-una-cotizacion-en-linea\/\" \/>\n<meta property=\"og:site_name\" content=\"ANDRITZ BCN, Inc.\" \/>\n<meta property=\"article:modified_time\" content=\"2022-06-15T15:00:24+00:00\" \/>\n<meta property=\"og:image\" content=\"https:\/\/bcntechserv.com\/wp-content\/uploads\/2022\/05\/my-account-1024x834.jpg\" \/>\n<meta name=\"twitter:card\" content=\"summary_large_image\" \/>\n<meta name=\"twitter:label1\" content=\"Tiempo de lectura\" \/>\n\t<meta name=\"twitter:data1\" content=\"1 minuto\" \/>\n<script type=\"application\/ld+json\" class=\"yoast-schema-graph\">{\"@context\":\"https:\\\/\\\/schema.org\",\"@graph\":[{\"@type\":\"WebPage\",\"@id\":\"https:\\\/\\\/bcntechserv.com\\\/es\\\/como-solicitar-una-cotizacion-en-linea\\\/\",\"url\":\"https:\\\/\\\/bcntechserv.com\\\/es\\\/como-solicitar-una-cotizacion-en-linea\\\/\",\"name\":\"C\u00f3mo solicitar una cotizaci\u00f3n en l\u00ednea | ANDRITZ BCN, Inc.\",\"isPartOf\":{\"@id\":\"https:\\\/\\\/bcntechserv.com\\\/#website\"},\"primaryImageOfPage\":{\"@id\":\"https:\\\/\\\/bcntechserv.com\\\/es\\\/como-solicitar-una-cotizacion-en-linea\\\/#primaryimage\"},\"image\":{\"@id\":\"https:\\\/\\\/bcntechserv.com\\\/es\\\/como-solicitar-una-cotizacion-en-linea\\\/#primaryimage\"},\"thumbnailUrl\":\"https:\\\/\\\/bcntechserv.com\\\/wp-content\\\/uploads\\\/2022\\\/05\\\/my-account-1024x834.jpg\",\"datePublished\":\"2022-05-27T20:09:44+00:00\",\"dateModified\":\"2022-06-15T15:00:24+00:00\",\"description\":\"Agregar piezas a su cotizaci\u00f3n y inicie sesi\u00f3n para ver cotizaciones anteriores con el nuevo sistema de pedidos en l\u00ednea de BCN.\",\"breadcrumb\":{\"@id\":\"https:\\\/\\\/bcntechserv.com\\\/es\\\/como-solicitar-una-cotizacion-en-linea\\\/#breadcrumb\"},\"inLanguage\":\"es\",\"potentialAction\":[{\"@type\":\"ReadAction\",\"target\":[\"https:\\\/\\\/bcntechserv.com\\\/es\\\/como-solicitar-una-cotizacion-en-linea\\\/\"]}]},{\"@type\":\"ImageObject\",\"inLanguage\":\"es\",\"@id\":\"https:\\\/\\\/bcntechserv.com\\\/es\\\/como-solicitar-una-cotizacion-en-linea\\\/#primaryimage\",\"url\":\"https:\\\/\\\/bcntechserv.com\\\/wp-content\\\/uploads\\\/2022\\\/05\\\/my-account-1024x834.jpg\",\"contentUrl\":\"https:\\\/\\\/bcntechserv.com\\\/wp-content\\\/uploads\\\/2022\\\/05\\\/my-account-1024x834.jpg\"},{\"@type\":\"BreadcrumbList\",\"@id\":\"https:\\\/\\\/bcntechserv.com\\\/es\\\/como-solicitar-una-cotizacion-en-linea\\\/#breadcrumb\",\"itemListElement\":[{\"@type\":\"ListItem\",\"position\":1,\"name\":\"Home\",\"item\":\"https:\\\/\\\/bcntechserv.com\\\/es\\\/\"},{\"@type\":\"ListItem\",\"position\":2,\"name\":\"C\u00f3mo solicitar una cotizaci\u00f3n en l\u00ednea\"}]},{\"@type\":\"WebSite\",\"@id\":\"https:\\\/\\\/bcntechserv.com\\\/#website\",\"url\":\"https:\\\/\\\/bcntechserv.com\\\/\",\"name\":\"ANDRITZ BCN, Inc.\",\"description\":\"\",\"publisher\":{\"@id\":\"https:\\\/\\\/bcntechserv.com\\\/#organization\"},\"potentialAction\":[{\"@type\":\"SearchAction\",\"target\":{\"@type\":\"EntryPoint\",\"urlTemplate\":\"https:\\\/\\\/bcntechserv.com\\\/?s={search_term_string}\"},\"query-input\":{\"@type\":\"PropertyValueSpecification\",\"valueRequired\":true,\"valueName\":\"search_term_string\"}}],\"inLanguage\":\"es\"},{\"@type\":\"Organization\",\"@id\":\"https:\\\/\\\/bcntechserv.com\\\/#organization\",\"name\":\"ANDRITZ BCN, Inc.\",\"url\":\"https:\\\/\\\/bcntechserv.com\\\/\",\"logo\":{\"@type\":\"ImageObject\",\"inLanguage\":\"es\",\"@id\":\"https:\\\/\\\/bcntechserv.com\\\/#\\\/schema\\\/logo\\\/image\\\/\",\"url\":\"https:\\\/\\\/bcntechserv.com\\\/wp-content\\\/uploads\\\/2025\\\/07\\\/andritz-1.svg\",\"contentUrl\":\"https:\\\/\\\/bcntechserv.com\\\/wp-content\\\/uploads\\\/2025\\\/07\\\/andritz-1.svg\",\"width\":1,\"height\":1,\"caption\":\"ANDRITZ BCN, Inc.\"},\"image\":{\"@id\":\"https:\\\/\\\/bcntechserv.com\\\/#\\\/schema\\\/logo\\\/image\\\/\"},\"sameAs\":[\"https:\\\/\\\/www.linkedin.com\\\/company\\\/bcntechnicalservices\"]}]}<\/script>\n<!-- \/ Yoast SEO plugin. -->","yoast_head_json":{"title":"C\u00f3mo solicitar una cotizaci\u00f3n en l\u00ednea | ANDRITZ BCN, Inc.","description":"Agregar piezas a su cotizaci\u00f3n y inicie sesi\u00f3n para ver cotizaciones anteriores con el nuevo sistema de pedidos en l\u00ednea de BCN.","robots":{"index":"index","follow":"follow","max-snippet":"max-snippet:-1","max-image-preview":"max-image-preview:large","max-video-preview":"max-video-preview:-1"},"canonical":"https:\/\/bcntechserv.com\/es\/como-solicitar-una-cotizacion-en-linea\/","og_locale":"es_ES","og_type":"article","og_title":"C\u00f3mo solicitar una cotizaci\u00f3n en l\u00ednea | ANDRITZ BCN, Inc.","og_description":"Agregar piezas a su cotizaci\u00f3n y inicie sesi\u00f3n para ver cotizaciones anteriores con el nuevo sistema de pedidos en l\u00ednea de BCN.","og_url":"https:\/\/bcntechserv.com\/es\/como-solicitar-una-cotizacion-en-linea\/","og_site_name":"ANDRITZ BCN, Inc.","article_modified_time":"2022-06-15T15:00:24+00:00","og_image":[{"url":"https:\/\/bcntechserv.com\/wp-content\/uploads\/2022\/05\/my-account-1024x834.jpg","type":"","width":"","height":""}],"twitter_card":"summary_large_image","twitter_misc":{"Tiempo de lectura":"1 minuto"},"schema":{"@context":"https:\/\/schema.org","@graph":[{"@type":"WebPage","@id":"https:\/\/bcntechserv.com\/es\/como-solicitar-una-cotizacion-en-linea\/","url":"https:\/\/bcntechserv.com\/es\/como-solicitar-una-cotizacion-en-linea\/","name":"C\u00f3mo solicitar una cotizaci\u00f3n en l\u00ednea | ANDRITZ BCN, Inc.","isPartOf":{"@id":"https:\/\/bcntechserv.com\/#website"},"primaryImageOfPage":{"@id":"https:\/\/bcntechserv.com\/es\/como-solicitar-una-cotizacion-en-linea\/#primaryimage"},"image":{"@id":"https:\/\/bcntechserv.com\/es\/como-solicitar-una-cotizacion-en-linea\/#primaryimage"},"thumbnailUrl":"https:\/\/bcntechserv.com\/wp-content\/uploads\/2022\/05\/my-account-1024x834.jpg","datePublished":"2022-05-27T20:09:44+00:00","dateModified":"2022-06-15T15:00:24+00:00","description":"Agregar piezas a su cotizaci\u00f3n y inicie sesi\u00f3n para ver cotizaciones anteriores con el nuevo sistema de pedidos en l\u00ednea de BCN.","breadcrumb":{"@id":"https:\/\/bcntechserv.com\/es\/como-solicitar-una-cotizacion-en-linea\/#breadcrumb"},"inLanguage":"es","potentialAction":[{"@type":"ReadAction","target":["https:\/\/bcntechserv.com\/es\/como-solicitar-una-cotizacion-en-linea\/"]}]},{"@type":"ImageObject","inLanguage":"es","@id":"https:\/\/bcntechserv.com\/es\/como-solicitar-una-cotizacion-en-linea\/#primaryimage","url":"https:\/\/bcntechserv.com\/wp-content\/uploads\/2022\/05\/my-account-1024x834.jpg","contentUrl":"https:\/\/bcntechserv.com\/wp-content\/uploads\/2022\/05\/my-account-1024x834.jpg"},{"@type":"BreadcrumbList","@id":"https:\/\/bcntechserv.com\/es\/como-solicitar-una-cotizacion-en-linea\/#breadcrumb","itemListElement":[{"@type":"ListItem","position":1,"name":"Home","item":"https:\/\/bcntechserv.com\/es\/"},{"@type":"ListItem","position":2,"name":"C\u00f3mo solicitar una cotizaci\u00f3n en l\u00ednea"}]},{"@type":"WebSite","@id":"https:\/\/bcntechserv.com\/#website","url":"https:\/\/bcntechserv.com\/","name":"ANDRITZ BCN, Inc.","description":"","publisher":{"@id":"https:\/\/bcntechserv.com\/#organization"},"potentialAction":[{"@type":"SearchAction","target":{"@type":"EntryPoint","urlTemplate":"https:\/\/bcntechserv.com\/?s={search_term_string}"},"query-input":{"@type":"PropertyValueSpecification","valueRequired":true,"valueName":"search_term_string"}}],"inLanguage":"es"},{"@type":"Organization","@id":"https:\/\/bcntechserv.com\/#organization","name":"ANDRITZ BCN, Inc.","url":"https:\/\/bcntechserv.com\/","logo":{"@type":"ImageObject","inLanguage":"es","@id":"https:\/\/bcntechserv.com\/#\/schema\/logo\/image\/","url":"https:\/\/bcntechserv.com\/wp-content\/uploads\/2025\/07\/andritz-1.svg","contentUrl":"https:\/\/bcntechserv.com\/wp-content\/uploads\/2025\/07\/andritz-1.svg","width":1,"height":1,"caption":"ANDRITZ BCN, Inc."},"image":{"@id":"https:\/\/bcntechserv.com\/#\/schema\/logo\/image\/"},"sameAs":["https:\/\/www.linkedin.com\/company\/bcntechnicalservices"]}]}},"_links":{"self":[{"href":"https:\/\/bcntechserv.com\/es\/wp-json\/wp\/v2\/pages\/5670","targetHints":{"allow":["GET"]}}],"collection":[{"href":"https:\/\/bcntechserv.com\/es\/wp-json\/wp\/v2\/pages"}],"about":[{"href":"https:\/\/bcntechserv.com\/es\/wp-json\/wp\/v2\/types\/page"}],"author":[{"embeddable":true,"href":"https:\/\/bcntechserv.com\/es\/wp-json\/wp\/v2\/users\/1"}],"replies":[{"embeddable":true,"href":"https:\/\/bcntechserv.com\/es\/wp-json\/wp\/v2\/comments?post=5670"}],"version-history":[{"count":0,"href":"https:\/\/bcntechserv.com\/es\/wp-json\/wp\/v2\/pages\/5670\/revisions"}],"wp:attachment":[{"href":"https:\/\/bcntechserv.com\/es\/wp-json\/wp\/v2\/media?parent=5670"}],"curies":[{"name":"wp","href":"https:\/\/api.w.org\/{rel}","templated":true}]}}