{"id":6156,"date":"2022-06-08T14:15:40","date_gmt":"2022-06-08T14:15:40","guid":{"rendered":"https:\/\/bcntechserv.com\/privacy-policy\/"},"modified":"2022-06-08T14:29:26","modified_gmt":"2022-06-08T14:29:26","slug":"privacy-policy","status":"publish","type":"page","link":"https:\/\/bcntechserv.com\/es\/privacy-policy\/","title":{"rendered":"Privacy Policy"},"content":{"rendered":"\n<h1>\n\t\tPol\u00edtica de privacidad\n\t<\/h1>\n\t<p>Proteger su informaci\u00f3n privada es importante para nosotros. Esta Declaraci\u00f3n de Privacidad se aplica a BCN TECHNICAL SERVICES, INC. y www.bcntechserv.com y rige la recopilaci\u00f3n y el uso de datos. A los efectos de esta Pol\u00edtica de privacidad, a menos que se indique lo contrario, todas las referencias a BCN TECHNICAL SERVICES, INC. incluyen www.bcntechserv.com. Al utilizar el sitio web de BCN TECHNICAL SERVICES, INC., usted acepta las pr\u00e1cticas de BCN TECHNICAL SERVICES, INC. descritas en esta declaraci\u00f3n.<\/p>\n<p><strong>RECOGIDA DE SUS DATOS PERSONALES<\/strong><\/p>\n<p>No recopilamos ninguna informaci\u00f3n personal sobre usted a menos que nos la proporcione voluntariamente. Sin embargo, es posible que deba proporcionarnos cierta informaci\u00f3n personal cuando elija usar ciertos productos o servicios disponibles en el Sitio. Esto puede incluir: (a) registrarse para obtener una cuenta en nuestro Sitio; (b) participar en un sorteo o concurso patrocinado por nosotros o uno de nuestros socios; (c) suscribirse a ofertas especiales de terceros seleccionados; (d) envi\u00e1ndonos un mensaje de correo electr\u00f3nico; (e) enviar su tarjeta de cr\u00e9dito u otra informaci\u00f3n de pago al ordenar y comprar productos y servicios en nuestro Sitio. Usaremos su informaci\u00f3n para, entre otros, comunicarnos con usted en relaci\u00f3n con los servicios y\/o productos que nos ha solicitado. Tambi\u00e9n podemos recopilar informaci\u00f3n demogr\u00e1fica an\u00f3nima que no es exclusiva de usted e informaci\u00f3n personal o no personal adicional en el futuro.<\/p>\n<p><strong>USO DE SU INFORMACI\u00d3N PERSONAL<\/strong><\/p>\n<p>BCN TECHNICAL SERVICES, INC. recopila y utiliza su informaci\u00f3n personal para operar su sitio web y brindar los servicios que ha solicitado. BCN TECHNICAL SERVICES, INC. tambi\u00e9n puede usar la informaci\u00f3n de su identificaci\u00f3n personal para informarlo acerca de otros productos o servicios disponibles en BCN TECHNICAL SERVICES, INC. y sus afiliados.<\/p>\n<p><strong>COMPARTIR INFORMACI\u00d3N CON TERCEROS<\/strong><\/p>\n<p>BCN TECHNICAL SERVICES, INC.no tiene que vender, alquilar o ceder sus listas de clientes a terceros. Espor\u00e1dicamente BCN TECHNICAL SERVICES, INC. puede contactarlo de parte de socios de negocios externos para ofrecerle alguna oferta particular que pueda ser de su inter\u00e9s. En esos casos, su informaci\u00f3n \u00fanica de identificaci\u00f3n personal (correo electr\u00f3nico, nombre, direcci\u00f3n, n\u00famero de tel\u00e9fono) puede transferirse a un tercero. BCN TECHNICAL SERVICES, INC. puede compartir datos con socios de confianza para ayudar a realizar an\u00e1lisis estad\u00edsticos, enviarle correos electr\u00f3nicos o postales, brindar atenci\u00f3n al cliente u organizar entregas. Todos estos terceros tienen prohibido el uso de su informaci\u00f3n personal, excepto para proporcionar estos servicios a BCN TECHNICAL SERVICES, INC., y est\u00e1n obligados a mantener la confidencialidad de su informaci\u00f3n. BCN TECHNICAL SERVICES, INC. puede divulgar su informaci\u00f3n personal, sin previo aviso, si as\u00ed lo requiere la ley o si cree de buena fe que dicha acci\u00f3n es necesaria para:<\/p>\n<p>(a) cumplir con los edictos de la ley o cumplir con el proceso legal notificado a BCN TECHNICAL SERVICES, INC. o el sitio;<\/p>\n<p>(b) proteger y defender los derechos o propiedad de BCN TECHNICAL SERVICES, INC.; y\/o<\/p>\n<p>(c) actuar bajo circunstancias exigentes para proteger la seguridad personal de los usuarios de www.bcntechserv.com, o del p\u00fablico.<\/p>\n<p><strong>TRACKING USER BEHAVIOR<\/strong><\/p>\n<p>BCN TECHNICAL SERVICES, INC. puede realizar un seguimiento de los sitios web y las p\u00e1ginas que visitan nuestros usuarios dentro de www.bcntechserv.com, con el fin de determinar qu\u00e9 servicios de BCN TECHNICAL SERVICES, INC. son m\u00e1s populares. Estos datos se utilizan para ofrecer contenido y publicidad personalizados a los clientes cuyo comportamiento indica que est\u00e1n interesados \u200b\u200ben un tema en particular.<\/p>\n<p><strong>INFORMACI\u00d3N RECOGIDA AUTOM\u00c1TICAMENTE<\/strong><\/p>\n<p>BCN TECHNICAL SERVICES, INC. puede recopilar autom\u00e1ticamente informaci\u00f3n sobre el hardware y el software de su computadora. Esta informaci\u00f3n puede incluir: su direcci\u00f3n IP, tipo de navegador, nombres de dominio, tiempos de acceso y direcciones de sitios web de referencia. La informaci\u00f3n se utiliza para la operaci\u00f3n del servicio, para mantener la calidad del servicio prestado y para brindar estad\u00edsticas generales acerca del uso del sitio web de BCN TECHNICAL SERVICES, INC.<\/p>\n<p><strong>NI\u00d1OS MENORES DE TRECE<\/strong><\/p>\n<p>BCN TECHNICAL SERVICES, INC. no recopila a sabiendas informaci\u00f3n de identificaci\u00f3n personal de ni\u00f1os menores de trece a\u00f1os. Si tiene menos de trece a\u00f1os, debe pedir permiso a sus padres o tutores para usar este sitio web.<\/p>\n<p><strong>EXCLUIRSE Y SUSCRIBIRSE A LAS COMUNICACIONES DE TERCEROS<\/strong><\/p>\n<p>Respetamos su derecho a la privacidad y le damos la oportunidad de optar por no recibir anuncios de cierta informaci\u00f3n. Los usuarios pueden optar por no recibir anuncios de cierta informaci\u00f3n. Los usuarios pueden optar por no recibir ninguna o todas las comunicaciones de socios externos de BCN TECHNICAL SERVICES, INC. poni\u00e9ndose en contacto con nosotros aqu\u00ed:<\/p>\nP\u00e1gina web: <a href=\"https:\/\/bcntechserv.com\">bcntechserv.com<\/a><br \/>\nEmail: <a href=\"mailto:info@bcntechserv.com\">info@bcntechserv.com<\/a><br \/>\nTel\u00e9fono: 1 (269) 948-3300\n<p><strong>CAMBIOS A ESTA DECLARACI\u00d3N<\/strong><\/p>\n<p>BCN TECHNICAL SERVICES, INC. se reserva el derecho de cambiar esta Pol\u00edtica de Privacidad de vez en cuando. Le notificaremos sobre cambios significativos en la forma en que tratamos la informaci\u00f3n personal enviando un aviso a la direcci\u00f3n de correo electr\u00f3nico principal especificada en su cuenta, colocando un aviso destacado en nuestro sitio y\/o actualizando cualquier informaci\u00f3n de privacidad en esta p\u00e1gina. Su uso continuado del Sitio y\/o los Servicios disponibles a trav\u00e9s de este sitio despu\u00e9s de dichas modificaciones lo constituir\u00e1:<\/p>\n<p>(a) reconocimiento de la Pol\u00edtica de privacidad modificada; y<\/p>\n<p>(b) acuerdo de cumplir y estar sujeto a esa Pol\u00edtica.<\/p>\n<p><strong>INFORMACI\u00d3N DEL CONTACTO:<\/strong><\/p>\n<p>BCN TECHNICAL SERVICES, INC. da la bienvenida a sus preguntas o comentarios con respecto a esta Declaraci\u00f3n de Privacidad. Si cree que BCN TECHNICAL SERVICES, INC. no se ha adherido a esta Declaraci\u00f3n, comun\u00edquese con BCN TECHNICAL SERVICES, INC. a:<\/p>\nP\u00e1gina web: <a href=\"https:\/\/bcntechserv.com\">bcntechserv.com<\/a><br \/>\nEmail: <a href=\"mailto:info@bcntechserv.com\">info@bcntechserv.com<\/a><br \/>\nTel\u00e9fono: 1 (269) 948-3300\n<p>Revisado 1 de octubre de 2020<\/p>\n\n","protected":false},"excerpt":{"rendered":"<p>Pol\u00edtica de privacidad Proteger su informaci\u00f3n privada es importante para nosotros. Esta Declaraci\u00f3n de Privacidad se aplica a BCN TECHNICAL SERVICES, INC. y www.bcntechserv.com y rige la recopilaci\u00f3n y el uso de datos. A los efectos de esta Pol\u00edtica de privacidad, a menos que se indique lo contrario, todas las referencias a BCN TECHNICAL SERVICES,&hellip;<\/p>\n","protected":false},"author":1,"featured_media":0,"parent":0,"menu_order":0,"comment_status":"closed","ping_status":"closed","template":"","meta":{"_acf_changed":false,"om_disable_all_campaigns":false,"_monsterinsights_skip_tracking":false,"_monsterinsights_sitenote_active":false,"_monsterinsights_sitenote_note":"","_monsterinsights_sitenote_category":0,"footnotes":""},"class_list":["post-6156","page","type-page","status-publish","hentry"],"acf":[],"_links":{"self":[{"href":"https:\/\/bcntechserv.com\/es\/wp-json\/wp\/v2\/pages\/6156","targetHints":{"allow":["GET"]}}],"collection":[{"href":"https:\/\/bcntechserv.com\/es\/wp-json\/wp\/v2\/pages"}],"about":[{"href":"https:\/\/bcntechserv.com\/es\/wp-json\/wp\/v2\/types\/page"}],"author":[{"embeddable":true,"href":"https:\/\/bcntechserv.com\/es\/wp-json\/wp\/v2\/users\/1"}],"replies":[{"embeddable":true,"href":"https:\/\/bcntechserv.com\/es\/wp-json\/wp\/v2\/comments?post=6156"}],"version-history":[{"count":0,"href":"https:\/\/bcntechserv.com\/es\/wp-json\/wp\/v2\/pages\/6156\/revisions"}],"wp:attachment":[{"href":"https:\/\/bcntechserv.com\/es\/wp-json\/wp\/v2\/media?parent=6156"}],"curies":[{"name":"wp","href":"https:\/\/api.w.org\/{rel}","templated":true}]}}